{"id":2457933,"date":"2025-08-15T01:46:45","date_gmt":"2025-08-14T23:46:45","guid":{"rendered":"https:\/\/streetmarkets.fr\/app\/produit\/tanga-noir-dentelle\/"},"modified":"2025-08-17T01:45:03","modified_gmt":"2025-08-16T23:45:03","slug":"tanga-noir-dentelle","status":"publish","type":"product","link":"https:\/\/streetmarkets.fr\/app\/produit\/tanga-noir-dentelle\/","title":{"rendered":"Tanga Noir Dentelle"},"content":{"rendered":"<p>Culotte bloomer imprim\u00e9 v\u00e9g\u00e9tal rose et rouge. Coton biologique GOTS et \u00e9lasthanne. Style r\u00e9tro et frais. Fabrication portugaise. Label oeko-tex.<\/p>\n<p>Alerte tanga confortable et invisible! Voil\u00e0 le tanga parfait pour tous les jours, couvrant mais pas trop, joli et confortable \ud83d\ude42<\/p>\n<ul>\n<li>Tanga noir avec dentelle<\/li>\n<li>Finition dentelle plate: la peau n&#8217;est pas serr\u00e9e<\/li>\n<li>Ni trop haute ni trop basse, le ventre n&#8217;est pas coup\u00e9<\/li>\n<li>Dos en V, les fesses sont bomb\u00e9es visuellement<\/li>\n<li>Mati\u00e8re toute douce<\/li>\n<\/ul>\n<p><strong><em>Composition<\/em>:<\/strong><\/p>\n<ul>\n<li>95 % coton biologique<\/li>\n<li>5% \u00e9lasthanne<\/li>\n<\/ul>\n<p><em><strong>Fabrication<\/strong><\/em>:<\/p>\n<ul>\n<li>Fabriqu\u00e9e \u00e9thiquement au Portugal<\/li>\n<\/ul>\n<p><em><strong>Label(s)<\/strong><\/em>:\u00a0<\/p>\n<ul>\n<li style=\"text-align:left\">Standard 100 by Oeko-tex<\/li>\n<li style=\"text-align:left\"><strong>Global Organic Textil Standard (GOTS)<\/strong><\/li>\n<\/ul>\n<p><em><strong>Conseil taille<\/strong><\/em>: ce mod\u00e8le taille un peu petit, prenez une taille au dessus de votre taille habituelle. La taille XS correspond \u00e0 un 32-34, S \u00e0 un 34-36, M \u00e0 un 36-38, L \u00e0 un 38-40 et XL correspond \u00e0 un 40-42.<\/p>\n<p><strong><em>Entretien<\/em><\/strong>: lavez \u00e0 30\u00b0C en machine.<\/p>\n","protected":false},"excerpt":{"rendered":"<p>Culotte bloomer imprim\u00e9 v\u00e9g\u00e9tal rose et rouge. Coton biologique GOTS et \u00e9lasthanne. Style r\u00e9tro et frais. Fabrication portugaise. Label oeko-tex. Alerte tanga confortable et invisible! Voil\u00e0 le tanga parfait pour tous les jours, couvrant mais pas trop, joli et confortable \ud83d\ude42 Tanga noir avec dentelle Finition dentelle plate: la peau n&#8217;est pas serr\u00e9e Ni trop [&hellip;]<\/p>\n","protected":false},"featured_media":2457934,"comment_status":"open","ping_status":"closed","template":"","meta":[],"product_brand":[],"product_cat":[1756,1762],"product_tag":[1810],"acf":[],"_links":{"self":[{"href":"https:\/\/streetmarkets.fr\/app\/wp-json\/wp\/v2\/product\/2457933"}],"collection":[{"href":"https:\/\/streetmarkets.fr\/app\/wp-json\/wp\/v2\/product"}],"about":[{"href":"https:\/\/streetmarkets.fr\/app\/wp-json\/wp\/v2\/types\/product"}],"replies":[{"embeddable":true,"href":"https:\/\/streetmarkets.fr\/app\/wp-json\/wp\/v2\/comments?post=2457933"}],"wp:featuredmedia":[{"embeddable":true,"href":"https:\/\/streetmarkets.fr\/app\/wp-json\/wp\/v2\/media\/2457934"}],"wp:attachment":[{"href":"https:\/\/streetmarkets.fr\/app\/wp-json\/wp\/v2\/media?parent=2457933"}],"wp:term":[{"taxonomy":"product_brand","embeddable":true,"href":"https:\/\/streetmarkets.fr\/app\/wp-json\/wp\/v2\/product_brand?post=2457933"},{"taxonomy":"product_cat","embeddable":true,"href":"https:\/\/streetmarkets.fr\/app\/wp-json\/wp\/v2\/product_cat?post=2457933"},{"taxonomy":"product_tag","embeddable":true,"href":"https:\/\/streetmarkets.fr\/app\/wp-json\/wp\/v2\/product_tag?post=2457933"}],"curies":[{"name":"wp","href":"https:\/\/api.w.org\/{rel}","templated":true}]}}