{"id":2457899,"date":"2025-08-15T01:46:42","date_gmt":"2025-08-14T23:46:42","guid":{"rendered":"https:\/\/streetmarkets.fr\/app\/produit\/veste-polaire-kaki-unisexe\/"},"modified":"2025-08-17T01:45:02","modified_gmt":"2025-08-16T23:45:02","slug":"veste-polaire-kaki-unisexe","status":"publish","type":"product","link":"https:\/\/streetmarkets.fr\/app\/produit\/veste-polaire-kaki-unisexe\/","title":{"rendered":"Veste Polaire Kaki Unisexe"},"content":{"rendered":"<p>Veste polaire zipp\u00e9e unisexe kaki. 100% polyester recycl\u00e9 \/ rPET. Il faut 22 bouteilles en plastique pour fabriquer cette polaire. GRS, commerce \u00e9quitable.<\/p>\n<p>Une veste polaire beige kaki toute douce et chaude, r\u00e9confortante gr\u00e2ce \u00e0 son col montant et sa texture bouclette. Le petit plus : le cordon au niveau de la taille permet de raccourcir la polaire pour lui donner une forme plus &#8220;crop&#8221; et courte.<strong><\/strong><\/p>\n<p>Best-seller Coco Friendly !<\/p>\n<ul>\n<li>Veste polaire beige kaki \u00e0 la coupe droite<\/li>\n<li>Mod\u00e8le unisexe, convient \u00e0 toutes les morphologies<\/li>\n<li>Col montant<\/li>\n<li>Polaire \u00e9pais &#8220;bouclette&#8221;<\/li>\n<li>L\u00e9ger et chaud, tissu de 260g\/m2<\/li>\n<li>Fermeture zipp\u00e9e<\/li>\n<li>Trois poches zipp\u00e9es<\/li>\n<li>Cordons de serrage sur le bas<br \/><strong><\/strong><\/li>\n<\/ul>\n<p><strong><em>Composition<\/em>:<\/strong><\/p>\n<ul>\n<li>100 % polyester recycl\u00e9 \/ rPET, il faut l&#8217;\u00e9quivalent de 22 bouteilles d&#8217;eau pour fabriquer cette veste polaire !<\/li>\n<li>Ce polyester recycl\u00e9 est lab\u00e9lis\u00e9 GRS<\/li>\n<li>L&#8217;utilisation de polyester recycl\u00e9 permet d\u2019\u00e9conomiser l\u2019\u00e9nergie et les ressources n\u00e9cessaires \u00e0 la fabrication de polyester neuf.<\/li>\n<\/ul>\n<p><em><strong>Fabrication<\/strong><\/em>:<\/p>\n<ul>\n<li>Fabriqu\u00e9 en Chine -dans un principe de commerce \u00e9quitable-, \u00e0 Zhejiang, la r\u00e9gion sp\u00e9cialis\u00e9e dans les v\u00eatements d\u2019ext\u00e9rieur<\/li>\n<\/ul>\n<p><em><strong>Label(s)<\/strong><\/em>:\u00a0<\/p>\n<ul>\n<li style=\"text-align:left\"><strong>GRS (Global Recycled Standard)<\/strong>, norme comprenant des crit\u00e8res \u00e9cologiques et sociaux sur toutes les \u00e9tapes de la production, de la fibre au v\u00eatement fini. Ce label certifie \u00e9galement que le v\u00eatement doit \u00eatre compos\u00e9 au moins \u00e0 50% de fibres recycl\u00e9es.<\/li>\n<li style=\"text-align:left\"><strong>BSCI<\/strong>, cette organisation a pour engagement la protection des droits des travailleurs et l&#8217;am\u00e9lioration de leur condition de travail.<\/li>\n<li style=\"text-align:left\"><strong>Oeko-tex<\/strong>, label qui garantit l&#8217;absence de produits chimiques toxiques et non-nocifs pour les humains et l&#8217;environnement<span style=\"font-family:Arial;font-size:19px;background-color:#fffdf6\"><\/span><\/li>\n<\/ul>\n<p><em><strong>Conseil taille<\/strong><\/em>: ce mod\u00e8le taille normalement, prenez votre taille habituelle. Le mannequin mesure 1m80 et porte la taille M. La mannequin mesure 1m78 et porte la taille S.<\/p>\n<p><strong><em>Entretien<\/em><\/strong>: fermez tous les zips et lavez \u00e0 30\u00b0C en machine.<\/p>\n","protected":false},"excerpt":{"rendered":"<p>Veste polaire zipp\u00e9e unisexe kaki. 100% polyester recycl\u00e9 \/ rPET. Il faut 22 bouteilles en plastique pour fabriquer cette polaire. GRS, commerce \u00e9quitable. Une veste polaire beige kaki toute douce et chaude, r\u00e9confortante gr\u00e2ce \u00e0 son col montant et sa texture bouclette. Le petit plus : le cordon au niveau de la taille permet de [&hellip;]<\/p>\n","protected":false},"featured_media":2457900,"comment_status":"open","ping_status":"closed","template":"","meta":[],"product_brand":[],"product_cat":[1756,1762],"product_tag":[1810],"acf":[],"_links":{"self":[{"href":"https:\/\/streetmarkets.fr\/app\/wp-json\/wp\/v2\/product\/2457899"}],"collection":[{"href":"https:\/\/streetmarkets.fr\/app\/wp-json\/wp\/v2\/product"}],"about":[{"href":"https:\/\/streetmarkets.fr\/app\/wp-json\/wp\/v2\/types\/product"}],"replies":[{"embeddable":true,"href":"https:\/\/streetmarkets.fr\/app\/wp-json\/wp\/v2\/comments?post=2457899"}],"wp:featuredmedia":[{"embeddable":true,"href":"https:\/\/streetmarkets.fr\/app\/wp-json\/wp\/v2\/media\/2457900"}],"wp:attachment":[{"href":"https:\/\/streetmarkets.fr\/app\/wp-json\/wp\/v2\/media?parent=2457899"}],"wp:term":[{"taxonomy":"product_brand","embeddable":true,"href":"https:\/\/streetmarkets.fr\/app\/wp-json\/wp\/v2\/product_brand?post=2457899"},{"taxonomy":"product_cat","embeddable":true,"href":"https:\/\/streetmarkets.fr\/app\/wp-json\/wp\/v2\/product_cat?post=2457899"},{"taxonomy":"product_tag","embeddable":true,"href":"https:\/\/streetmarkets.fr\/app\/wp-json\/wp\/v2\/product_tag?post=2457899"}],"curies":[{"name":"wp","href":"https:\/\/api.w.org\/{rel}","templated":true}]}}