{"id":2457892,"date":"2025-08-15T01:46:41","date_gmt":"2025-08-14T23:46:41","guid":{"rendered":"https:\/\/streetmarkets.fr\/app\/produit\/culotte-bloomer-leopard\/"},"modified":"2025-08-17T01:45:02","modified_gmt":"2025-08-16T23:45:02","slug":"culotte-bloomer-leopard","status":"publish","type":"product","link":"https:\/\/streetmarkets.fr\/app\/produit\/culotte-bloomer-leopard\/","title":{"rendered":"Culotte Bloomer L\u00e9opard"},"content":{"rendered":"<p>Culotte bloomer motif l\u00e9opard. Coton biologique GOTS et \u00e9lasthanne. Style r\u00e9tro et frais. Fabrication portugaise. Label oeko-tex.<\/p>\n<p>Alerte culotte trop mignonne! Voil\u00e0 le bloomer l\u00e9opard avec son look retro, fun et frais. Ultra confortable, cette culotte \u00e0 la coupe ni trop haute, ni trop basse sera votre alli\u00e9e de tous les jours.<\/p>\n<ul>\n<li>Culotte forme bloomer<\/li>\n<li>Motifs l\u00e9opard<\/li>\n<li>Ni trop haute ni trop basse, le ventre n&#8217;est pas coup\u00e9<\/li>\n<li>Elastique fronc\u00e9 pour donner tout le volume<\/li>\n<li>Mati\u00e8re toute douce<\/li>\n<\/ul>\n<p><span style=\"text-align:justify\"><\/span><\/p>\n<p><strong><em>Composition<\/em>:<\/strong><\/p>\n<ul>\n<li>95 % coton biologique<\/li>\n<li>5% \u00e9lasthanne<\/li>\n<\/ul>\n<p><em><strong>Fabrication<\/strong><\/em>:<\/p>\n<ul>\n<li>Fabriqu\u00e9e \u00e9thiquement au Portugal<\/li>\n<\/ul>\n<p><em><strong>Label(s)<\/strong><\/em>:\u00a0<\/p>\n<ul>\n<li style=\"text-align:left\">Standard 100 by Oeko-tex<\/li>\n<li style=\"text-align:left\"><strong>Global Organic Textil Standard (GOTS)<\/strong><\/li>\n<\/ul>\n<p><em><strong>Conseil taille<\/strong><\/em>: ce mod\u00e8le taille normalement, prenez votre taille habituelle. La taille XS correspond \u00e0 un 34-36, S \u00e0 un 36-38, M \u00e0 un 38-40, L \u00e0 un 40-42 et XL correspond \u00e0 un 42-44<\/p>\n<p><strong><em>Entretien<\/em><\/strong>: lavez \u00e0 30\u00b0C en machine.<\/p>\n","protected":false},"excerpt":{"rendered":"<p>Culotte bloomer motif l\u00e9opard. Coton biologique GOTS et \u00e9lasthanne. Style r\u00e9tro et frais. Fabrication portugaise. Label oeko-tex. Alerte culotte trop mignonne! Voil\u00e0 le bloomer l\u00e9opard avec son look retro, fun et frais. Ultra confortable, cette culotte \u00e0 la coupe ni trop haute, ni trop basse sera votre alli\u00e9e de tous les jours. Culotte forme bloomer [&hellip;]<\/p>\n","protected":false},"featured_media":2457893,"comment_status":"open","ping_status":"closed","template":"","meta":[],"product_brand":[],"product_cat":[1756,1762],"product_tag":[1810],"acf":[],"_links":{"self":[{"href":"https:\/\/streetmarkets.fr\/app\/wp-json\/wp\/v2\/product\/2457892"}],"collection":[{"href":"https:\/\/streetmarkets.fr\/app\/wp-json\/wp\/v2\/product"}],"about":[{"href":"https:\/\/streetmarkets.fr\/app\/wp-json\/wp\/v2\/types\/product"}],"replies":[{"embeddable":true,"href":"https:\/\/streetmarkets.fr\/app\/wp-json\/wp\/v2\/comments?post=2457892"}],"wp:featuredmedia":[{"embeddable":true,"href":"https:\/\/streetmarkets.fr\/app\/wp-json\/wp\/v2\/media\/2457893"}],"wp:attachment":[{"href":"https:\/\/streetmarkets.fr\/app\/wp-json\/wp\/v2\/media?parent=2457892"}],"wp:term":[{"taxonomy":"product_brand","embeddable":true,"href":"https:\/\/streetmarkets.fr\/app\/wp-json\/wp\/v2\/product_brand?post=2457892"},{"taxonomy":"product_cat","embeddable":true,"href":"https:\/\/streetmarkets.fr\/app\/wp-json\/wp\/v2\/product_cat?post=2457892"},{"taxonomy":"product_tag","embeddable":true,"href":"https:\/\/streetmarkets.fr\/app\/wp-json\/wp\/v2\/product_tag?post=2457892"}],"curies":[{"name":"wp","href":"https:\/\/api.w.org\/{rel}","templated":true}]}}