{"id":2457886,"date":"2025-08-15T01:46:40","date_gmt":"2025-08-14T23:46:40","guid":{"rendered":"https:\/\/streetmarkets.fr\/app\/produit\/pantalon-bleu-ilia-skfk\/"},"modified":"2025-08-17T01:45:02","modified_gmt":"2025-08-16T23:45:02","slug":"pantalon-bleu-ilia-skfk","status":"publish","type":"product","link":"https:\/\/streetmarkets.fr\/app\/produit\/pantalon-bleu-ilia-skfk\/","title":{"rendered":"Pantalon bleu Ilia SKFK"},"content":{"rendered":"<p>Coco Friendly vous propose ce pantalon l\u00e9ger et facile \u00e0 porter : l\u2019essentiel de vos journ\u00e9es !<\/p>\n<p>Coco Friendly vous propose ce pantalon l\u00e9ger et facile \u00e0 porter : l\u2019essentiel de vos journ\u00e9es !<\/p>\n<ul>\n<li>Pantalon taill\u00e9e aux chevilles<\/li>\n<li>Poches en biais<\/li>\n<li>Fermeture<\/li>\n<\/ul>\n<p><strong><em>Composition:<\/em><\/strong><strong><em><\/em><\/strong><\/p>\n<ul>\n<li>Mati\u00e8re principale : Viscose Ecovero.<\/li>\n<li>La viscose Ecovero est un nouveau tissu \u00e9co-responsable qui utilise des fibres de bois des for\u00eats.<\/li>\n<\/ul>\n<p><em><strong>Fabrication:\u00a0<\/strong><\/em><\/p>\n<ul>\n<li>Fabriqu\u00e9 \u00e9thiquement en Inde<\/li>\n<\/ul>\n<p><em><strong>Label(s):<\/strong><\/em><\/p>\n<ul>\n<li><strong><span style=\"font-family:'TWKLausannePan-300', sans-serif;font-size:14px;font-weight:400;background-color:#ffffff\">\u00a0<span style=\"font-family:Verdana, Arial, Helvetica, sans-serif;font-size:11px;background-color:#fafbfc\">Ecovero<\/span>\u2122\u00a0<\/span><\/strong>: La viscose Lenzing ECOVERO est issue d&#8217;arbres locaux, r\u00e9duisant ainsi les \u00e9missions de CO2.<\/li>\n<\/ul>\n<p><em><strong>Conseil taille:<\/strong>\u00a0<\/em>ce mod\u00e8le taille normalement.<\/p>\n<\/p>\n<p><strong><em>Entretien:<\/em><\/strong> lavez \u00e0 30\u00b0C en machine.<\/p>\n","protected":false},"excerpt":{"rendered":"<p>Coco Friendly vous propose ce pantalon l\u00e9ger et facile \u00e0 porter : l\u2019essentiel de vos journ\u00e9es ! Coco Friendly vous propose ce pantalon l\u00e9ger et facile \u00e0 porter : l\u2019essentiel de vos journ\u00e9es ! Pantalon taill\u00e9e aux chevilles Poches en biais Fermeture Composition: Mati\u00e8re principale : Viscose Ecovero. La viscose Ecovero est un nouveau tissu [&hellip;]<\/p>\n","protected":false},"featured_media":2457887,"comment_status":"open","ping_status":"closed","template":"","meta":[],"product_brand":[],"product_cat":[1756,1762],"product_tag":[1810],"acf":[],"_links":{"self":[{"href":"https:\/\/streetmarkets.fr\/app\/wp-json\/wp\/v2\/product\/2457886"}],"collection":[{"href":"https:\/\/streetmarkets.fr\/app\/wp-json\/wp\/v2\/product"}],"about":[{"href":"https:\/\/streetmarkets.fr\/app\/wp-json\/wp\/v2\/types\/product"}],"replies":[{"embeddable":true,"href":"https:\/\/streetmarkets.fr\/app\/wp-json\/wp\/v2\/comments?post=2457886"}],"wp:featuredmedia":[{"embeddable":true,"href":"https:\/\/streetmarkets.fr\/app\/wp-json\/wp\/v2\/media\/2457887"}],"wp:attachment":[{"href":"https:\/\/streetmarkets.fr\/app\/wp-json\/wp\/v2\/media?parent=2457886"}],"wp:term":[{"taxonomy":"product_brand","embeddable":true,"href":"https:\/\/streetmarkets.fr\/app\/wp-json\/wp\/v2\/product_brand?post=2457886"},{"taxonomy":"product_cat","embeddable":true,"href":"https:\/\/streetmarkets.fr\/app\/wp-json\/wp\/v2\/product_cat?post=2457886"},{"taxonomy":"product_tag","embeddable":true,"href":"https:\/\/streetmarkets.fr\/app\/wp-json\/wp\/v2\/product_tag?post=2457886"}],"curies":[{"name":"wp","href":"https:\/\/api.w.org\/{rel}","templated":true}]}}