{"id":2457868,"date":"2025-08-15T01:46:38","date_gmt":"2025-08-14T23:46:38","guid":{"rendered":"https:\/\/streetmarkets.fr\/app\/produit\/t-shirt-blanc-petits-soleils\/"},"modified":"2025-08-17T01:45:02","modified_gmt":"2025-08-16T23:45:02","slug":"t-shirt-blanc-petits-soleils","status":"publish","type":"product","link":"https:\/\/streetmarkets.fr\/app\/produit\/t-shirt-blanc-petits-soleils\/","title":{"rendered":"T-shirt blanc petits soleils"},"content":{"rendered":"<p>Un t-shirt id\u00e9al pour le printemps. Celui-ci est accompagn\u00e9 de jolis petits soleils rouges. On adore sa coupe <em>oversized<\/em> et son tissu doux et respirant 100% coton biologique.<\/p>\n<ul>\n<li style=\"text-align:justify\">Tee-shirt blanc accompagn\u00e9 de petits soleils rouges<\/li>\n<li style=\"text-align:justify\">Coupe <em>oversized<\/em><\/li>\n<li><span style=\"text-align:justify\">Col rond<\/span><\/li>\n<li>Manches courtes<\/li>\n<li>Jersey de coton biologique\u00a0<\/li>\n<\/ul>\n<p><span style=\"text-align:justify\"><\/span><\/p>\n<p><strong><em>Composition<\/em>:<\/strong><\/p>\n<ul>\n<li>100% coton biologique certifi\u00e9 GOTS<\/li>\n<li>Le coton biologique certifi\u00e9 GOTS contribue \u00e0 \u00e9conomiser de l\u2019eau, \u00e0 pr\u00e9server la sant\u00e9 des travailleurs ainsi que la biodiversit\u00e9, pour les g\u00e9n\u00e9rations \u00e0 venir.<\/li>\n<\/ul>\n<p><em><strong>Fabrication<\/strong><\/em>:<\/p>\n<ul>\n<li>Fabriqu\u00e9 \u00e9thiquement en Inde<\/li>\n<\/ul>\n<p><em><strong>Label(s)<\/strong><\/em>:\u00a0<\/p>\n<ul>\n<li style=\"text-align:left\"><strong>GOTS<\/strong>\u00a0(Global Organic Textile Standard) sur tout la cha\u00eene de production, de la culture du coton aux finitions.<\/li>\n<\/ul>\n<p><em><strong>Conseil taille<\/strong><\/em>: ce mod\u00e8le taille normalement. La mannequin mesure 1m80 et porte la taille S.<\/p>\n<p><strong><em>Entretien<\/em><\/strong>: lavez \u00e0 30\u00b0C en machine avec une action m\u00e9canique r\u00e9duite.<\/p>\n","protected":false},"excerpt":{"rendered":"<p>Un t-shirt id\u00e9al pour le printemps. Celui-ci est accompagn\u00e9 de jolis petits soleils rouges. On adore sa coupe oversized et son tissu doux et respirant 100% coton biologique. Tee-shirt blanc accompagn\u00e9 de petits soleils rouges Coupe oversized Col rond Manches courtes Jersey de coton biologique\u00a0 Composition: 100% coton biologique certifi\u00e9 GOTS Le coton biologique certifi\u00e9 [&hellip;]<\/p>\n","protected":false},"featured_media":2457869,"comment_status":"open","ping_status":"closed","template":"","meta":[],"product_brand":[],"product_cat":[1756,1762],"product_tag":[1810],"acf":[],"_links":{"self":[{"href":"https:\/\/streetmarkets.fr\/app\/wp-json\/wp\/v2\/product\/2457868"}],"collection":[{"href":"https:\/\/streetmarkets.fr\/app\/wp-json\/wp\/v2\/product"}],"about":[{"href":"https:\/\/streetmarkets.fr\/app\/wp-json\/wp\/v2\/types\/product"}],"replies":[{"embeddable":true,"href":"https:\/\/streetmarkets.fr\/app\/wp-json\/wp\/v2\/comments?post=2457868"}],"wp:featuredmedia":[{"embeddable":true,"href":"https:\/\/streetmarkets.fr\/app\/wp-json\/wp\/v2\/media\/2457869"}],"wp:attachment":[{"href":"https:\/\/streetmarkets.fr\/app\/wp-json\/wp\/v2\/media?parent=2457868"}],"wp:term":[{"taxonomy":"product_brand","embeddable":true,"href":"https:\/\/streetmarkets.fr\/app\/wp-json\/wp\/v2\/product_brand?post=2457868"},{"taxonomy":"product_cat","embeddable":true,"href":"https:\/\/streetmarkets.fr\/app\/wp-json\/wp\/v2\/product_cat?post=2457868"},{"taxonomy":"product_tag","embeddable":true,"href":"https:\/\/streetmarkets.fr\/app\/wp-json\/wp\/v2\/product_tag?post=2457868"}],"curies":[{"name":"wp","href":"https:\/\/api.w.org\/{rel}","templated":true}]}}