{"id":2457844,"date":"2025-08-15T01:46:34","date_gmt":"2025-08-14T23:46:34","guid":{"rendered":"https:\/\/streetmarkets.fr\/app\/produit\/t-shirt-here-comes-the-sol\/"},"modified":"2025-08-17T01:45:01","modified_gmt":"2025-08-16T23:45:01","slug":"t-shirt-here-comes-the-sol","status":"publish","type":"product","link":"https:\/\/streetmarkets.fr\/app\/produit\/t-shirt-here-comes-the-sol\/","title":{"rendered":"T-shirt Here Comes The Sol"},"content":{"rendered":"<p>Coco Friendly vous propose ce magnifique t-shirt intitul\u00e9 &#8220;Here Comes The Sol&#8221;. Id\u00e9al \u00e0 porter durant ces belles journ\u00e9es ensoleill\u00e9es. On adore son tissu doux et respirant 100% coton biologique.<\/p>\n<ul>\n<li style=\"text-align:justify\">Tee-shirt blanc &#8220;Here Comes The Sol&#8221;<\/li>\n<li style=\"text-align:justify\">Manches courtes<\/li>\n<li style=\"text-align:justify\">Coupe r\u00e9guli\u00e8re<\/li>\n<li>Jersey de coton biologique\u00a0<\/li>\n<\/ul>\n<p><strong><em>Composition<\/em>:<\/strong><\/p>\n<ul>\n<li>100% coton biologique certifi\u00e9 GOTS<\/li>\n<li>Le coton biologique certifi\u00e9 GOTS contribue \u00e0 \u00e9conomiser de l\u2019eau, \u00e0 pr\u00e9server la sant\u00e9 des travailleurs ainsi que la biodiversit\u00e9, pour les g\u00e9n\u00e9rations \u00e0 venir.<\/li>\n<\/ul>\n<p><em><strong>Fabrication<\/strong><\/em>:<\/p>\n<ul>\n<li>Fabriqu\u00e9 \u00e9thiquement en Inde<\/li>\n<\/ul>\n<p><em><strong>Label(s)<\/strong><\/em>:\u00a0<\/p>\n<ul>\n<li style=\"text-align:left\"><strong>GOTS<\/strong>\u00a0(Global Organic Textile Standard) sur tout la cha\u00eene de production, de la culture du coton aux finitions.<\/li>\n<\/ul>\n<p><em><strong>Conseil taille<\/strong><\/em>: ce mod\u00e8le taille normalement. La mannequin mesure 1m87 et porte la taille S.<\/p>\n<p><strong><em>Entretien<\/em><\/strong>: lavez \u00e0 30\u00b0C en machine sur l&#8217;envers avec cycle doux.<\/p>\n","protected":false},"excerpt":{"rendered":"<p>Coco Friendly vous propose ce magnifique t-shirt intitul\u00e9 &#8220;Here Comes The Sol&#8221;. Id\u00e9al \u00e0 porter durant ces belles journ\u00e9es ensoleill\u00e9es. On adore son tissu doux et respirant 100% coton biologique. Tee-shirt blanc &#8220;Here Comes The Sol&#8221; Manches courtes Coupe r\u00e9guli\u00e8re Jersey de coton biologique\u00a0 Composition: 100% coton biologique certifi\u00e9 GOTS Le coton biologique certifi\u00e9 GOTS [&hellip;]<\/p>\n","protected":false},"featured_media":2457845,"comment_status":"open","ping_status":"closed","template":"","meta":[],"product_brand":[],"product_cat":[1756,1762],"product_tag":[1810],"acf":[],"_links":{"self":[{"href":"https:\/\/streetmarkets.fr\/app\/wp-json\/wp\/v2\/product\/2457844"}],"collection":[{"href":"https:\/\/streetmarkets.fr\/app\/wp-json\/wp\/v2\/product"}],"about":[{"href":"https:\/\/streetmarkets.fr\/app\/wp-json\/wp\/v2\/types\/product"}],"replies":[{"embeddable":true,"href":"https:\/\/streetmarkets.fr\/app\/wp-json\/wp\/v2\/comments?post=2457844"}],"wp:featuredmedia":[{"embeddable":true,"href":"https:\/\/streetmarkets.fr\/app\/wp-json\/wp\/v2\/media\/2457845"}],"wp:attachment":[{"href":"https:\/\/streetmarkets.fr\/app\/wp-json\/wp\/v2\/media?parent=2457844"}],"wp:term":[{"taxonomy":"product_brand","embeddable":true,"href":"https:\/\/streetmarkets.fr\/app\/wp-json\/wp\/v2\/product_brand?post=2457844"},{"taxonomy":"product_cat","embeddable":true,"href":"https:\/\/streetmarkets.fr\/app\/wp-json\/wp\/v2\/product_cat?post=2457844"},{"taxonomy":"product_tag","embeddable":true,"href":"https:\/\/streetmarkets.fr\/app\/wp-json\/wp\/v2\/product_tag?post=2457844"}],"curies":[{"name":"wp","href":"https:\/\/api.w.org\/{rel}","templated":true}]}}