{"id":2457823,"date":"2025-08-15T01:46:32","date_gmt":"2025-08-14T23:46:32","guid":{"rendered":"https:\/\/streetmarkets.fr\/app\/produit\/t-shirt-blanc-mediterranean-soul\/"},"modified":"2025-08-17T01:45:01","modified_gmt":"2025-08-16T23:45:01","slug":"t-shirt-blanc-mediterranean-soul","status":"publish","type":"product","link":"https:\/\/streetmarkets.fr\/app\/produit\/t-shirt-blanc-mediterranean-soul\/","title":{"rendered":"T-shirt blanc Mediterranean Soul"},"content":{"rendered":"<p>Vos boutiques &#8220;Coco Friendly&#8221; vous proposent d&#8217;adopter ce t-shirt d\u00e8s maintenant pour son confort, son design et sa qualit\u00e9. On adore sa coupe ample et son tissu doux et respirant 100% coton biologique.<\/p>\n<ul>\n<li style=\"text-align:justify\">Tee-shirt blanc accompagn\u00e9 de son design <em>&#8220;Mediterranean Soul&#8221;<\/em> bleu<\/li>\n<li style=\"text-align:justify\">Col rond<\/li>\n<li style=\"text-align:justify\">Manches courtes<\/li>\n<li style=\"text-align:justify\">Coupe ample<\/li>\n<li>Jersey de coton biologique\u00a0<\/li>\n<\/ul>\n<p><strong><em>Composition<\/em>:<\/strong><\/p>\n<ul>\n<li>100% coton biologique certifi\u00e9 GOTS<\/li>\n<li>Le coton biologique certifi\u00e9 GOTS contribue \u00e0 \u00e9conomiser de l\u2019eau, \u00e0 pr\u00e9server la sant\u00e9 des travailleurs ainsi que la biodiversit\u00e9, pour les g\u00e9n\u00e9rations \u00e0 venir.<\/li>\n<\/ul>\n<p><em><strong>Fabrication<\/strong><\/em>:<\/p>\n<ul>\n<li>Fabriqu\u00e9 \u00e9thiquement en Inde<\/li>\n<\/ul>\n<p><em><strong>Label(s)<\/strong><\/em>:\u00a0<\/p>\n<ul>\n<li style=\"text-align:left\"><strong>GOTS<\/strong>\u00a0(Global Organic Textile Standard) sur tout la cha\u00eene de production, de la culture du coton aux finitions.<\/li>\n<\/ul>\n<p><em><strong>Conseil taille<\/strong><\/em>: ce mod\u00e8le taille normalement. La mannequin mesure 1m78 et porte la taille S.<\/p>\n<p><strong><em>Entretien<\/em><\/strong>: lavez en machine \u00e0 l&#8217;envers \u00e0 30\u00b0C avec une action m\u00e9canique r\u00e9duite.<\/p>\n","protected":false},"excerpt":{"rendered":"<p>Vos boutiques &#8220;Coco Friendly&#8221; vous proposent d&#8217;adopter ce t-shirt d\u00e8s maintenant pour son confort, son design et sa qualit\u00e9. On adore sa coupe ample et son tissu doux et respirant 100% coton biologique. Tee-shirt blanc accompagn\u00e9 de son design &#8220;Mediterranean Soul&#8221; bleu Col rond Manches courtes Coupe ample Jersey de coton biologique\u00a0 Composition: 100% coton [&hellip;]<\/p>\n","protected":false},"featured_media":2457824,"comment_status":"open","ping_status":"closed","template":"","meta":[],"product_brand":[],"product_cat":[1756,1762],"product_tag":[1810],"acf":[],"_links":{"self":[{"href":"https:\/\/streetmarkets.fr\/app\/wp-json\/wp\/v2\/product\/2457823"}],"collection":[{"href":"https:\/\/streetmarkets.fr\/app\/wp-json\/wp\/v2\/product"}],"about":[{"href":"https:\/\/streetmarkets.fr\/app\/wp-json\/wp\/v2\/types\/product"}],"replies":[{"embeddable":true,"href":"https:\/\/streetmarkets.fr\/app\/wp-json\/wp\/v2\/comments?post=2457823"}],"wp:featuredmedia":[{"embeddable":true,"href":"https:\/\/streetmarkets.fr\/app\/wp-json\/wp\/v2\/media\/2457824"}],"wp:attachment":[{"href":"https:\/\/streetmarkets.fr\/app\/wp-json\/wp\/v2\/media?parent=2457823"}],"wp:term":[{"taxonomy":"product_brand","embeddable":true,"href":"https:\/\/streetmarkets.fr\/app\/wp-json\/wp\/v2\/product_brand?post=2457823"},{"taxonomy":"product_cat","embeddable":true,"href":"https:\/\/streetmarkets.fr\/app\/wp-json\/wp\/v2\/product_cat?post=2457823"},{"taxonomy":"product_tag","embeddable":true,"href":"https:\/\/streetmarkets.fr\/app\/wp-json\/wp\/v2\/product_tag?post=2457823"}],"curies":[{"name":"wp","href":"https:\/\/api.w.org\/{rel}","templated":true}]}}