{"id":2457794,"date":"2025-08-15T01:46:30","date_gmt":"2025-08-14T23:46:30","guid":{"rendered":"https:\/\/streetmarkets.fr\/app\/produit\/casquette-baseball-coton-bleu-nuit\/"},"modified":"2025-08-17T01:45:01","modified_gmt":"2025-08-16T23:45:01","slug":"casquette-baseball-coton-bleu-nuit","status":"publish","type":"product","link":"https:\/\/streetmarkets.fr\/app\/produit\/casquette-baseball-coton-bleu-nuit\/","title":{"rendered":"Casquette Baseball Coton Bleu Nuit"},"content":{"rendered":"<p>Casquette bleu nuit en serg\u00e9 de coton biologique. Cette casquette est brod\u00e9e du logo signature de Knowledge Cotton Apparel sur le devant, une chouette, ton sur ton.\u00a0<\/p>\n<ul>\n<li><span style=\"text-align:justify\">Casquette bleu nuit<\/span><\/li>\n<li style=\"text-align:justify\">6 panneaux en coton biologique<\/li>\n<li><span style=\"text-align:justify\">Logo Knowledge Cotton Apparel sur le devant<\/span><\/li>\n<\/ul>\n<p><span style=\"text-align:justify\"><\/span><\/p>\n<p><strong><em>Composition<\/em>:<\/strong><\/p>\n<ul>\n<li>100 % coton biologique certifi\u00e9 GOTS<\/li>\n<li>Le coton biologique certifi\u00e9 GOTS contribue \u00e0 \u00e9conomiser de l\u2019eau, \u00e0 pr\u00e9server la sant\u00e9 des travailleurs ainsi que la biodiversit\u00e9, pour les g\u00e9n\u00e9rations \u00e0 venir.<\/li>\n<\/ul>\n<p><em><strong>Fabrication<\/strong><\/em>:<\/p>\n<ul>\n<li>Fabriqu\u00e9e \u00e9thiquement en Chine<\/li>\n<\/ul>\n<p><em><strong>Label(s)<\/strong><\/em>:\u00a0<\/p>\n<ul>\n<li style=\"text-align:left\"><strong>GOTS<\/strong>\u00a0(Global Organic Textile Standard) sur tout la cha\u00eene de production, de la culture du coton aux finitions.<\/li>\n<\/ul>\n<p><em><strong>Conseil taille<\/strong><\/em>: ce mod\u00e8le taille normalement, prenez votre taille habituelle.\u00a0<\/p>\n<p><strong><em>Entretien<\/em><\/strong>: lavez \u00e0 30\u00b0C en machine.<\/p>\n","protected":false},"excerpt":{"rendered":"<p>Casquette bleu nuit en serg\u00e9 de coton biologique. Cette casquette est brod\u00e9e du logo signature de Knowledge Cotton Apparel sur le devant, une chouette, ton sur ton.\u00a0 Casquette bleu nuit 6 panneaux en coton biologique Logo Knowledge Cotton Apparel sur le devant Composition: 100 % coton biologique certifi\u00e9 GOTS Le coton biologique certifi\u00e9 GOTS contribue [&hellip;]<\/p>\n","protected":false},"featured_media":2457795,"comment_status":"open","ping_status":"closed","template":"","meta":[],"product_brand":[],"product_cat":[1756,1760],"product_tag":[1810],"acf":[],"_links":{"self":[{"href":"https:\/\/streetmarkets.fr\/app\/wp-json\/wp\/v2\/product\/2457794"}],"collection":[{"href":"https:\/\/streetmarkets.fr\/app\/wp-json\/wp\/v2\/product"}],"about":[{"href":"https:\/\/streetmarkets.fr\/app\/wp-json\/wp\/v2\/types\/product"}],"replies":[{"embeddable":true,"href":"https:\/\/streetmarkets.fr\/app\/wp-json\/wp\/v2\/comments?post=2457794"}],"wp:featuredmedia":[{"embeddable":true,"href":"https:\/\/streetmarkets.fr\/app\/wp-json\/wp\/v2\/media\/2457795"}],"wp:attachment":[{"href":"https:\/\/streetmarkets.fr\/app\/wp-json\/wp\/v2\/media?parent=2457794"}],"wp:term":[{"taxonomy":"product_brand","embeddable":true,"href":"https:\/\/streetmarkets.fr\/app\/wp-json\/wp\/v2\/product_brand?post=2457794"},{"taxonomy":"product_cat","embeddable":true,"href":"https:\/\/streetmarkets.fr\/app\/wp-json\/wp\/v2\/product_cat?post=2457794"},{"taxonomy":"product_tag","embeddable":true,"href":"https:\/\/streetmarkets.fr\/app\/wp-json\/wp\/v2\/product_tag?post=2457794"}],"curies":[{"name":"wp","href":"https:\/\/api.w.org\/{rel}","templated":true}]}}