{"id":2457782,"date":"2025-08-15T01:46:28","date_gmt":"2025-08-14T23:46:28","guid":{"rendered":"https:\/\/streetmarkets.fr\/app\/produit\/t-shirt-noir\/"},"modified":"2025-08-17T01:45:01","modified_gmt":"2025-08-16T23:45:01","slug":"t-shirt-noir","status":"publish","type":"product","link":"https:\/\/streetmarkets.fr\/app\/produit\/t-shirt-noir\/","title":{"rendered":"T shirt noir"},"content":{"rendered":"<p>T-shirt \u00e9thique et tendance \u00e0 adopter dans votre dressing pour l&#8217;\u00e9t\u00e9 !<\/p>\n<p>Ce t shirt noir est un intemporel et se porte avec tout ! Coco Friendly vous donne acc\u00e8s \u00e0 diff\u00e9rents coloris.<\/p>\n<ul>\n<li>T-shirt noir<\/li>\n<li>Col rond\u00a0<\/li>\n<li>Manches Courtes<\/li>\n<li>Coupe cintr\u00e9e<\/li>\n<\/ul>\n<p><strong><em>Composition:<\/em><\/strong><strong><em><\/em><\/strong><\/p>\n<ul>\n<li>Mati\u00e8re principale : Viscose Ecovero.<\/li>\n<li>La viscose Ecovero est un nouveau tissu \u00e9co-responsable qui utilise des fibres de bois des for\u00eats.<\/li>\n<\/ul>\n<p><em><strong>Fabrication:\u00a0<\/strong><\/em><\/p>\n<ul>\n<li>Fabriqu\u00e9 \u00e9thiquement en Turquie Ecovero\u00a0<\/li>\n<\/ul>\n<p><em><strong>Label(s):<\/strong><\/em><\/p>\n<ul>\n<li><strong><span style=\"font-family:'TWKLausannePan-300', sans-serif;font-size:14px;font-weight:400;background-color:#ffffff\">\u00a0<span style=\"font-family:Verdana, Arial, Helvetica, sans-serif;font-size:11px;background-color:#fafbfc\">Ecovero<\/span>\u2122\u00a0<\/span><\/strong>: La viscose Lenzing ECOVERO est issue d&#8217;arbres locaux, r\u00e9duisant ainsi les \u00e9missions de CO2.<\/li>\n<\/ul>\n<p><em><strong>Conseil taille:<\/strong>\u00a0<\/em>ce mod\u00e8le taille normalement. Le mannequin mesure 1m80 et porte une taille S.<\/p>\n<\/p>\n<p><strong><em>Entretien:<\/em><\/strong>\u00a0lavez \u00e0 30\u00b0C en machine.<\/p>\n","protected":false},"excerpt":{"rendered":"<p>T-shirt \u00e9thique et tendance \u00e0 adopter dans votre dressing pour l&#8217;\u00e9t\u00e9 ! Ce t shirt noir est un intemporel et se porte avec tout ! Coco Friendly vous donne acc\u00e8s \u00e0 diff\u00e9rents coloris. T-shirt noir Col rond\u00a0 Manches Courtes Coupe cintr\u00e9e Composition: Mati\u00e8re principale : Viscose Ecovero. La viscose Ecovero est un nouveau tissu \u00e9co-responsable [&hellip;]<\/p>\n","protected":false},"featured_media":2457783,"comment_status":"open","ping_status":"closed","template":"","meta":[],"product_brand":[],"product_cat":[1756,1762],"product_tag":[1810],"acf":[],"_links":{"self":[{"href":"https:\/\/streetmarkets.fr\/app\/wp-json\/wp\/v2\/product\/2457782"}],"collection":[{"href":"https:\/\/streetmarkets.fr\/app\/wp-json\/wp\/v2\/product"}],"about":[{"href":"https:\/\/streetmarkets.fr\/app\/wp-json\/wp\/v2\/types\/product"}],"replies":[{"embeddable":true,"href":"https:\/\/streetmarkets.fr\/app\/wp-json\/wp\/v2\/comments?post=2457782"}],"wp:featuredmedia":[{"embeddable":true,"href":"https:\/\/streetmarkets.fr\/app\/wp-json\/wp\/v2\/media\/2457783"}],"wp:attachment":[{"href":"https:\/\/streetmarkets.fr\/app\/wp-json\/wp\/v2\/media?parent=2457782"}],"wp:term":[{"taxonomy":"product_brand","embeddable":true,"href":"https:\/\/streetmarkets.fr\/app\/wp-json\/wp\/v2\/product_brand?post=2457782"},{"taxonomy":"product_cat","embeddable":true,"href":"https:\/\/streetmarkets.fr\/app\/wp-json\/wp\/v2\/product_cat?post=2457782"},{"taxonomy":"product_tag","embeddable":true,"href":"https:\/\/streetmarkets.fr\/app\/wp-json\/wp\/v2\/product_tag?post=2457782"}],"curies":[{"name":"wp","href":"https:\/\/api.w.org\/{rel}","templated":true}]}}