{"id":2457669,"date":"2025-08-15T01:45:53","date_gmt":"2025-08-14T23:45:53","guid":{"rendered":"https:\/\/streetmarkets.fr\/app\/produit\/t-shirt-bleu-electrique\/"},"modified":"2025-08-17T01:44:37","modified_gmt":"2025-08-16T23:44:37","slug":"t-shirt-bleu-electrique","status":"publish","type":"product","link":"https:\/\/streetmarkets.fr\/app\/produit\/t-shirt-bleu-electrique\/","title":{"rendered":"T-shirt bleu \u00e9lectrique"},"content":{"rendered":"<p>Un joli t-shirt manches courtes, l\u00e9ger et facile \u00e0 porter : l\u2019essentiel de vos journ\u00e9es d\u2019\u00e9t\u00e9. Disponible chez Coco Friendly.<\/p>\n<p>Un joli t-shirt manches courtes, l\u00e9ger et facile \u00e0 porter : l\u2019essentiel de vos journ\u00e9es d\u2019\u00e9t\u00e9. Disponible chez Coco Friendly.<\/p>\n<ul>\n<li>T-shirt bleu \u00e9lectrique<\/li>\n<li>Col V<\/li>\n<li>Manches Kimono<\/li>\n<\/ul>\n<p><strong><em>Composition<\/em>:<\/strong><\/p>\n<ul>\n<li>100% coton biologique certifi\u00e9 GOTS<\/li>\n<li>Le coton biologique certifi\u00e9 GOTS contribue \u00e0 \u00e9conomiser de l\u2019eau, \u00e0 pr\u00e9server la sant\u00e9 des travailleurs ainsi que la biodiversit\u00e9, pour les g\u00e9n\u00e9rations \u00e0 venir.<\/li>\n<\/ul>\n<p><em><strong>Fabrication<\/strong><\/em>:<\/p>\n<ul>\n<li>Fabriqu\u00e9 \u00e9thiquement en Inde<\/li>\n<\/ul>\n<p><em><strong>Label(s)<\/strong><\/em>:\u00a0<\/p>\n<ul>\n<li style=\"text-align:left\"><strong>GOTS<\/strong> (Global Organic Textile Standard) sur tout la cha\u00eene de production, de la culture du coton aux finitions.<\/li>\n<\/ul>\n<p><em><strong>Conseil taille:<\/strong>\u00a0<\/em>ce mod\u00e8le taille normalement.\u00a0<\/p>\n<\/p>\n<p><strong><em>Entretien:<\/em><\/strong> lavez en machine (cycle laine ou cycle d\u00e9licat).<\/p>\n","protected":false},"excerpt":{"rendered":"<p>Un joli t-shirt manches courtes, l\u00e9ger et facile \u00e0 porter : l\u2019essentiel de vos journ\u00e9es d\u2019\u00e9t\u00e9. Disponible chez Coco Friendly. Un joli t-shirt manches courtes, l\u00e9ger et facile \u00e0 porter : l\u2019essentiel de vos journ\u00e9es d\u2019\u00e9t\u00e9. Disponible chez Coco Friendly. T-shirt bleu \u00e9lectrique Col V Manches Kimono Composition: 100% coton biologique certifi\u00e9 GOTS Le coton [&hellip;]<\/p>\n","protected":false},"featured_media":2457670,"comment_status":"open","ping_status":"closed","template":"","meta":[],"product_brand":[],"product_cat":[1756,1762],"product_tag":[1810],"acf":[],"_links":{"self":[{"href":"https:\/\/streetmarkets.fr\/app\/wp-json\/wp\/v2\/product\/2457669"}],"collection":[{"href":"https:\/\/streetmarkets.fr\/app\/wp-json\/wp\/v2\/product"}],"about":[{"href":"https:\/\/streetmarkets.fr\/app\/wp-json\/wp\/v2\/types\/product"}],"replies":[{"embeddable":true,"href":"https:\/\/streetmarkets.fr\/app\/wp-json\/wp\/v2\/comments?post=2457669"}],"wp:featuredmedia":[{"embeddable":true,"href":"https:\/\/streetmarkets.fr\/app\/wp-json\/wp\/v2\/media\/2457670"}],"wp:attachment":[{"href":"https:\/\/streetmarkets.fr\/app\/wp-json\/wp\/v2\/media?parent=2457669"}],"wp:term":[{"taxonomy":"product_brand","embeddable":true,"href":"https:\/\/streetmarkets.fr\/app\/wp-json\/wp\/v2\/product_brand?post=2457669"},{"taxonomy":"product_cat","embeddable":true,"href":"https:\/\/streetmarkets.fr\/app\/wp-json\/wp\/v2\/product_cat?post=2457669"},{"taxonomy":"product_tag","embeddable":true,"href":"https:\/\/streetmarkets.fr\/app\/wp-json\/wp\/v2\/product_tag?post=2457669"}],"curies":[{"name":"wp","href":"https:\/\/api.w.org\/{rel}","templated":true}]}}