{"id":2457648,"date":"2025-08-15T01:45:51","date_gmt":"2025-08-14T23:45:51","guid":{"rendered":"https:\/\/streetmarkets.fr\/app\/produit\/t-shirt-colore-vert\/"},"modified":"2025-08-17T01:44:36","modified_gmt":"2025-08-16T23:44:36","slug":"t-shirt-colore-vert","status":"publish","type":"product","link":"https:\/\/streetmarkets.fr\/app\/produit\/t-shirt-colore-vert\/","title":{"rendered":"T-shirt color\u00e9 vert"},"content":{"rendered":"<p>Un t-shirt, color\u00e9 et facile \u00e0 porter : l\u2019essentiel de vos journ\u00e9es d\u2019\u00e9t\u00e9. Disponible chez Coco Friendly.<\/p>\n<p>Un t-shirt, color\u00e9 et facile \u00e0 porter : l\u2019essentiel de vos journ\u00e9es d\u2019\u00e9t\u00e9. Disponible chez Coco Friendly.<\/p>\n<ul>\n<li>Haut color\u00e9 vert<\/li>\n<li>D\u00e9tails en tricot<\/li>\n<li>Manches Courtes<\/li>\n<\/ul>\n<p><strong><em>Composition:<\/em><\/strong><strong><em><\/em><\/strong><\/p>\n<ul>\n<li>100% coton organique<\/li>\n<li>Le coton organique est cultiv\u00e9 sans engrais chimiques, ni pesticides en respectant les conditions des labels biologiques.<\/li>\n<\/ul>\n<p><em><strong>Fabrication:\u00a0<\/strong><\/em><\/p>\n<p>Fabriqu\u00e9 \u00e9thiquement en Inde.<\/p>\n<\/p>\n<p><em><strong>Conseil taille:<\/strong>\u00a0<\/em>ce mod\u00e8le taille normalement.\u00a0<\/p>\n<\/p>\n<p><strong><em>Entretien:<\/em><\/strong> lavez en machine (cycle d\u00e9licat, 40C\u00b0 maximum).<\/p>\n","protected":false},"excerpt":{"rendered":"<p>Un t-shirt, color\u00e9 et facile \u00e0 porter : l\u2019essentiel de vos journ\u00e9es d\u2019\u00e9t\u00e9. Disponible chez Coco Friendly. Un t-shirt, color\u00e9 et facile \u00e0 porter : l\u2019essentiel de vos journ\u00e9es d\u2019\u00e9t\u00e9. Disponible chez Coco Friendly. Haut color\u00e9 vert D\u00e9tails en tricot Manches Courtes Composition: 100% coton organique Le coton organique est cultiv\u00e9 sans engrais chimiques, ni [&hellip;]<\/p>\n","protected":false},"featured_media":2457649,"comment_status":"open","ping_status":"closed","template":"","meta":[],"product_brand":[],"product_cat":[1756,1762],"product_tag":[1810],"acf":[],"_links":{"self":[{"href":"https:\/\/streetmarkets.fr\/app\/wp-json\/wp\/v2\/product\/2457648"}],"collection":[{"href":"https:\/\/streetmarkets.fr\/app\/wp-json\/wp\/v2\/product"}],"about":[{"href":"https:\/\/streetmarkets.fr\/app\/wp-json\/wp\/v2\/types\/product"}],"replies":[{"embeddable":true,"href":"https:\/\/streetmarkets.fr\/app\/wp-json\/wp\/v2\/comments?post=2457648"}],"wp:featuredmedia":[{"embeddable":true,"href":"https:\/\/streetmarkets.fr\/app\/wp-json\/wp\/v2\/media\/2457649"}],"wp:attachment":[{"href":"https:\/\/streetmarkets.fr\/app\/wp-json\/wp\/v2\/media?parent=2457648"}],"wp:term":[{"taxonomy":"product_brand","embeddable":true,"href":"https:\/\/streetmarkets.fr\/app\/wp-json\/wp\/v2\/product_brand?post=2457648"},{"taxonomy":"product_cat","embeddable":true,"href":"https:\/\/streetmarkets.fr\/app\/wp-json\/wp\/v2\/product_cat?post=2457648"},{"taxonomy":"product_tag","embeddable":true,"href":"https:\/\/streetmarkets.fr\/app\/wp-json\/wp\/v2\/product_tag?post=2457648"}],"curies":[{"name":"wp","href":"https:\/\/api.w.org\/{rel}","templated":true}]}}