{"id":2457632,"date":"2025-08-15T01:45:49","date_gmt":"2025-08-14T23:45:49","guid":{"rendered":"https:\/\/streetmarkets.fr\/app\/produit\/echarpe-verte-foncee-laine-cachemire\/"},"modified":"2025-08-17T01:44:36","modified_gmt":"2025-08-16T23:44:36","slug":"echarpe-verte-foncee-laine-cachemire","status":"publish","type":"product","link":"https:\/\/streetmarkets.fr\/app\/produit\/echarpe-verte-foncee-laine-cachemire\/","title":{"rendered":"Echarpe Verte Fonc\u00e9e Laine Cachemire"},"content":{"rendered":"<p>Echarpe verte fonc\u00e9e toute douce en laine et cachemire. Une pi\u00e8ce classique qui vous suivra des ann\u00e9es et vous gardera le cou au chaud!<\/p>\n<ul>\n<li>Echarpe verte fonc\u00e9e<\/li>\n<li>Logo Arbre Faguo<\/li>\n<li>Longueur 190 cm hors franges<\/li>\n<li>1 \u00e9charpe achet\u00e9e = 1 arbre plant\u00e9<\/li>\n<\/ul>\n<p><em><strong>Composition :\u00a0<\/strong><\/em>90% laine, 10% cachemire<\/p>\n<p><em><strong>Fabrication :\u00a0<\/strong><\/em>fabriqu\u00e9e en Chine dans un atelier audit\u00e9<\/p>\n<p><em><strong>Labels :\u00a0<\/strong><\/em><\/p>\n<ul>\n<li><span style=\"color:#333333\"><strong>BSCI<\/strong>, ce label garantit un code de conduite aux conditions immuables. Libert\u00e9 d\u2019association, r\u00e9mun\u00e9ration juste, horaires de travail d\u00e9cents.<\/span><\/li>\n<li><strong><span style=\"color:#333333\">B Corp<\/span>\u2122<\/strong>\u00a0pour garantir des standards environnementaux et sociaux \u00e9lev\u00e9s et une transparence sur la fabrication<\/li>\n<\/ul>\n<p><em><strong>Entretien :\u00a0<\/strong><\/em>lavage \u00e0 froid\u00b0 en cycle laine<\/p>\n","protected":false},"excerpt":{"rendered":"<p>Echarpe verte fonc\u00e9e toute douce en laine et cachemire. Une pi\u00e8ce classique qui vous suivra des ann\u00e9es et vous gardera le cou au chaud! Echarpe verte fonc\u00e9e Logo Arbre Faguo Longueur 190 cm hors franges 1 \u00e9charpe achet\u00e9e = 1 arbre plant\u00e9 Composition :\u00a090% laine, 10% cachemire Fabrication :\u00a0fabriqu\u00e9e en Chine dans un atelier audit\u00e9 [&hellip;]<\/p>\n","protected":false},"featured_media":2457633,"comment_status":"open","ping_status":"closed","template":"","meta":[],"product_brand":[7128],"product_cat":[1756,1760],"product_tag":[1810],"acf":[],"_links":{"self":[{"href":"https:\/\/streetmarkets.fr\/app\/wp-json\/wp\/v2\/product\/2457632"}],"collection":[{"href":"https:\/\/streetmarkets.fr\/app\/wp-json\/wp\/v2\/product"}],"about":[{"href":"https:\/\/streetmarkets.fr\/app\/wp-json\/wp\/v2\/types\/product"}],"replies":[{"embeddable":true,"href":"https:\/\/streetmarkets.fr\/app\/wp-json\/wp\/v2\/comments?post=2457632"}],"wp:featuredmedia":[{"embeddable":true,"href":"https:\/\/streetmarkets.fr\/app\/wp-json\/wp\/v2\/media\/2457633"}],"wp:attachment":[{"href":"https:\/\/streetmarkets.fr\/app\/wp-json\/wp\/v2\/media?parent=2457632"}],"wp:term":[{"taxonomy":"product_brand","embeddable":true,"href":"https:\/\/streetmarkets.fr\/app\/wp-json\/wp\/v2\/product_brand?post=2457632"},{"taxonomy":"product_cat","embeddable":true,"href":"https:\/\/streetmarkets.fr\/app\/wp-json\/wp\/v2\/product_cat?post=2457632"},{"taxonomy":"product_tag","embeddable":true,"href":"https:\/\/streetmarkets.fr\/app\/wp-json\/wp\/v2\/product_tag?post=2457632"}],"curies":[{"name":"wp","href":"https:\/\/api.w.org\/{rel}","templated":true}]}}