{"id":2457622,"date":"2025-08-15T01:45:48","date_gmt":"2025-08-14T23:45:48","guid":{"rendered":"https:\/\/streetmarkets.fr\/app\/produit\/casquette-sol\/"},"modified":"2025-08-17T01:44:36","modified_gmt":"2025-08-16T23:44:36","slug":"casquette-sol","status":"publish","type":"product","link":"https:\/\/streetmarkets.fr\/app\/produit\/casquette-sol\/","title":{"rendered":"Casquette SOL"},"content":{"rendered":"<p>Casquette bleue SOL Coco Friendly, \u00e0 adopter pour l&#8217;\u00e9t\u00e9.<\/p>\n<p>Retrouvez d\u00e8s maintenant votre casquette coup de c\u0153ur chez Coco Friendly. La boutique vous propose diff\u00e9rents coloris (bleu &amp; vert) !\u00a0<\/p>\n<p style=\"margin:0px 0px 20px;padding:0px;border:0px;font-size:14px;vertical-align:baseline;background:#ffffff;font-family:'TWKLausannePan-300', sans-serif\">Casquette bleue solsol Chris en coton biologique.<\/p>\n<p style=\"margin:0px 0px 20px;padding:0px;border:0px;font-size:14px;vertical-align:baseline;background:#ffffff;font-family:'TWKLausannePan-300', sans-serif\">\u2192 Coupe r\u00e9guli\u00e8re<br \/>\u2192 Boucle r\u00e9glable \u00e0 l&#8217;arri\u00e8re<br \/>\u2192 D\u00e9tails : motif \u00e0 pompons<\/p>\n<p style=\"margin:0px 0px 20px;padding:0px;border:0px;font-size:14px;vertical-align:baseline;background:#ffffff;font-family:'TWKLausannePan-300', sans-serif\"><span style=\"margin:0px;padding:0px;border:0px;vertical-align:baseline;background-size:initial\">Entretien:<\/span><\/p>\n<p>LAVER EN MACHINE \u00c0 30\u00b0 AVEC UNE ACTION M\u00c9CANIQUE R\u00c9DUITE.<\/p>\n<p>NE PAS UTILISER DE SAVON<\/p>\n<p>NE PAS S\u00c9CHER AU S\u00c8CHE-LINGE<\/p>\n<p>NE PAS REPASSER<\/p>\n<p>NETTOYER D\u00c9LICATEMENT \u00c0 SEC<\/p>\n","protected":false},"excerpt":{"rendered":"<p>Casquette bleue SOL Coco Friendly, \u00e0 adopter pour l&#8217;\u00e9t\u00e9. Retrouvez d\u00e8s maintenant votre casquette coup de c\u0153ur chez Coco Friendly. La boutique vous propose diff\u00e9rents coloris (bleu &amp; vert) !\u00a0 Casquette bleue solsol Chris en coton biologique. \u2192 Coupe r\u00e9guli\u00e8re\u2192 Boucle r\u00e9glable \u00e0 l&#8217;arri\u00e8re\u2192 D\u00e9tails : motif \u00e0 pompons Entretien: LAVER EN MACHINE \u00c0 30\u00b0 [&hellip;]<\/p>\n","protected":false},"featured_media":2457624,"comment_status":"open","ping_status":"closed","template":"","meta":[],"product_brand":[],"product_cat":[1756,1764],"product_tag":[1810],"acf":[],"_links":{"self":[{"href":"https:\/\/streetmarkets.fr\/app\/wp-json\/wp\/v2\/product\/2457622"}],"collection":[{"href":"https:\/\/streetmarkets.fr\/app\/wp-json\/wp\/v2\/product"}],"about":[{"href":"https:\/\/streetmarkets.fr\/app\/wp-json\/wp\/v2\/types\/product"}],"replies":[{"embeddable":true,"href":"https:\/\/streetmarkets.fr\/app\/wp-json\/wp\/v2\/comments?post=2457622"}],"wp:featuredmedia":[{"embeddable":true,"href":"https:\/\/streetmarkets.fr\/app\/wp-json\/wp\/v2\/media\/2457624"}],"wp:attachment":[{"href":"https:\/\/streetmarkets.fr\/app\/wp-json\/wp\/v2\/media?parent=2457622"}],"wp:term":[{"taxonomy":"product_brand","embeddable":true,"href":"https:\/\/streetmarkets.fr\/app\/wp-json\/wp\/v2\/product_brand?post=2457622"},{"taxonomy":"product_cat","embeddable":true,"href":"https:\/\/streetmarkets.fr\/app\/wp-json\/wp\/v2\/product_cat?post=2457622"},{"taxonomy":"product_tag","embeddable":true,"href":"https:\/\/streetmarkets.fr\/app\/wp-json\/wp\/v2\/product_tag?post=2457622"}],"curies":[{"name":"wp","href":"https:\/\/api.w.org\/{rel}","templated":true}]}}