{"id":2457615,"date":"2025-08-15T01:45:47","date_gmt":"2025-08-14T23:45:47","guid":{"rendered":"https:\/\/streetmarkets.fr\/app\/produit\/calecon-singe\/"},"modified":"2025-08-17T01:44:36","modified_gmt":"2025-08-16T23:44:36","slug":"calecon-singe","status":"publish","type":"product","link":"https:\/\/streetmarkets.fr\/app\/produit\/calecon-singe\/","title":{"rendered":"Cale\u00e7on Singe"},"content":{"rendered":"<p>Cale\u00e7on confortable et durable en tissu 100% coton biologique certifi\u00e9 GOTS.\u00a0<\/p>\n<ul>\n<li>Coupe droite, d\u00e9contract\u00e9e<\/li>\n<li>Elastique \u00e0 la taille solide mais confortable<\/li>\n<li>Logo de la marque \u00e9tiquet\u00e9 sur l&#8217;avant<\/li>\n<li>Pens\u00e9 pour ne pas gratter<\/li>\n<li>Tissu tiss\u00e9 teint, pour pr\u00e9server la couleur dans le temps<\/li>\n<\/ul>\n<p><em><strong><\/strong><\/em><\/p>\n<p><em><strong>Composition :<\/strong><\/em><\/p>\n<ul>\n<li>100% coton biologique<\/li>\n<li>Le coton biologique permet de pr\u00e9server la biodiversit\u00e9 ainsi que la sant\u00e9 des travailleurs, pour les g\u00e9n\u00e9rations futures.<\/li>\n<\/ul>\n<p><em><strong><\/strong><\/em><\/p>\n<p><em><strong>Fabrication :\u00a0<\/strong><\/em><\/p>\n<ul>\n<li>Fait main en Turquie par l&#8217;usine audit\u00e9e Naisa<\/li>\n<\/ul>\n<p><em><strong><\/strong><\/em><\/p>\n<p><em><strong>Labels :<\/strong><\/em><\/p>\n<ul>\n<li><strong>GOTS<\/strong>\u00a0(Global Organic Textile Standard)<\/li>\n<li><strong>B Corp<\/strong><span style=\"color:#4d5156;font-family:'Google Sans', arial, sans-serif;font-size:16px;background-color:#ffffff\">\u2122<\/span>: ce label ind\u00e9pendant \u00e9value les entreprises dans toutes leurs sph\u00e8res d&#8217;activit\u00e9, selon des exigences sociales et environnementales. Les entreprises r\u00e9pondent \u00e0 un questionnaire portant aussi bien sur l&#8217;impact environnemental, le choix des fournisseurs, la gouvernance de l&#8217;entreprise, les conditions de travail des salari\u00e9s que sur les salaires et la libre information aupr\u00e8s des clients. Des audits sont \u00e9galement r\u00e9guli\u00e8rement r\u00e9alis\u00e9s.<\/li>\n<li>Usines certifi\u00e9es\u00a0<strong>BSCI<\/strong>,\u00a0\u00a0ce qui garantit une r\u00e9mun\u00e9ration juste des travailleurs, la libert\u00e9 d&#8217;association, des horaires de travail d\u00e9cents, la sant\u00e9 et la s\u00e9curit\u00e9 au travail<\/li>\n<\/ul>\n<p><em><strong><\/strong><\/em><\/p>\n<p><em><strong>Entretien :<\/strong><\/em> Lavage \u00e0 40\u00b0 maximum<\/p>\n","protected":false},"excerpt":{"rendered":"<p>Cale\u00e7on confortable et durable en tissu 100% coton biologique certifi\u00e9 GOTS.\u00a0 Coupe droite, d\u00e9contract\u00e9e Elastique \u00e0 la taille solide mais confortable Logo de la marque \u00e9tiquet\u00e9 sur l&#8217;avant Pens\u00e9 pour ne pas gratter Tissu tiss\u00e9 teint, pour pr\u00e9server la couleur dans le temps Composition : 100% coton biologique Le coton biologique permet de pr\u00e9server la [&hellip;]<\/p>\n","protected":false},"featured_media":2457616,"comment_status":"open","ping_status":"closed","template":"","meta":[],"product_brand":[],"product_cat":[1756,1758],"product_tag":[1810],"acf":[],"_links":{"self":[{"href":"https:\/\/streetmarkets.fr\/app\/wp-json\/wp\/v2\/product\/2457615"}],"collection":[{"href":"https:\/\/streetmarkets.fr\/app\/wp-json\/wp\/v2\/product"}],"about":[{"href":"https:\/\/streetmarkets.fr\/app\/wp-json\/wp\/v2\/types\/product"}],"replies":[{"embeddable":true,"href":"https:\/\/streetmarkets.fr\/app\/wp-json\/wp\/v2\/comments?post=2457615"}],"wp:featuredmedia":[{"embeddable":true,"href":"https:\/\/streetmarkets.fr\/app\/wp-json\/wp\/v2\/media\/2457616"}],"wp:attachment":[{"href":"https:\/\/streetmarkets.fr\/app\/wp-json\/wp\/v2\/media?parent=2457615"}],"wp:term":[{"taxonomy":"product_brand","embeddable":true,"href":"https:\/\/streetmarkets.fr\/app\/wp-json\/wp\/v2\/product_brand?post=2457615"},{"taxonomy":"product_cat","embeddable":true,"href":"https:\/\/streetmarkets.fr\/app\/wp-json\/wp\/v2\/product_cat?post=2457615"},{"taxonomy":"product_tag","embeddable":true,"href":"https:\/\/streetmarkets.fr\/app\/wp-json\/wp\/v2\/product_tag?post=2457615"}],"curies":[{"name":"wp","href":"https:\/\/api.w.org\/{rel}","templated":true}]}}