{"id":2457607,"date":"2025-08-15T01:45:47","date_gmt":"2025-08-14T23:45:47","guid":{"rendered":"https:\/\/streetmarkets.fr\/app\/produit\/bonnet-beany-brique\/"},"modified":"2025-08-17T01:44:36","modified_gmt":"2025-08-16T23:44:36","slug":"bonnet-beany-brique","status":"publish","type":"product","link":"https:\/\/streetmarkets.fr\/app\/produit\/bonnet-beany-brique\/","title":{"rendered":"Bonnet Beany Brique"},"content":{"rendered":"<p>Bonnet rouge brique en laine, r\u00e9alis\u00e9 en maille 3D, sans couture. Gr\u00e2ce \u00e0 cette technique, ce bonnet est z\u00e9ro d\u00e9chet : aucune mati\u00e8re n&#8217;est perdue lors de sa production. Tr\u00e8s douillet et chaud pour la p\u00e9riode hivernale. Disponible en plusieurs coloris.<\/p>\n<ul>\n<li>Logo Arbre Faguo \u00e0 l&#8217;avant du bonnet<\/li>\n<li>1 bonnet achet\u00e9 = 1 arbre plant\u00e9<\/li>\n<li>Fils italiens de haute qualit\u00e9<\/li>\n<li>Tricot en c\u00f4tes<\/li>\n<\/ul>\n<p><em><strong>Composition : <\/strong><\/em>80% laine, 20% polyamide<\/p>\n<p><em><strong>Fabrication :\u00a0<\/strong><\/em>fabriqu\u00e9 en France dans un atelier audit\u00e9<\/p>\n<p><em><strong>Labels :\u00a0<\/strong><\/em><\/p>\n<ul>\n<li><span style=\"color:#333333\"><strong>BSCI<\/strong>, ce label garantit un code de conduite aux conditions immuables. Libert\u00e9 d\u2019association, r\u00e9mun\u00e9ration juste, horaires de travail d\u00e9cents.<\/span><\/li>\n<li><strong><span style=\"color:#333333\">B Corp<\/span>\u2122<\/strong>\u00a0pour garantir des standards environnementaux et sociaux \u00e9lev\u00e9s et une transparence sur la fabrication<\/li>\n<\/ul>\n<p><em><strong>Entretien :\u00a0<\/strong><\/em>lavage \u00e0 la main<\/p>\n","protected":false},"excerpt":{"rendered":"<p>Bonnet rouge brique en laine, r\u00e9alis\u00e9 en maille 3D, sans couture. Gr\u00e2ce \u00e0 cette technique, ce bonnet est z\u00e9ro d\u00e9chet : aucune mati\u00e8re n&#8217;est perdue lors de sa production. Tr\u00e8s douillet et chaud pour la p\u00e9riode hivernale. Disponible en plusieurs coloris. Logo Arbre Faguo \u00e0 l&#8217;avant du bonnet 1 bonnet achet\u00e9 = 1 arbre plant\u00e9 [&hellip;]<\/p>\n","protected":false},"featured_media":2457608,"comment_status":"open","ping_status":"closed","template":"","meta":[],"product_brand":[7128],"product_cat":[1756,1760],"product_tag":[1810],"acf":[],"_links":{"self":[{"href":"https:\/\/streetmarkets.fr\/app\/wp-json\/wp\/v2\/product\/2457607"}],"collection":[{"href":"https:\/\/streetmarkets.fr\/app\/wp-json\/wp\/v2\/product"}],"about":[{"href":"https:\/\/streetmarkets.fr\/app\/wp-json\/wp\/v2\/types\/product"}],"replies":[{"embeddable":true,"href":"https:\/\/streetmarkets.fr\/app\/wp-json\/wp\/v2\/comments?post=2457607"}],"wp:featuredmedia":[{"embeddable":true,"href":"https:\/\/streetmarkets.fr\/app\/wp-json\/wp\/v2\/media\/2457608"}],"wp:attachment":[{"href":"https:\/\/streetmarkets.fr\/app\/wp-json\/wp\/v2\/media?parent=2457607"}],"wp:term":[{"taxonomy":"product_brand","embeddable":true,"href":"https:\/\/streetmarkets.fr\/app\/wp-json\/wp\/v2\/product_brand?post=2457607"},{"taxonomy":"product_cat","embeddable":true,"href":"https:\/\/streetmarkets.fr\/app\/wp-json\/wp\/v2\/product_cat?post=2457607"},{"taxonomy":"product_tag","embeddable":true,"href":"https:\/\/streetmarkets.fr\/app\/wp-json\/wp\/v2\/product_tag?post=2457607"}],"curies":[{"name":"wp","href":"https:\/\/api.w.org\/{rel}","templated":true}]}}