{"id":2457594,"date":"2025-08-15T01:45:45","date_gmt":"2025-08-14T23:45:45","guid":{"rendered":"https:\/\/streetmarkets.fr\/app\/produit\/surchemise-velours-vert-bouteille\/"},"modified":"2025-08-17T01:44:36","modified_gmt":"2025-08-16T23:44:36","slug":"surchemise-velours-vert-bouteille","status":"publish","type":"product","link":"https:\/\/streetmarkets.fr\/app\/produit\/surchemise-velours-vert-bouteille\/","title":{"rendered":"Surchemise Velours Vert Bouteille"},"content":{"rendered":"<p>Tr\u00e8s jolie surchemise en velours corduroy, couleur vert bouteille. On aime particuli\u00e8rement sa coupe un poil loose avec les \u00e9paules d\u00e9cal\u00e9es et le d\u00e9tail de la poche poitrine. Une belle pi\u00e8ce \u00e0 porter ann\u00e9es apr\u00e8s ann\u00e9es!<\/p>\n<ul>\n<li style=\"text-align:justify\">Surchemise en velours corduroy vert bouteille<span style=\"text-align:justify\"><\/span><\/li>\n<li><span style=\"text-align:justify\">Manches longues<\/span><\/li>\n<li><span style=\"text-align:justify\">Col chemise classique<\/span><\/li>\n<li><span style=\"text-align:justify\">Coupe droite<\/span><\/li>\n<li style=\"text-align:justify\">Fermeture boutonn\u00e9e<\/li>\n<li style=\"text-align:justify\">Une poche poitrine<\/li>\n<\/ul>\n<p><span style=\"text-align:justify\"><\/span><\/p>\n<p><strong><em>Composition<\/em>:<\/strong><\/p>\n<ul>\n<li>100 % coton biologique certifi\u00e9 GOTS<\/li>\n<li>Le coton biologique certifi\u00e9 GOTS contribue \u00e0 \u00e9conomiser de l\u2019eau, \u00e0 pr\u00e9server la sant\u00e9 des travailleurs ainsi que la biodiversit\u00e9, pour les g\u00e9n\u00e9rations \u00e0 venir.<\/li>\n<\/ul>\n<p><em><strong>Fabrication<\/strong><\/em>:<\/p>\n<ul>\n<li>Fabriqu\u00e9e \u00e9thiquement en Inde<\/li>\n<\/ul>\n<p><em><strong>Label(s)<\/strong><\/em>:\u00a0<\/p>\n<ul>\n<li><strong>GOTS<\/strong>\u00a0(Global Organic Textile Standard) sur tout la cha\u00eene de production, de la culture du coton aux finitions.<\/li>\n<\/ul>\n<p><em><strong>Conseil taille<\/strong><\/em>: ce mod\u00e8le taille normalement, prenez votre taille habituelle. Le mannequin mesure 1m89 et porte une taille M. Pour une taille M: 74 cm de longueur totale et 64 cm de longueur de manche.<\/p>\n<p><strong><em>Entretien<\/em><\/strong>: lavez \u00e0 30\u00b0C en machine.<a href=\"https:\/\/thinkingmu.com\/en\/\" style=\"background-color:transparent;color:#b1c2b2\"><\/a><\/p>\n","protected":false},"excerpt":{"rendered":"<p>Tr\u00e8s jolie surchemise en velours corduroy, couleur vert bouteille. On aime particuli\u00e8rement sa coupe un poil loose avec les \u00e9paules d\u00e9cal\u00e9es et le d\u00e9tail de la poche poitrine. Une belle pi\u00e8ce \u00e0 porter ann\u00e9es apr\u00e8s ann\u00e9es! Surchemise en velours corduroy vert bouteille Manches longues Col chemise classique Coupe droite Fermeture boutonn\u00e9e Une poche poitrine Composition: [&hellip;]<\/p>\n","protected":false},"featured_media":2457595,"comment_status":"open","ping_status":"closed","template":"","meta":[],"product_brand":[],"product_cat":[1756,1758],"product_tag":[1810],"acf":[],"_links":{"self":[{"href":"https:\/\/streetmarkets.fr\/app\/wp-json\/wp\/v2\/product\/2457594"}],"collection":[{"href":"https:\/\/streetmarkets.fr\/app\/wp-json\/wp\/v2\/product"}],"about":[{"href":"https:\/\/streetmarkets.fr\/app\/wp-json\/wp\/v2\/types\/product"}],"replies":[{"embeddable":true,"href":"https:\/\/streetmarkets.fr\/app\/wp-json\/wp\/v2\/comments?post=2457594"}],"wp:featuredmedia":[{"embeddable":true,"href":"https:\/\/streetmarkets.fr\/app\/wp-json\/wp\/v2\/media\/2457595"}],"wp:attachment":[{"href":"https:\/\/streetmarkets.fr\/app\/wp-json\/wp\/v2\/media?parent=2457594"}],"wp:term":[{"taxonomy":"product_brand","embeddable":true,"href":"https:\/\/streetmarkets.fr\/app\/wp-json\/wp\/v2\/product_brand?post=2457594"},{"taxonomy":"product_cat","embeddable":true,"href":"https:\/\/streetmarkets.fr\/app\/wp-json\/wp\/v2\/product_cat?post=2457594"},{"taxonomy":"product_tag","embeddable":true,"href":"https:\/\/streetmarkets.fr\/app\/wp-json\/wp\/v2\/product_tag?post=2457594"}],"curies":[{"name":"wp","href":"https:\/\/api.w.org\/{rel}","templated":true}]}}