{"id":2457543,"date":"2025-08-15T01:45:40","date_gmt":"2025-08-14T23:45:40","guid":{"rendered":"https:\/\/streetmarkets.fr\/app\/produit\/boots-camel-suede-et-cuir-24\/"},"modified":"2025-08-17T01:44:35","modified_gmt":"2025-08-16T23:44:35","slug":"boots-camel-suede-et-cuir-24","status":"publish","type":"product","link":"https:\/\/streetmarkets.fr\/app\/produit\/boots-camel-suede-et-cuir-24\/","title":{"rendered":"Boots Camel Su\u00e8de et Cuir 24"},"content":{"rendered":"<p>Boots camel en cuir su\u00e9d\u00e9, look retro inspir\u00e9 des chaussures d&#8217;alpinistes vintage. Semelles crant\u00e9es. Empi\u00e8cements en cuir lisse.  Fabrication europ\u00e9enne, B Corp<\/p>\n<p align=\"justify\">Boots en cuir su\u00e9d\u00e9 couleur Camel au look retro comme on aime! Ce mod\u00e8le est inspir\u00e9 des chaussures d&#8217;alpinistes vintage. Avec les petits d\u00e9tails que sont les semelles crant\u00e9es et les \u0153illets, vous allez pouvoir combiner confort et style pour un look automnal\/hivernal \ud83d\ude42<\/p>\n<p align=\"justify\">Avec quoi porter ce mod\u00e8le ? Un jean droit repli\u00e9 en guise d&#8217;ourlet, un beau pull chaud ou un combo t-shirt \u00e0 manches longues et surchemise. Bien s\u00fbr n&#8217;oubliez pas de glisser des chaussettes chaudes ou des chaussettes fun pour le petit d\u00e9tail en plus qui rel\u00e8vera le tout \ud83d\ude0b<\/p>\n<ul>\n<li>Boots camel en cuir su\u00e9d\u00e9<\/li>\n<li>Look retro inspir\u00e9 des chaussures d&#8217;alpinistes vintage<\/li>\n<li>Semelle crant\u00e9e, \u0153illets<\/li>\n<li>Logo emboss\u00e9 sur le c\u00f4t\u00e9<\/li>\n<li>Empi\u00e8cements en cuir lisse<\/li>\n<li>Fabrication europ\u00e9enne<\/li>\n<li>2 paires de lacets: 1 camel et 1 fantaisie esprit montage<\/li>\n<li>Une paire achet\u00e9e = 1 arbre plant\u00e9<\/li>\n<\/ul>\n<p align=\"justify\">\n<p><em><strong>Composition<\/strong><\/em>:<\/p>\n<ul>\n<li>Dessus: Cuir, empi\u00e8cements en cuir et su\u00e8de<\/li>\n<li>Doublure: cuir<\/li>\n<li>Semelle int\u00e9rieure: cuir<\/li>\n<li>Semelle ext\u00e9rieure: caoutchouc synth\u00e9tique et li\u00e8ge<\/li>\n<li>Lacets en coton<\/li>\n<\/ul>\n<p><strong><em>Fabrication<\/em><\/strong>:<\/p>\n<ul>\n<li>Ces baskets sont fabriqu\u00e9es au Portugal dans une entreprise lab\u00e9lis\u00e9e BSCI\u00a0<\/li>\n<\/ul>\n<p><em><strong>Label(s)<\/strong><\/em>:\u00a0<\/p>\n<ul>\n<li><strong>B corp<\/strong>: ce label ind\u00e9pendant \u00e9value les entreprises dans toutes leurs sph\u00e8res d&#8217;activit\u00e9, selon des exigences sociales et environnementales. Les entreprises r\u00e9pondent \u00e0 un questionnaire portant aussi bien sur l&#8217;impact environnemental, le choix des fournisseurs, la gouvernance de l&#8217;entreprise, les conditions de travail des salari\u00e9s que sur les salaires et la libre information aupr\u00e8s des clients. Des audits sont \u00e9galement r\u00e9guli\u00e8rement r\u00e9alis\u00e9s.<\/li>\n<li>Usines certifi\u00e9es <strong>BSCI<\/strong>,\u00a0\u00a0ce qui garantit une r\u00e9mun\u00e9ration juste des travailleurs, la libert\u00e9 d&#8217;association, des horaires de travail d\u00e9cents, la sant\u00e9 et la s\u00e9curit\u00e9 au travail<\/li>\n<\/ul>\n<p><em><strong>Conseil taille<\/strong><\/em>: Ce mod\u00e8le taille normalement, prenez votre pointure habituelle. Si vous avez un doute sur la pointure, contactez-nous \u00e0 juliette@coco-friendly.com<\/p>\n<\/p>\n<p><em><strong>Entretien<\/strong><\/em>: Appliquez un spray imperm\u00e9abilisant avant la premi\u00e8re utilisation pour prot\u00e9ger la chaussure. Vous pouvez r\u00e9p\u00e9ter cette op\u00e9ration r\u00e9guli\u00e8rement. Si vos boots ont pris l&#8217;eau, faites les s\u00e9cher \u00e0 l&#8217;air ambiant et enlevez la semelle int\u00e9rieure (ne les faites pas s\u00e9cher sous un radiateur ou au soleil).<span style=\"background-color:#eff7f0;color:#3a3a3a;font-family:Poppins, sans-serif;font-size:13px\"><\/span><\/p>\n","protected":false},"excerpt":{"rendered":"<p>Boots camel en cuir su\u00e9d\u00e9, look retro inspir\u00e9 des chaussures d&#8217;alpinistes vintage. Semelles crant\u00e9es. Empi\u00e8cements en cuir lisse. Fabrication europ\u00e9enne, B Corp Boots en cuir su\u00e9d\u00e9 couleur Camel au look retro comme on aime! Ce mod\u00e8le est inspir\u00e9 des chaussures d&#8217;alpinistes vintage. Avec les petits d\u00e9tails que sont les semelles crant\u00e9es et les \u0153illets, vous [&hellip;]<\/p>\n","protected":false},"featured_media":2457544,"comment_status":"open","ping_status":"closed","template":"","meta":[],"product_brand":[],"product_cat":[1756,1759],"product_tag":[1810],"acf":[],"_links":{"self":[{"href":"https:\/\/streetmarkets.fr\/app\/wp-json\/wp\/v2\/product\/2457543"}],"collection":[{"href":"https:\/\/streetmarkets.fr\/app\/wp-json\/wp\/v2\/product"}],"about":[{"href":"https:\/\/streetmarkets.fr\/app\/wp-json\/wp\/v2\/types\/product"}],"replies":[{"embeddable":true,"href":"https:\/\/streetmarkets.fr\/app\/wp-json\/wp\/v2\/comments?post=2457543"}],"wp:featuredmedia":[{"embeddable":true,"href":"https:\/\/streetmarkets.fr\/app\/wp-json\/wp\/v2\/media\/2457544"}],"wp:attachment":[{"href":"https:\/\/streetmarkets.fr\/app\/wp-json\/wp\/v2\/media?parent=2457543"}],"wp:term":[{"taxonomy":"product_brand","embeddable":true,"href":"https:\/\/streetmarkets.fr\/app\/wp-json\/wp\/v2\/product_brand?post=2457543"},{"taxonomy":"product_cat","embeddable":true,"href":"https:\/\/streetmarkets.fr\/app\/wp-json\/wp\/v2\/product_cat?post=2457543"},{"taxonomy":"product_tag","embeddable":true,"href":"https:\/\/streetmarkets.fr\/app\/wp-json\/wp\/v2\/product_tag?post=2457543"}],"curies":[{"name":"wp","href":"https:\/\/api.w.org\/{rel}","templated":true}]}}