{"id":2457525,"date":"2025-08-15T01:45:39","date_gmt":"2025-08-14T23:45:39","guid":{"rendered":"https:\/\/streetmarkets.fr\/app\/produit\/jean-brut-tapered\/"},"modified":"2025-08-17T01:44:35","modified_gmt":"2025-08-16T23:44:35","slug":"jean-brut-tapered","status":"publish","type":"product","link":"https:\/\/streetmarkets.fr\/app\/produit\/jean-brut-tapered\/","title":{"rendered":"Jean Brut Tapered"},"content":{"rendered":"<p>Jean denim brut coupe <em>tapered<\/em>: \u00e0 mi-chemin entre le slim et le droit. La coupe est ample sur les hanches et les cuisses, en dessous du genoux la jambe est fusel\u00e9e. Ce jean est <em>vegan<\/em> certifi\u00e9 par PETA.<\/p>\n<ul>\n<li>Jean denim brut<\/li>\n<li>Couple <em>tapered:<\/em>\u00a0hanches et cuisses larges, l\u00e9g\u00e8rement fusel\u00e9 sous le genou<\/li>\n<li>5 poches<\/li>\n<li>Fermeture par bouton en bois et zip<\/li>\n<li>Jacron en papier recycl\u00e9<\/li>\n<li style=\"text-align:justify\">1 jean achet\u00e9 = 1 arbre plant\u00e9<\/li>\n<\/ul>\n<p align=\"justify\">\n<p><strong><em>Composition<\/em>:<\/strong><\/p>\n<ul>\n<li>60 % coton<\/li>\n<li>40 % coton recycl\u00e9<\/li>\n<\/ul>\n<p><em><strong>Fabrication<\/strong><\/em>:<\/p>\n<ul>\n<li>Fabriqu\u00e9 \u00e9thiquement au Maroc dans une usine lab\u00e9lis\u00e9e BSCI.<\/li>\n<\/ul>\n<p><em><strong>Label(s)<\/strong><\/em>:\u00a0<\/p>\n<ul>\n<li><strong>B corp<\/strong>: ce label ind\u00e9pendant \u00e9value les entreprises dans toutes leurs sph\u00e8res d&#8217;activit\u00e9, selon des exigences sociales et environnementales. Les entreprises r\u00e9pondent \u00e0 un questionnaire portant aussi bien sur l&#8217;impact environnemental, le choix des fournisseurs, la gouvernance de l&#8217;entreprise, les conditions de travail des salari\u00e9s que sur les salaires et la libre information aupr\u00e8s des clients. Des audits sont \u00e9galement r\u00e9guli\u00e8rement r\u00e9alis\u00e9s.<\/li>\n<li>Usines certifi\u00e9es\u00a0<strong>BSCI<\/strong>,\u00a0\u00a0ce qui garantit une r\u00e9mun\u00e9ration juste des travailleurs, la libert\u00e9 d&#8217;association, des horaires de travail d\u00e9cents, la sant\u00e9 et la s\u00e9curit\u00e9 au travail<\/li>\n<\/ul>\n<p><span style=\"font-family:NudieJeansHeadline, sans-serif;font-size:13.44px;padding:5px 0px;color:#202020;text-transform:capitalize;background-color:#fbfbf8\">\u00a0<\/span><\/p>\n<p><em><strong>Conseil taille<\/strong><\/em>: ce mod\u00e8le taille normalement, prenez votre taille habituelle. Toutefois si vous \u00eates entre deux tailles, prenez la taille du dessous.<\/p>\n<p><strong><em>Entretien<\/em><\/strong>: lavez \u00e0 30\u00b0C en machine, sur l&#8217;envers. Lavez peu votre jean, il suffit de l&#8217;a\u00e9rer et de le porter un jour sur deux plut\u00f4t que tous les jours.<\/p>\n","protected":false},"excerpt":{"rendered":"<p>Jean denim brut coupe tapered: \u00e0 mi-chemin entre le slim et le droit. La coupe est ample sur les hanches et les cuisses, en dessous du genoux la jambe est fusel\u00e9e. Ce jean est vegan certifi\u00e9 par PETA. Jean denim brut Couple tapered:\u00a0hanches et cuisses larges, l\u00e9g\u00e8rement fusel\u00e9 sous le genou 5 poches Fermeture par [&hellip;]<\/p>\n","protected":false},"featured_media":2457526,"comment_status":"open","ping_status":"closed","template":"","meta":[],"product_brand":[],"product_cat":[1756,1758],"product_tag":[1810],"acf":[],"_links":{"self":[{"href":"https:\/\/streetmarkets.fr\/app\/wp-json\/wp\/v2\/product\/2457525"}],"collection":[{"href":"https:\/\/streetmarkets.fr\/app\/wp-json\/wp\/v2\/product"}],"about":[{"href":"https:\/\/streetmarkets.fr\/app\/wp-json\/wp\/v2\/types\/product"}],"replies":[{"embeddable":true,"href":"https:\/\/streetmarkets.fr\/app\/wp-json\/wp\/v2\/comments?post=2457525"}],"wp:featuredmedia":[{"embeddable":true,"href":"https:\/\/streetmarkets.fr\/app\/wp-json\/wp\/v2\/media\/2457526"}],"wp:attachment":[{"href":"https:\/\/streetmarkets.fr\/app\/wp-json\/wp\/v2\/media?parent=2457525"}],"wp:term":[{"taxonomy":"product_brand","embeddable":true,"href":"https:\/\/streetmarkets.fr\/app\/wp-json\/wp\/v2\/product_brand?post=2457525"},{"taxonomy":"product_cat","embeddable":true,"href":"https:\/\/streetmarkets.fr\/app\/wp-json\/wp\/v2\/product_cat?post=2457525"},{"taxonomy":"product_tag","embeddable":true,"href":"https:\/\/streetmarkets.fr\/app\/wp-json\/wp\/v2\/product_tag?post=2457525"}],"curies":[{"name":"wp","href":"https:\/\/api.w.org\/{rel}","templated":true}]}}