{"id":2457496,"date":"2025-08-15T01:45:35","date_gmt":"2025-08-14T23:45:35","guid":{"rendered":"https:\/\/streetmarkets.fr\/app\/produit\/jean-regular-basic-blue-scott\/"},"modified":"2025-08-17T01:44:34","modified_gmt":"2025-08-16T23:44:34","slug":"jean-regular-basic-blue-scott","status":"publish","type":"product","link":"https:\/\/streetmarkets.fr\/app\/produit\/jean-regular-basic-blue-scott\/","title":{"rendered":"Jean Regular Basic Blue Scott"},"content":{"rendered":"<p>Jean droit regular, couleur basic blue. Un jean confortable, fermeture zipp\u00e9e. Coton r\u00e9g\u00e9n\u00e9ratif, fabrication commerce \u00e9quitable.<\/p>\n<p>Le classique jean droit fonc\u00e9 mais pas brut. Ce jean \u00e0 la coupe <em>regular <\/em>a les jambes tr\u00e8s tr\u00e8s l\u00e9g\u00e8rement fusel\u00e9es mais vous pouvez le consid\u00e9rer comme droit. C&#8217;est un jean tr\u00e8s confortable car il n&#8217;est pas trop pr\u00e8s du corps.<\/p>\n<p>Chez Coco Friendly on l&#8217;adore avec un petit revers en bas pour un look d\u00e9contract\u00e9!<\/p>\n<ul>\n<li>Coupe droite <em>regular<\/em><\/li>\n<li style=\"border:0px;font-style:inherit;font-weight:inherit;margin:0px;padding:0px;vertical-align:baseline\">Cinq poches, fermeture zipp\u00e9e<\/li>\n<li style=\"border:0px;font-style:inherit;font-weight:inherit;margin:0px;padding:0px;vertical-align:baseline\">Le patch \u00e0 l\u2019arri\u00e8re du jean est principalement compos\u00e9 de d\u00e9chets de ma\u00efs, ce qui rend ce jean 100% vegan<\/li>\n<li style=\"border:0px;font-style:inherit;font-weight:inherit;margin:0px;padding:0px;vertical-align:baseline\">Toile <em>basic blue<\/em>, le jean a un l\u00e9ger d\u00e9lavage<\/li>\n<li style=\"border:0px;font-style:inherit;font-weight:inherit;margin:0px;padding:0px;vertical-align:baseline\">La toile va s\u2019assouplir au port\u00e9<\/li>\n<li>Le jean a une longueur 32<\/li>\n<\/ul>\n<p><strong><em>Composition<\/em>:<\/strong><\/p>\n<ul>\n<li>99 % coton r\u00e9g\u00e9n\u00e9ratif<\/li>\n<li>1 % \u00e9lasthanne<\/li>\n<li>Le coton r\u00e9g\u00e9n\u00e9ratif participe \u00e0 \u00e9quilibrer les \u00e9cosyst\u00e8mes et am\u00e9liore la qualit\u00e9 des sols<\/li>\n<\/ul>\n<p><em><strong>Fabrication<\/strong><\/em>:<\/p>\n<ul>\n<li>Fabriqu\u00e9 \u00e9thiquement en Turquie par l\u2019entreprise Sarp Jeans, le tissu provient de l&#8217;entreprise Bossa Denim<\/li>\n<\/ul>\n<p><em><strong>Label(s)<\/strong><\/em>:\u00a0<\/p>\n<ul>\n<li>Vegan certifi\u00e9\u00a0<strong><a href=\"https:\/\/www.petafrance.com\/\" style=\"color:#333333\">PETA<\/a><\/strong><\/li>\n<\/ul>\n<p><em><strong>Conseil taille<\/strong><\/em>: ce mod\u00e8le taille normalement, optez pour votre taille habituelle. Le mannequin mesure 1m86 et porte la taille W31L32.\u00a0<\/p>\n<p>Sur ce mod\u00e8le, la longueur L32 est id\u00e9ale pour avoir cet effet revers aux chevilles pour les personnes mesurant jusqu&#8217;\u00e0 1,90m.<\/p>\n<p><strong><em><\/em><\/strong><\/p>\n<p><strong><em>Entretien<\/em><\/strong>: lavez \u00e0 30\u00b0C en machine, sur l&#8217;envers et le moins souvent possible.<\/p>\n","protected":false},"excerpt":{"rendered":"<p>Jean droit regular, couleur basic blue. Un jean confortable, fermeture zipp\u00e9e. Coton r\u00e9g\u00e9n\u00e9ratif, fabrication commerce \u00e9quitable. Le classique jean droit fonc\u00e9 mais pas brut. Ce jean \u00e0 la coupe regular a les jambes tr\u00e8s tr\u00e8s l\u00e9g\u00e8rement fusel\u00e9es mais vous pouvez le consid\u00e9rer comme droit. C&#8217;est un jean tr\u00e8s confortable car il n&#8217;est pas trop pr\u00e8s [&hellip;]<\/p>\n","protected":false},"featured_media":2457497,"comment_status":"open","ping_status":"closed","template":"","meta":[],"product_brand":[],"product_cat":[1756,1758],"product_tag":[1810],"acf":[],"_links":{"self":[{"href":"https:\/\/streetmarkets.fr\/app\/wp-json\/wp\/v2\/product\/2457496"}],"collection":[{"href":"https:\/\/streetmarkets.fr\/app\/wp-json\/wp\/v2\/product"}],"about":[{"href":"https:\/\/streetmarkets.fr\/app\/wp-json\/wp\/v2\/types\/product"}],"replies":[{"embeddable":true,"href":"https:\/\/streetmarkets.fr\/app\/wp-json\/wp\/v2\/comments?post=2457496"}],"wp:featuredmedia":[{"embeddable":true,"href":"https:\/\/streetmarkets.fr\/app\/wp-json\/wp\/v2\/media\/2457497"}],"wp:attachment":[{"href":"https:\/\/streetmarkets.fr\/app\/wp-json\/wp\/v2\/media?parent=2457496"}],"wp:term":[{"taxonomy":"product_brand","embeddable":true,"href":"https:\/\/streetmarkets.fr\/app\/wp-json\/wp\/v2\/product_brand?post=2457496"},{"taxonomy":"product_cat","embeddable":true,"href":"https:\/\/streetmarkets.fr\/app\/wp-json\/wp\/v2\/product_cat?post=2457496"},{"taxonomy":"product_tag","embeddable":true,"href":"https:\/\/streetmarkets.fr\/app\/wp-json\/wp\/v2\/product_tag?post=2457496"}],"curies":[{"name":"wp","href":"https:\/\/api.w.org\/{rel}","templated":true}]}}