{"id":2457469,"date":"2025-08-15T01:45:32","date_gmt":"2025-08-14T23:45:32","guid":{"rendered":"https:\/\/streetmarkets.fr\/app\/produit\/pull-bleu-marine-laine-merinos\/"},"modified":"2025-08-17T01:44:34","modified_gmt":"2025-08-16T23:44:34","slug":"pull-bleu-marine-laine-merinos","status":"publish","type":"product","link":"https:\/\/streetmarkets.fr\/app\/produit\/pull-bleu-marine-laine-merinos\/","title":{"rendered":"Pull Bleu Marine Laine Merinos"},"content":{"rendered":"<p>Un classique inspir\u00e9 des v\u00eatements marins, ce pull en laine m\u00e9rinos est tr\u00e8s doux. Son tricot est r\u00e9alis\u00e9 en point milano qui donne un fini classique et \u00e9l\u00e9gant. La laine m\u00e9rinos a le tr\u00e8s grand avantage de la douceur, en plus de ces propri\u00e9t\u00e9s thermor\u00e9gulatrices.<\/p>\n<ul>\n<li><span style=\"text-align:justify\">Pull bleu marine<\/span><\/li>\n<li>Coupe droite, qui \u00e9pouse la silhouette<\/li>\n<li>Col rond ajust\u00e9<\/li>\n<li>Point milano en fils italiens<\/li>\n<li>Arbre Faguo brod\u00e9 sur la poitrine<\/li>\n<li>1 pull achet\u00e9 = 1 arbre plant\u00e9<\/li>\n<\/ul>\n<p align=\"justify\">\n<p><strong><em>Composition<\/em>:<\/strong><\/p>\n<ul>\n<li>100 % laine m\u00e9rinos<\/li>\n<\/ul>\n<p><em><strong>Fabrication<\/strong><\/em>:<\/p>\n<ul>\n<li>Fabriqu\u00e9 \u00e9thiquement au Maroc dans une usine lab\u00e9lis\u00e9e BSCI.<\/li>\n<\/ul>\n<p><em><strong>Label(s)<\/strong><\/em>:\u00a0<\/p>\n<ul>\n<li><strong>B corp<\/strong>: ce label ind\u00e9pendant \u00e9value les entreprises dans toutes leurs sph\u00e8res d&#8217;activit\u00e9, selon des exigences sociales et environnementales. Les entreprises r\u00e9pondent \u00e0 un questionnaire portant aussi bien sur l&#8217;impact environnemental, le choix des fournisseurs, la gouvernance de l&#8217;entreprise, les conditions de travail des salari\u00e9s que sur les salaires et la libre information aupr\u00e8s des clients. Des audits sont \u00e9galement r\u00e9guli\u00e8rement r\u00e9alis\u00e9s.<\/li>\n<li>Usines certifi\u00e9es\u00a0<strong>BSCI<\/strong>,\u00a0\u00a0ce qui garantit une r\u00e9mun\u00e9ration juste des travailleurs, la libert\u00e9 d&#8217;association, des horaires de travail d\u00e9cents, la sant\u00e9 et la s\u00e9curit\u00e9 au travail<\/li>\n<\/ul>\n<p><span style=\"font-family:NudieJeansHeadline, sans-serif;font-size:13.44px;padding:5px 0px;color:#202020;text-transform:capitalize;background-color:#fbfbf8\">\u00a0<\/span><\/p>\n<p><em><strong>Conseil taille<\/strong><\/em>: ce mod\u00e8le taille normalement, prenez votre taille habituelle.\u00a0<\/p>\n<p><strong><em>Entretien<\/em><\/strong>: lavez \u00e0 froid<\/p>\n","protected":false},"excerpt":{"rendered":"<p>Un classique inspir\u00e9 des v\u00eatements marins, ce pull en laine m\u00e9rinos est tr\u00e8s doux. Son tricot est r\u00e9alis\u00e9 en point milano qui donne un fini classique et \u00e9l\u00e9gant. La laine m\u00e9rinos a le tr\u00e8s grand avantage de la douceur, en plus de ces propri\u00e9t\u00e9s thermor\u00e9gulatrices. Pull bleu marine Coupe droite, qui \u00e9pouse la silhouette Col [&hellip;]<\/p>\n","protected":false},"featured_media":2457471,"comment_status":"open","ping_status":"closed","template":"","meta":[],"product_brand":[7128],"product_cat":[1756,1758],"product_tag":[1810],"acf":[],"_links":{"self":[{"href":"https:\/\/streetmarkets.fr\/app\/wp-json\/wp\/v2\/product\/2457469"}],"collection":[{"href":"https:\/\/streetmarkets.fr\/app\/wp-json\/wp\/v2\/product"}],"about":[{"href":"https:\/\/streetmarkets.fr\/app\/wp-json\/wp\/v2\/types\/product"}],"replies":[{"embeddable":true,"href":"https:\/\/streetmarkets.fr\/app\/wp-json\/wp\/v2\/comments?post=2457469"}],"wp:featuredmedia":[{"embeddable":true,"href":"https:\/\/streetmarkets.fr\/app\/wp-json\/wp\/v2\/media\/2457471"}],"wp:attachment":[{"href":"https:\/\/streetmarkets.fr\/app\/wp-json\/wp\/v2\/media?parent=2457469"}],"wp:term":[{"taxonomy":"product_brand","embeddable":true,"href":"https:\/\/streetmarkets.fr\/app\/wp-json\/wp\/v2\/product_brand?post=2457469"},{"taxonomy":"product_cat","embeddable":true,"href":"https:\/\/streetmarkets.fr\/app\/wp-json\/wp\/v2\/product_cat?post=2457469"},{"taxonomy":"product_tag","embeddable":true,"href":"https:\/\/streetmarkets.fr\/app\/wp-json\/wp\/v2\/product_tag?post=2457469"}],"curies":[{"name":"wp","href":"https:\/\/api.w.org\/{rel}","templated":true}]}}