{"id":2457456,"date":"2025-08-15T01:45:31","date_gmt":"2025-08-14T23:45:31","guid":{"rendered":"https:\/\/streetmarkets.fr\/app\/produit\/chemise-flanelle-coton-anthracite\/"},"modified":"2025-08-17T01:44:34","modified_gmt":"2025-08-16T23:44:34","slug":"chemise-flanelle-coton-anthracite","status":"publish","type":"product","link":"https:\/\/streetmarkets.fr\/app\/produit\/chemise-flanelle-coton-anthracite\/","title":{"rendered":"Chemise Flanelle Coton Anthracite"},"content":{"rendered":"<p>Une chemise toute douce et lumineuse pour la saison froide. La coupe est droite, un peu oversize, pour un look moderne. 100 % coton, commerce \u00e9quitable.<\/p>\n<p>Une chemise toute douce et chaude pour la saison froide. La coupe est droite, un peu oversize, pour un look moderne. Cette chemise peut \u00e9galement \u00eatre port\u00e9e en sur-chemise. De couleur anthracite, elle se portera facilement avec un beau jean brut, un pantalon de flanelle bleu, ou encore en velours vert. Une pi\u00e8ce r\u00e9solument confortable!<\/p>\n<ul>\n<li><span style=\"text-align:justify\">Chemise en flanelle de coton anthracite<\/span><\/li>\n<li><span style=\"text-align:justify\">Coupe droite<\/span><\/li>\n<li><span style=\"text-align:justify\">Poches poitrine<\/span><\/li>\n<li><span style=\"text-align:justify\">Col classique<\/span><\/li>\n<li style=\"text-align:justify\">1 chemise achet\u00e9e = 1 arbre plant\u00e9<\/li>\n<\/ul>\n<p align=\"justify\">\n<p><strong><em>Composition<\/em>:<\/strong><\/p>\n<ul>\n<li>100 % coton\u00a0<\/li>\n<\/ul>\n<p><em><strong>Fabrication<\/strong><\/em>:<\/p>\n<ul>\n<li>Fabriqu\u00e9e \u00e9thiquement au Maroc dans une usine lab\u00e9lis\u00e9e BSCI.<\/li>\n<\/ul>\n<p><em><strong>Label(s)<\/strong><\/em>:\u00a0<\/p>\n<ul>\n<li><strong>B corp<\/strong>: ce label ind\u00e9pendant \u00e9value les entreprises dans toutes leurs sph\u00e8res d&#8217;activit\u00e9, selon des exigences sociales et environnementales. Les entreprises r\u00e9pondent \u00e0 un questionnaire portant aussi bien sur l&#8217;impact environnemental, le choix des fournisseurs, la gouvernance de l&#8217;entreprise, les conditions de travail des salari\u00e9s que sur les salaires et la libre information aupr\u00e8s des clients. Des audits sont \u00e9galement r\u00e9guli\u00e8rement r\u00e9alis\u00e9s.<\/li>\n<li>Usines certifi\u00e9es\u00a0<strong>BSCI<\/strong>,\u00a0\u00a0ce qui garantit une r\u00e9mun\u00e9ration juste des travailleurs, la libert\u00e9 d&#8217;association, des horaires de travail d\u00e9cents, la sant\u00e9 et la s\u00e9curit\u00e9 au travail<\/li>\n<\/ul>\n<p><span style=\"font-family:NudieJeansHeadline, sans-serif;font-size:13.44px;padding:5px 0px;color:#202020;text-transform:capitalize;background-color:#fbfbf8\">\u00a0<\/span><\/p>\n<p><em><strong>Conseil taille<\/strong><\/em>: ce mod\u00e8le taille normalement, prenez votre taille habituelle.\u00a0<\/p>\n<p><strong><em>Entretien<\/em><\/strong>: lavez \u00e0 30\u00b0C en machine.<\/p>\n","protected":false},"excerpt":{"rendered":"<p>Une chemise toute douce et lumineuse pour la saison froide. La coupe est droite, un peu oversize, pour un look moderne. 100 % coton, commerce \u00e9quitable. Une chemise toute douce et chaude pour la saison froide. La coupe est droite, un peu oversize, pour un look moderne. Cette chemise peut \u00e9galement \u00eatre port\u00e9e en sur-chemise. [&hellip;]<\/p>\n","protected":false},"featured_media":2457457,"comment_status":"open","ping_status":"closed","template":"","meta":[],"product_brand":[],"product_cat":[1756,1758],"product_tag":[1810],"acf":[],"_links":{"self":[{"href":"https:\/\/streetmarkets.fr\/app\/wp-json\/wp\/v2\/product\/2457456"}],"collection":[{"href":"https:\/\/streetmarkets.fr\/app\/wp-json\/wp\/v2\/product"}],"about":[{"href":"https:\/\/streetmarkets.fr\/app\/wp-json\/wp\/v2\/types\/product"}],"replies":[{"embeddable":true,"href":"https:\/\/streetmarkets.fr\/app\/wp-json\/wp\/v2\/comments?post=2457456"}],"wp:featuredmedia":[{"embeddable":true,"href":"https:\/\/streetmarkets.fr\/app\/wp-json\/wp\/v2\/media\/2457457"}],"wp:attachment":[{"href":"https:\/\/streetmarkets.fr\/app\/wp-json\/wp\/v2\/media?parent=2457456"}],"wp:term":[{"taxonomy":"product_brand","embeddable":true,"href":"https:\/\/streetmarkets.fr\/app\/wp-json\/wp\/v2\/product_brand?post=2457456"},{"taxonomy":"product_cat","embeddable":true,"href":"https:\/\/streetmarkets.fr\/app\/wp-json\/wp\/v2\/product_cat?post=2457456"},{"taxonomy":"product_tag","embeddable":true,"href":"https:\/\/streetmarkets.fr\/app\/wp-json\/wp\/v2\/product_tag?post=2457456"}],"curies":[{"name":"wp","href":"https:\/\/api.w.org\/{rel}","templated":true}]}}