{"id":2457429,"date":"2025-08-15T01:45:28","date_gmt":"2025-08-14T23:45:28","guid":{"rendered":"https:\/\/streetmarkets.fr\/app\/produit\/jean-regular-gritty-jackson-dry-maze-selvage\/"},"modified":"2025-08-17T01:44:34","modified_gmt":"2025-08-16T23:44:34","slug":"jean-regular-gritty-jackson-dry-maze-selvage","status":"publish","type":"product","link":"https:\/\/streetmarkets.fr\/app\/produit\/jean-regular-gritty-jackson-dry-maze-selvage\/","title":{"rendered":"Jean Regular Gritty Jackson Dry Maze Selvage"},"content":{"rendered":"<p>Jean Gritty Jackson, coupe regular droite. Toile coton biologique GOTS. Jean confortable et r\u00e9parable au fil des ann\u00e9es!<\/p>\n<p>Jean 100% coton biologique bleu indigo fonc\u00e9. La toile de ce jean est plut\u00f4t rigide, avec sa coupe regular et sa teinte brute, ce jean est un classique d&#8217;une tr\u00e8s grande qualit\u00e9. Comme pour tous les jeans brut, et notamment avec cette toile <em>dry selvage<\/em>, nous vous recommandons de porter ce jean au moins 6 mois avant de le laver: la patine n&#8217;en sera que plus belle car la couleur va se faire \u00e0 votre corps et \u00e0 votre fa\u00e7on de vous mouvoir.\u00a0<\/p>\n<p>Coupe regular, jambe droite. On aime lui faire un petit revers, port\u00e9 sur une basket ou de belles bottines.\u00a0<\/p>\n<p>Le must : cette pi\u00e8ce est r\u00e9parable au fil des ann\u00e9es. Si vous souhaitez une retouche li\u00e9e \u00e0 l&#8217;usure, contactez-nous !<\/p>\n<ul>\n<li><span style=\"text-align:justify\">Jean coupe <em>regular <\/em>aux jambes droites<\/span><\/li>\n<li><span style=\"text-align:justify\">Taille mi-haute, fermeture \u00e0 zip<\/span><\/li>\n<li><span style=\"text-align:justify\">Bouton et rivets en cuivre<\/span><\/li>\n<li><span style=\"text-align:justify\">Cinq poches<\/span><\/li>\n<li><span style=\"text-align:justify\">Surpiqures couleur tabac, sauf sur les poches dos o\u00f9 les surpiqures sont bleues<\/span><\/li>\n<li><span style=\"text-align:justify\">Toile denim selvage 14,25 oz turque<\/span><\/li>\n<li><span style=\"text-align:justify\">Si la toile est un peu rigide au d\u00e9but, elle s&#8217;assouplit dans le temps<\/span><\/li>\n<li><span style=\"text-align:justify\">Environ 470 L d&#8217;eau n\u00e9cessaire \u00e0 la fabrication de ce jean<\/span><\/li>\n<\/ul>\n<p><span style=\"text-align:justify\"><\/span><\/p>\n<p><strong><em>Composition<\/em>:<\/strong><\/p>\n<ul>\n<li>100% coton biologique certifi\u00e9 GOTS<\/li>\n<li><em>Le coton biologique certifi\u00e9 GOTS contribue \u00e0 \u00e9conomiser de l\u2019eau, \u00e0 pr\u00e9server la sant\u00e9 des travailleurs ainsi que la biodiversit\u00e9, pour les g\u00e9n\u00e9rations \u00e0 venir.<\/em><\/li>\n<\/ul>\n<p><em><strong>Fabrication<\/strong><\/em>:<\/p>\n<ul>\n<li>Fabriqu\u00e9 \u00e9thiquement en Italie. La toile denim est fabriqu\u00e9e en Turquie par l&#8217;entreprise Bossa Denim.<\/li>\n<\/ul>\n<p><em><strong>Label(s)<\/strong><\/em>:\u00a0<\/p>\n<ul>\n<li style=\"text-align:left\"><strong>GOTS<\/strong>\u00a0(Global Organic Textile Standard) sur tout la cha\u00eene de production, de la culture du coton aux finitions.<\/li>\n<\/ul>\n<p><em><strong>Conseil taille<\/strong><\/em>: ce mod\u00e8le taille normalement, prenez votre taille habituelle. Si vous \u00eates entre deux tailles, optez pour la taille du dessus.<\/p>\n<p><strong><em>Entretien<\/em><\/strong>: Lavez votre jean le moins souvent possible. Si vous le pouvez, <strong>attendez de le porter au moins 6 mois<\/strong> avant un premier lavage, la couleur va se fixer et se d\u00e9laver de la meilleure des fa\u00e7ons. Laver \u00e0 30\u00b0C en machine, sur l&#8217;envers. Ce jean peut d\u00e9teindre et r\u00e9tr\u00e9cir de 3% max lors du lavage. Vous pouvez \u00e9tirer le jean lorsqu&#8217;il est encore humide, notamment au niveau de la taille.<\/p>\n","protected":false},"excerpt":{"rendered":"<p>Jean Gritty Jackson, coupe regular droite. Toile coton biologique GOTS. Jean confortable et r\u00e9parable au fil des ann\u00e9es! Jean 100% coton biologique bleu indigo fonc\u00e9. La toile de ce jean est plut\u00f4t rigide, avec sa coupe regular et sa teinte brute, ce jean est un classique d&#8217;une tr\u00e8s grande qualit\u00e9. Comme pour tous les jeans [&hellip;]<\/p>\n","protected":false},"featured_media":2457430,"comment_status":"open","ping_status":"closed","template":"","meta":[],"product_brand":[],"product_cat":[1756,1758],"product_tag":[1810],"acf":[],"_links":{"self":[{"href":"https:\/\/streetmarkets.fr\/app\/wp-json\/wp\/v2\/product\/2457429"}],"collection":[{"href":"https:\/\/streetmarkets.fr\/app\/wp-json\/wp\/v2\/product"}],"about":[{"href":"https:\/\/streetmarkets.fr\/app\/wp-json\/wp\/v2\/types\/product"}],"replies":[{"embeddable":true,"href":"https:\/\/streetmarkets.fr\/app\/wp-json\/wp\/v2\/comments?post=2457429"}],"wp:featuredmedia":[{"embeddable":true,"href":"https:\/\/streetmarkets.fr\/app\/wp-json\/wp\/v2\/media\/2457430"}],"wp:attachment":[{"href":"https:\/\/streetmarkets.fr\/app\/wp-json\/wp\/v2\/media?parent=2457429"}],"wp:term":[{"taxonomy":"product_brand","embeddable":true,"href":"https:\/\/streetmarkets.fr\/app\/wp-json\/wp\/v2\/product_brand?post=2457429"},{"taxonomy":"product_cat","embeddable":true,"href":"https:\/\/streetmarkets.fr\/app\/wp-json\/wp\/v2\/product_cat?post=2457429"},{"taxonomy":"product_tag","embeddable":true,"href":"https:\/\/streetmarkets.fr\/app\/wp-json\/wp\/v2\/product_tag?post=2457429"}],"curies":[{"name":"wp","href":"https:\/\/api.w.org\/{rel}","templated":true}]}}