{"id":2457390,"date":"2025-08-15T01:44:58","date_gmt":"2025-08-14T23:44:58","guid":{"rendered":"https:\/\/streetmarkets.fr\/app\/produit\/chemise-micro-carreaux-bleue\/"},"modified":"2025-08-15T01:45:20","modified_gmt":"2025-08-14T23:45:20","slug":"chemise-micro-carreaux-bleue","status":"publish","type":"product","link":"https:\/\/streetmarkets.fr\/app\/produit\/chemise-micro-carreaux-bleue\/","title":{"rendered":"Chemise Micro Carreaux Bleue"},"content":{"rendered":"<p>Chemise \u00e0 la coupe droite dans un magnifique tissu \u00e0 micro carreaux bleu. Coup de c\u0153ur pour cette \u00e9toffe! Cette chemise\u00a0 douce sur la peau est id\u00e9ale au quotidien ou pour des \u00e9v\u00e9nements plus festifs gr\u00e2ce \u00e0 son motif \u00e9l\u00e9gant.\u00a0<\/p>\n<ul>\n<li style=\"text-align:justify\">Chemise \u00e0 micro carreaux bleu<span style=\"text-align:justify\"><\/span><\/li>\n<li><span style=\"text-align:justify\">Manches longues<\/span><\/li>\n<li><span style=\"text-align:justify\">Col chemise classique<\/span><\/li>\n<li><span style=\"text-align:justify\">Coupe droite<\/span><\/li>\n<li style=\"text-align:justify\">Fermeture boutonn\u00e9e<\/li>\n<\/ul>\n<p><span style=\"text-align:justify\"><\/span><\/p>\n<p><strong><em>Composition<\/em>:<\/strong><\/p>\n<ul>\n<li>100 % coton biologique certifi\u00e9 GOTS<\/li>\n<li>Le coton biologique certifi\u00e9 GOTS contribue \u00e0 \u00e9conomiser de l\u2019eau, \u00e0 pr\u00e9server la sant\u00e9 des travailleurs ainsi que la biodiversit\u00e9, pour les g\u00e9n\u00e9rations \u00e0 venir.<\/li>\n<\/ul>\n<p><em><strong>Fabrication<\/strong><\/em>:<\/p>\n<ul>\n<li>Fabriqu\u00e9e \u00e9thiquement en Inde<\/li>\n<\/ul>\n<p><em><strong>Label(s)<\/strong><\/em>:\u00a0<\/p>\n<ul>\n<li>\n<ul>\n<li style=\"text-align:left\"><strong>GOTS<\/strong>\u00a0(Global Organic Textile Standard) sur tout la cha\u00eene de production, de la culture du coton aux finitions.<\/li>\n<\/ul>\n<\/li>\n<\/ul>\n<p><em><strong>Conseil taille<\/strong><\/em>: ce mod\u00e8le taille normalement, prenez votre taille habituelle. Le mannequin mesure 1m87 et porte la taille M.<\/p>\n<p><strong><em>Entretien<\/em><\/strong>: lavez \u00e0 30\u00b0C en machine.<a href=\"https:\/\/thinkingmu.com\/en\/\" style=\"background-color:transparent;color:#b1c2b2\"><\/a><\/p>\n","protected":false},"excerpt":{"rendered":"<p>Chemise \u00e0 la coupe droite dans un magnifique tissu \u00e0 micro carreaux bleu. Coup de c\u0153ur pour cette \u00e9toffe! Cette chemise\u00a0 douce sur la peau est id\u00e9ale au quotidien ou pour des \u00e9v\u00e9nements plus festifs gr\u00e2ce \u00e0 son motif \u00e9l\u00e9gant.\u00a0 Chemise \u00e0 micro carreaux bleu Manches longues Col chemise classique Coupe droite Fermeture boutonn\u00e9e Composition: [&hellip;]<\/p>\n","protected":false},"featured_media":2457391,"comment_status":"open","ping_status":"closed","template":"","meta":[],"product_brand":[],"product_cat":[1756,1758],"product_tag":[1810],"acf":[],"_links":{"self":[{"href":"https:\/\/streetmarkets.fr\/app\/wp-json\/wp\/v2\/product\/2457390"}],"collection":[{"href":"https:\/\/streetmarkets.fr\/app\/wp-json\/wp\/v2\/product"}],"about":[{"href":"https:\/\/streetmarkets.fr\/app\/wp-json\/wp\/v2\/types\/product"}],"replies":[{"embeddable":true,"href":"https:\/\/streetmarkets.fr\/app\/wp-json\/wp\/v2\/comments?post=2457390"}],"wp:featuredmedia":[{"embeddable":true,"href":"https:\/\/streetmarkets.fr\/app\/wp-json\/wp\/v2\/media\/2457391"}],"wp:attachment":[{"href":"https:\/\/streetmarkets.fr\/app\/wp-json\/wp\/v2\/media?parent=2457390"}],"wp:term":[{"taxonomy":"product_brand","embeddable":true,"href":"https:\/\/streetmarkets.fr\/app\/wp-json\/wp\/v2\/product_brand?post=2457390"},{"taxonomy":"product_cat","embeddable":true,"href":"https:\/\/streetmarkets.fr\/app\/wp-json\/wp\/v2\/product_cat?post=2457390"},{"taxonomy":"product_tag","embeddable":true,"href":"https:\/\/streetmarkets.fr\/app\/wp-json\/wp\/v2\/product_tag?post=2457390"}],"curies":[{"name":"wp","href":"https:\/\/api.w.org\/{rel}","templated":true}]}}