{"id":2457382,"date":"2025-08-15T01:44:57","date_gmt":"2025-08-14T23:44:57","guid":{"rendered":"https:\/\/streetmarkets.fr\/app\/produit\/sweater-kaki-uni\/"},"modified":"2025-08-15T01:45:20","modified_gmt":"2025-08-14T23:45:20","slug":"sweater-kaki-uni","status":"publish","type":"product","link":"https:\/\/streetmarkets.fr\/app\/produit\/sweater-kaki-uni\/","title":{"rendered":"Sweater Kaki Uni"},"content":{"rendered":"<p>Adepte des pi\u00e8ces simples mais bien coup\u00e9es ? Vous allez aimer ce sweat kaki uni. Le petit plus, c&#8217;est son int\u00e9rieur en molleton de coton ultra doux!<\/p>\n<ul>\n<li style=\"text-align:justify\">Coupe droite, col rond<\/li>\n<li style=\"text-align:justify\">Couleur kaki<\/li>\n<li style=\"text-align:justify\">Int\u00e9rieur molleton gratt\u00e9<\/li>\n<li style=\"text-align:justify\">Broderie arbre sur la poitrine<\/li>\n<li style=\"text-align:justify\">1 sweat achet\u00e9 = 1 arbre plant\u00e9<\/li>\n<\/ul>\n<p align=\"justify\">\n<p><strong><em>Composition<\/em>:<\/strong><\/p>\n<ul>\n<li>68 % coton dont 38% recycl\u00e9<\/li>\n<li>32% polyester recycl\u00e9<\/li>\n<\/ul>\n<p><em><strong>Fabrication<\/strong><\/em>:<\/p>\n<ul>\n<li>Fabriqu\u00e9 en Chine dans une usine lab\u00e9lis\u00e9e BSCI.<\/li>\n<\/ul>\n<p><em><strong>Label(s)<\/strong><\/em>:\u00a0<\/p>\n<ul>\n<li><strong>B corp<\/strong>: ce label ind\u00e9pendant \u00e9value les entreprises dans toutes leurs sph\u00e8res d&#8217;activit\u00e9, selon des exigences sociales et environnementales. Les entreprises r\u00e9pondent \u00e0 un questionnaire portant aussi bien sur l&#8217;impact environnemental, le choix des fournisseurs, la gouvernance de l&#8217;entreprise, les conditions de travail des salari\u00e9s que sur les salaires et la libre information aupr\u00e8s des clients. Des audits sont \u00e9galement r\u00e9guli\u00e8rement r\u00e9alis\u00e9s.<\/li>\n<li>Usines certifi\u00e9es\u00a0<strong>BSCI<\/strong>,\u00a0\u00a0ce qui garantit une r\u00e9mun\u00e9ration juste des travailleurs, la libert\u00e9 d&#8217;association, des horaires de travail d\u00e9cents, la sant\u00e9 et la s\u00e9curit\u00e9 au travail<\/li>\n<\/ul>\n<p><span style=\"font-family:NudieJeansHeadline, sans-serif;font-size:13.44px;padding:5px 0px;color:#202020;text-transform:capitalize;background-color:#fbfbf8\">\u00a0<\/span><\/p>\n<p><em><strong>Conseil taille<\/strong><\/em>: ce mod\u00e8le taille normalement, prenez votre taille habituelle.\u00a0<\/p>\n<p><strong><em>Entretien<\/em><\/strong>: lavez \u00e0 30\u00b0C en machine.<\/p>\n","protected":false},"excerpt":{"rendered":"<p>Adepte des pi\u00e8ces simples mais bien coup\u00e9es ? Vous allez aimer ce sweat kaki uni. Le petit plus, c&#8217;est son int\u00e9rieur en molleton de coton ultra doux! Coupe droite, col rond Couleur kaki Int\u00e9rieur molleton gratt\u00e9 Broderie arbre sur la poitrine 1 sweat achet\u00e9 = 1 arbre plant\u00e9 Composition: 68 % coton dont 38% recycl\u00e9 [&hellip;]<\/p>\n","protected":false},"featured_media":2457383,"comment_status":"open","ping_status":"closed","template":"","meta":[],"product_brand":[],"product_cat":[1756,1758],"product_tag":[1810],"acf":[],"_links":{"self":[{"href":"https:\/\/streetmarkets.fr\/app\/wp-json\/wp\/v2\/product\/2457382"}],"collection":[{"href":"https:\/\/streetmarkets.fr\/app\/wp-json\/wp\/v2\/product"}],"about":[{"href":"https:\/\/streetmarkets.fr\/app\/wp-json\/wp\/v2\/types\/product"}],"replies":[{"embeddable":true,"href":"https:\/\/streetmarkets.fr\/app\/wp-json\/wp\/v2\/comments?post=2457382"}],"wp:featuredmedia":[{"embeddable":true,"href":"https:\/\/streetmarkets.fr\/app\/wp-json\/wp\/v2\/media\/2457383"}],"wp:attachment":[{"href":"https:\/\/streetmarkets.fr\/app\/wp-json\/wp\/v2\/media?parent=2457382"}],"wp:term":[{"taxonomy":"product_brand","embeddable":true,"href":"https:\/\/streetmarkets.fr\/app\/wp-json\/wp\/v2\/product_brand?post=2457382"},{"taxonomy":"product_cat","embeddable":true,"href":"https:\/\/streetmarkets.fr\/app\/wp-json\/wp\/v2\/product_cat?post=2457382"},{"taxonomy":"product_tag","embeddable":true,"href":"https:\/\/streetmarkets.fr\/app\/wp-json\/wp\/v2\/product_tag?post=2457382"}],"curies":[{"name":"wp","href":"https:\/\/api.w.org\/{rel}","templated":true}]}}