{"id":2457366,"date":"2025-08-15T01:44:56","date_gmt":"2025-08-14T23:44:56","guid":{"rendered":"https:\/\/streetmarkets.fr\/app\/produit\/sweat-decontracte-bordeaux-delave\/"},"modified":"2025-08-15T01:45:20","modified_gmt":"2025-08-14T23:45:20","slug":"sweat-decontracte-bordeaux-delave","status":"publish","type":"product","link":"https:\/\/streetmarkets.fr\/app\/produit\/sweat-decontracte-bordeaux-delave\/","title":{"rendered":"Sweat D\u00e9contract\u00e9 Bordeaux D\u00e9lav\u00e9"},"content":{"rendered":"<p>Sweat \u00e0 la coupe d\u00e9contract\u00e9 bordeaux d\u00e9lav\u00e9, molleton d&#8217;\u00e9paisseur moyenne. Col rond, manches longues. Coton biologique GOTS. Fabriqu\u00e9 au Portugal.<\/p>\n<p>Coup de c\u0153ur pour ce sweat \u00e0 la coupe d\u00e9contract\u00e9e, couleur bordeaux d\u00e9lav\u00e9. Tr\u00e8s confortable, ce sweat est confectionn\u00e9 dans un molleton de coton biologique d&#8217;\u00e9paisseur moyenne. La couleur de cette pi\u00e8ce va se patiner dans le temps. Existe \u00e9galement en noir.<\/p>\n<ul>\n<li><span style=\"text-align:justify\">Sweat bordeaux d\u00e9lav\u00e9<\/span><\/li>\n<li><span style=\"text-align:justify\">Coupe <\/span>d\u00e9contract\u00e9e<\/li>\n<li>Encolure ronde<\/li>\n<li>Manches longues<\/li>\n<\/ul>\n<p><strong><em>Composition<\/em>:<\/strong><\/p>\n<ul>\n<li>100% coton biologique certifi\u00e9 GOTS\u00a0<\/li>\n<li>Le coton biologique certifi\u00e9 GOTS contribue \u00e0 \u00e9conomiser de l\u2019eau, \u00e0 pr\u00e9server la sant\u00e9 des travailleurs ainsi que la biodiversit\u00e9, pour les g\u00e9n\u00e9rations \u00e0 venir.<\/li>\n<\/ul>\n<p><em><strong>Fabrication<\/strong><\/em>:<\/p>\n<ul>\n<li>Fabriqu\u00e9 \u00e9thiquement au Portugal \u00e0 Barcelos, par l&#8217;entreprise Valerius Val\u00e9rius T\u00eaxteis<\/li>\n<\/ul>\n<p><em><strong>Label(s)<\/strong><\/em>:\u00a0<\/p>\n<ul>\n<li style=\"text-align:left\"><strong>GOTS<\/strong> (Global Organic Textile Standard) sur tout la cha\u00eene de production, de la culture du coton aux finitions.<\/li>\n<li style=\"text-align:left\"><strong>Vegan par PETA<\/strong><\/li>\n<\/ul>\n<p><em><strong>Conseil taille<\/strong><\/em>: ce mod\u00e8le taille normalement, prenez votre taille habituelle. Le mannequin mesure 1m88 et porte la taille M.<\/p>\n<p><strong><em><\/em><\/strong><\/p>\n<p><strong><em>Entretien<\/em><\/strong>: lavez \u00e0 30\u00b0C en machine.<\/p>\n","protected":false},"excerpt":{"rendered":"<p>Sweat \u00e0 la coupe d\u00e9contract\u00e9 bordeaux d\u00e9lav\u00e9, molleton d&#8217;\u00e9paisseur moyenne. Col rond, manches longues. Coton biologique GOTS. Fabriqu\u00e9 au Portugal. Coup de c\u0153ur pour ce sweat \u00e0 la coupe d\u00e9contract\u00e9e, couleur bordeaux d\u00e9lav\u00e9. Tr\u00e8s confortable, ce sweat est confectionn\u00e9 dans un molleton de coton biologique d&#8217;\u00e9paisseur moyenne. La couleur de cette pi\u00e8ce va se patiner [&hellip;]<\/p>\n","protected":false},"featured_media":2457367,"comment_status":"open","ping_status":"closed","template":"","meta":[],"product_brand":[],"product_cat":[1756,1758],"product_tag":[1810],"acf":[],"_links":{"self":[{"href":"https:\/\/streetmarkets.fr\/app\/wp-json\/wp\/v2\/product\/2457366"}],"collection":[{"href":"https:\/\/streetmarkets.fr\/app\/wp-json\/wp\/v2\/product"}],"about":[{"href":"https:\/\/streetmarkets.fr\/app\/wp-json\/wp\/v2\/types\/product"}],"replies":[{"embeddable":true,"href":"https:\/\/streetmarkets.fr\/app\/wp-json\/wp\/v2\/comments?post=2457366"}],"wp:featuredmedia":[{"embeddable":true,"href":"https:\/\/streetmarkets.fr\/app\/wp-json\/wp\/v2\/media\/2457367"}],"wp:attachment":[{"href":"https:\/\/streetmarkets.fr\/app\/wp-json\/wp\/v2\/media?parent=2457366"}],"wp:term":[{"taxonomy":"product_brand","embeddable":true,"href":"https:\/\/streetmarkets.fr\/app\/wp-json\/wp\/v2\/product_brand?post=2457366"},{"taxonomy":"product_cat","embeddable":true,"href":"https:\/\/streetmarkets.fr\/app\/wp-json\/wp\/v2\/product_cat?post=2457366"},{"taxonomy":"product_tag","embeddable":true,"href":"https:\/\/streetmarkets.fr\/app\/wp-json\/wp\/v2\/product_tag?post=2457366"}],"curies":[{"name":"wp","href":"https:\/\/api.w.org\/{rel}","templated":true}]}}