{"id":2457345,"date":"2025-08-15T01:44:55","date_gmt":"2025-08-14T23:44:55","guid":{"rendered":"https:\/\/streetmarkets.fr\/app\/produit\/tee-shirt-vert-foret\/"},"modified":"2025-08-15T01:45:19","modified_gmt":"2025-08-14T23:45:19","slug":"tee-shirt-vert-foret","status":"publish","type":"product","link":"https:\/\/streetmarkets.fr\/app\/produit\/tee-shirt-vert-foret\/","title":{"rendered":"Tee-shirt Vert For\u00eat"},"content":{"rendered":"<p>Tee-shirt vert fonc\u00e9, vert for\u00eat, confectionn\u00e9 dans un jersey de coton biologique au poids l\u00e9ger. Tissu doux et respirant. Une pi\u00e8ce indispensable dans une garde-robe minimaliste.\u00a0<\/p>\n<ul>\n<li><span style=\"text-align:justify\">Tee-shirt vert for\u00eat<\/span><span style=\"text-align:justify\"><\/span><\/li>\n<li><span style=\"text-align:justify\">Coupe droite ajust\u00e9e<\/span><\/li>\n<li><span style=\"text-align:justify\">Jersey de coton poids l\u00e9ger<\/span><\/li>\n<li>Col rond<\/li>\n<\/ul>\n<p><span style=\"text-align:justify\"><\/span><\/p>\n<p><strong><em>Composition<\/em>:<\/strong><\/p>\n<ul>\n<li>100% coton biologique certifi\u00e9 GOTS<\/li>\n<li>Le coton biologique certifi\u00e9 GOTS contribue \u00e0 \u00e9conomiser de l\u2019eau, \u00e0 pr\u00e9server la sant\u00e9 des travailleurs ainsi que la biodiversit\u00e9, pour les g\u00e9n\u00e9rations \u00e0 venir.<\/li>\n<\/ul>\n<p><em><strong>Fabrication<\/strong><\/em>:<\/p>\n<ul>\n<li>Fabriqu\u00e9 \u00e9thiquement en Inde par l&#8217;entreprise The Rajlakshmi Cotton Mills<\/li>\n<\/ul>\n<p><em><strong>Label(s)<\/strong><\/em>:\u00a0<\/p>\n<ul>\n<li style=\"text-align:left\"><strong>GOTS<\/strong>\u00a0(Global Organic Textile Standard) sur tout la cha\u00eene de production, de la culture du coton aux finitions.<\/li>\n<\/ul>\n<p><em><strong>Conseil taille<\/strong><\/em>: ce mod\u00e8le taille normalement, prenez votre taille habituelle.\u00a0<\/p>\n<p><strong><em>Entretien<\/em><\/strong>: lavez \u00e0 30\u00b0C en machine.<\/p>\n","protected":false},"excerpt":{"rendered":"<p>Tee-shirt vert fonc\u00e9, vert for\u00eat, confectionn\u00e9 dans un jersey de coton biologique au poids l\u00e9ger. Tissu doux et respirant. Une pi\u00e8ce indispensable dans une garde-robe minimaliste.\u00a0 Tee-shirt vert for\u00eat Coupe droite ajust\u00e9e Jersey de coton poids l\u00e9ger Col rond Composition: 100% coton biologique certifi\u00e9 GOTS Le coton biologique certifi\u00e9 GOTS contribue \u00e0 \u00e9conomiser de l\u2019eau, [&hellip;]<\/p>\n","protected":false},"featured_media":2457346,"comment_status":"open","ping_status":"closed","template":"","meta":[],"product_brand":[],"product_cat":[1756,1758],"product_tag":[1810],"acf":[],"_links":{"self":[{"href":"https:\/\/streetmarkets.fr\/app\/wp-json\/wp\/v2\/product\/2457345"}],"collection":[{"href":"https:\/\/streetmarkets.fr\/app\/wp-json\/wp\/v2\/product"}],"about":[{"href":"https:\/\/streetmarkets.fr\/app\/wp-json\/wp\/v2\/types\/product"}],"replies":[{"embeddable":true,"href":"https:\/\/streetmarkets.fr\/app\/wp-json\/wp\/v2\/comments?post=2457345"}],"wp:featuredmedia":[{"embeddable":true,"href":"https:\/\/streetmarkets.fr\/app\/wp-json\/wp\/v2\/media\/2457346"}],"wp:attachment":[{"href":"https:\/\/streetmarkets.fr\/app\/wp-json\/wp\/v2\/media?parent=2457345"}],"wp:term":[{"taxonomy":"product_brand","embeddable":true,"href":"https:\/\/streetmarkets.fr\/app\/wp-json\/wp\/v2\/product_brand?post=2457345"},{"taxonomy":"product_cat","embeddable":true,"href":"https:\/\/streetmarkets.fr\/app\/wp-json\/wp\/v2\/product_cat?post=2457345"},{"taxonomy":"product_tag","embeddable":true,"href":"https:\/\/streetmarkets.fr\/app\/wp-json\/wp\/v2\/product_tag?post=2457345"}],"curies":[{"name":"wp","href":"https:\/\/api.w.org\/{rel}","templated":true}]}}