{"id":2457322,"date":"2025-08-15T01:44:53","date_gmt":"2025-08-14T23:44:53","guid":{"rendered":"https:\/\/streetmarkets.fr\/app\/produit\/jean-slim-lean-dean-dark-waters\/"},"modified":"2025-08-15T01:45:19","modified_gmt":"2025-08-14T23:45:19","slug":"jean-slim-lean-dean-dark-waters","status":"publish","type":"product","link":"https:\/\/streetmarkets.fr\/app\/produit\/jean-slim-lean-dean-dark-waters\/","title":{"rendered":"Jean Slim Lean Dean Dark Waters"},"content":{"rendered":"<p>Jean slim Lean Dean bleu d\u00e9lav\u00e9. Toile stretch en coton biologique GOTS. Jean confortable et r\u00e9parable au fil des ann\u00e9es!<\/p>\n<p>Coupe <em>slim<\/em> <em>tapered<\/em>, ce jean \u00e0 la taille <em>regular<\/em> et aux jambes fusel\u00e9es mais confortables est confectionn\u00e9 dans un toile de coton biologique stretch. La couleur de ce jean allant du bleu indigo fonc\u00e9 jusqu&#8217;au bleu presque blanc est \u00e0 la fois rustique et raffin\u00e9e.<\/p>\n<p>Vous adorerez ses finitions haut-de-gamme et la qualit\u00e9 de la toile&#8230;\u00a0 ! Le must : cette pi\u00e8ce est r\u00e9parable au fil des ann\u00e9es. Si vous souhaitez une retouche li\u00e9e \u00e0 l&#8217;usure, contactez-nous !<\/p>\n<ul>\n<li style=\"border:0px;font-style:inherit;font-weight:inherit;margin:0px;padding:0px;vertical-align:baseline\">Jean slim tapered, taille regular et jambes fusel\u00e9es<\/li>\n<li style=\"border:0px;font-style:inherit;font-weight:inherit;margin:0px;padding:0px;vertical-align:baseline\">5 poches<\/li>\n<li style=\"border:0px;font-style:inherit;font-weight:inherit;margin:0px;padding:0px;vertical-align:baseline\">Taille mi-haute, fermeture \u00e0 zip<\/li>\n<li style=\"border:0px;font-style:inherit;font-weight:inherit;margin:0px;padding:0px;vertical-align:baseline\">Toile bleue d\u00e9lav\u00e9e<\/li>\n<li style=\"border:0px;font-style:inherit;font-weight:inherit;margin:0px;padding:0px;vertical-align:baseline\">Environ 450 litres d\u2019eaux utilis\u00e9s<strong><em><\/em><\/strong><\/li>\n<\/ul>\n<p><strong><em>Composition<\/em>:<\/strong><\/p>\n<ul>\n<li>99 % coton biologique certifi\u00e9 GOTS<\/li>\n<li>1 % \u00e9lasthanne, pour le confort!<\/li>\n<li>Le coton biologique certifi\u00e9 GOTS contribue \u00e0 \u00e9conomiser de l\u2019eau, \u00e0 pr\u00e9server la sant\u00e9 des travailleurs ainsi que la biodiversit\u00e9, pour les g\u00e9n\u00e9rations \u00e0 venir.<\/li>\n<\/ul>\n<p><em><strong>Fabrication<\/strong><\/em>:<\/p>\n<ul>\n<li>Fabriqu\u00e9 en Tunisie par l&#8217;entreprise Denim Authority S.A<\/li>\n<\/ul>\n<p><em><strong>Label(s)<\/strong><\/em>:\u00a0<\/p>\n<ul>\n<li><strong>GOTS<\/strong>\u00a0(Global Organic Textile Standard) sur tout la cha\u00eene de production, de la culture du coton aux finitions.<\/li>\n<li><strong>Fairtrade<\/strong><\/li>\n<\/ul>\n<p><strong><\/strong><\/p>\n<p><em><strong>Conseil taille<\/strong><\/em>: ce mod\u00e8le taille normalement, prenez votre taille habituelle. Le mannequin mesure 1m88 et porte la taille W30 L32.<\/p>\n<p><strong><em>Entretien<\/em><\/strong>: Lavez votre jean le moins souvent possible. Si vous le pouvez, attendez de le porter quelques mois avant un premier lavage, la couleur va se fixer et se d\u00e9laver de la meilleure des fa\u00e7ons. Laver \u00e0 30\u00b0C en machine, sur l&#8217;envers.<\/p>\n","protected":false},"excerpt":{"rendered":"<p>Jean slim Lean Dean bleu d\u00e9lav\u00e9. Toile stretch en coton biologique GOTS. Jean confortable et r\u00e9parable au fil des ann\u00e9es! Coupe slim tapered, ce jean \u00e0 la taille regular et aux jambes fusel\u00e9es mais confortables est confectionn\u00e9 dans un toile de coton biologique stretch. La couleur de ce jean allant du bleu indigo fonc\u00e9 jusqu&#8217;au [&hellip;]<\/p>\n","protected":false},"featured_media":2457323,"comment_status":"open","ping_status":"closed","template":"","meta":[],"product_brand":[],"product_cat":[1756,1758],"product_tag":[1810],"acf":[],"_links":{"self":[{"href":"https:\/\/streetmarkets.fr\/app\/wp-json\/wp\/v2\/product\/2457322"}],"collection":[{"href":"https:\/\/streetmarkets.fr\/app\/wp-json\/wp\/v2\/product"}],"about":[{"href":"https:\/\/streetmarkets.fr\/app\/wp-json\/wp\/v2\/types\/product"}],"replies":[{"embeddable":true,"href":"https:\/\/streetmarkets.fr\/app\/wp-json\/wp\/v2\/comments?post=2457322"}],"wp:featuredmedia":[{"embeddable":true,"href":"https:\/\/streetmarkets.fr\/app\/wp-json\/wp\/v2\/media\/2457323"}],"wp:attachment":[{"href":"https:\/\/streetmarkets.fr\/app\/wp-json\/wp\/v2\/media?parent=2457322"}],"wp:term":[{"taxonomy":"product_brand","embeddable":true,"href":"https:\/\/streetmarkets.fr\/app\/wp-json\/wp\/v2\/product_brand?post=2457322"},{"taxonomy":"product_cat","embeddable":true,"href":"https:\/\/streetmarkets.fr\/app\/wp-json\/wp\/v2\/product_cat?post=2457322"},{"taxonomy":"product_tag","embeddable":true,"href":"https:\/\/streetmarkets.fr\/app\/wp-json\/wp\/v2\/product_tag?post=2457322"}],"curies":[{"name":"wp","href":"https:\/\/api.w.org\/{rel}","templated":true}]}}