{"id":2457312,"date":"2025-08-15T01:44:52","date_gmt":"2025-08-14T23:44:52","guid":{"rendered":"https:\/\/streetmarkets.fr\/app\/produit\/veste-workwear-bleu-nuit\/"},"modified":"2025-08-15T01:45:19","modified_gmt":"2025-08-14T23:45:19","slug":"veste-workwear-bleu-nuit","status":"publish","type":"product","link":"https:\/\/streetmarkets.fr\/app\/produit\/veste-workwear-bleu-nuit\/","title":{"rendered":"Veste Workwear Bleu Nuit"},"content":{"rendered":"<p>Veste surchemise workwear en toile de coton biologique GOTS et Fairtrade. Coupe droite, \u00e0 porter et reporter chaque saison.<\/p>\n<p>Veste ou surchemise de style workwear en twill de coton biologique couleur bleu nuit. Tous les d\u00e9tails du code des v\u00eatements de travail sont l\u00e0 : le col pointu, les trois poches et la belle patte de boutonnage. La toile de cette chemise a une bonne tenue, ce qui n&#8217;enl\u00e8ve rien au confort de cette pi\u00e8ce.<\/p>\n<p>Une tr\u00e8s belle pi\u00e8ce \u00e0 porter et reporter chaque saison et \u00e0 partager \u263a<\/p>\n<ul>\n<li style=\"text-align:justify\">Veste droite en serg\u00e9 de coton biologique<\/li>\n<li style=\"text-align:justify\">Inspiration du version\u00a0<em>workwear<\/em><\/li>\n<li style=\"text-align:justify\">3 poches, col pointu<\/li>\n<li style=\"text-align:justify\">Boutonnage par boutons<\/li>\n<li>Ce produit a n\u00e9cessit\u00e9 l&#8217;usage de 240 L d&#8217;eau<\/li>\n<\/ul>\n<p><strong><em>Composition<\/em>:<\/strong><\/p>\n<ul>\n<li>100 % coton biologique certifi\u00e9 GOTS<\/li>\n<li>Le coton biologique certifi\u00e9 GOTS contribue \u00e0 \u00e9conomiser de l\u2019eau, \u00e0 pr\u00e9server la sant\u00e9 des travailleurs ainsi que la biodiversit\u00e9, pour les g\u00e9n\u00e9rations \u00e0 venir.<\/li>\n<\/ul>\n<p><em><strong>Fabrication<\/strong><\/em>:<\/p>\n<ul>\n<li>Fabriqu\u00e9e en Inde par l&#8217;entreprise Suvastra India Pvt Ltd<\/li>\n<\/ul>\n<p><em><strong>Label(s)<\/strong><\/em>:\u00a0<\/p>\n<ul>\n<li style=\"text-align:left\"><strong>GOTS<\/strong>\u00a0(Global Organic Textile Standard) sur tout la cha\u00eene de production, de la culture du coton aux finitions.<\/li>\n<li style=\"text-align:left\"><strong>Fairtrade<\/strong><\/li>\n<\/ul>\n<p><em><strong>Conseil taille<\/strong><\/em>: ce mod\u00e8le taille normalement, prenez votre taille habituelle.\u00a0<\/p>\n<p><strong><em>Entretien<\/em><\/strong>: lavez \u00e0 30\u00b0C en machine.<\/p>\n","protected":false},"excerpt":{"rendered":"<p>Veste surchemise workwear en toile de coton biologique GOTS et Fairtrade. Coupe droite, \u00e0 porter et reporter chaque saison. Veste ou surchemise de style workwear en twill de coton biologique couleur bleu nuit. Tous les d\u00e9tails du code des v\u00eatements de travail sont l\u00e0 : le col pointu, les trois poches et la belle patte [&hellip;]<\/p>\n","protected":false},"featured_media":2457313,"comment_status":"open","ping_status":"closed","template":"","meta":[],"product_brand":[],"product_cat":[1756,1758],"product_tag":[1810],"acf":[],"_links":{"self":[{"href":"https:\/\/streetmarkets.fr\/app\/wp-json\/wp\/v2\/product\/2457312"}],"collection":[{"href":"https:\/\/streetmarkets.fr\/app\/wp-json\/wp\/v2\/product"}],"about":[{"href":"https:\/\/streetmarkets.fr\/app\/wp-json\/wp\/v2\/types\/product"}],"replies":[{"embeddable":true,"href":"https:\/\/streetmarkets.fr\/app\/wp-json\/wp\/v2\/comments?post=2457312"}],"wp:featuredmedia":[{"embeddable":true,"href":"https:\/\/streetmarkets.fr\/app\/wp-json\/wp\/v2\/media\/2457313"}],"wp:attachment":[{"href":"https:\/\/streetmarkets.fr\/app\/wp-json\/wp\/v2\/media?parent=2457312"}],"wp:term":[{"taxonomy":"product_brand","embeddable":true,"href":"https:\/\/streetmarkets.fr\/app\/wp-json\/wp\/v2\/product_brand?post=2457312"},{"taxonomy":"product_cat","embeddable":true,"href":"https:\/\/streetmarkets.fr\/app\/wp-json\/wp\/v2\/product_cat?post=2457312"},{"taxonomy":"product_tag","embeddable":true,"href":"https:\/\/streetmarkets.fr\/app\/wp-json\/wp\/v2\/product_tag?post=2457312"}],"curies":[{"name":"wp","href":"https:\/\/api.w.org\/{rel}","templated":true}]}}