{"id":2457276,"date":"2025-08-15T01:44:49","date_gmt":"2025-08-14T23:44:49","guid":{"rendered":"https:\/\/streetmarkets.fr\/app\/produit\/coffret-chaussettes-chine-noir-gris-vert\/"},"modified":"2025-08-15T01:45:18","modified_gmt":"2025-08-14T23:45:18","slug":"coffret-chaussettes-chine-noir-gris-vert","status":"publish","type":"product","link":"https:\/\/streetmarkets.fr\/app\/produit\/coffret-chaussettes-chine-noir-gris-vert\/","title":{"rendered":"Coffret Chaussettes Chin\u00e9 Noir Gris Vert"},"content":{"rendered":"<p>Coffret de trois chaussettes dont une paire noir chin\u00e9, une paire gris chin\u00e9 et une paire vert chin\u00e9. Qui a dit qu&#8217;il fallait cacher ses chaussettes ?<\/p>\n<ul>\n<li>Pack de trois chaussettes:<\/li>\n<li>1 paire noir chin\u00e9<\/li>\n<li>1 paire gris chin\u00e9<\/li>\n<li>1 paire vert chin\u00e9<\/li>\n<\/ul>\n<p><em><strong>Composition :<\/strong><\/em><\/p>\n<ul>\n<li>80% coton biologique, 17% polyester, 3% \u00e9lasthanne<\/li>\n<\/ul>\n<p><em><strong>Fabrication :\u00a0<\/strong><\/em>Fabriqu\u00e9es en Chine dans un atelier audit\u00e9<\/p>\n<p><em><strong>Entretien :<\/strong><\/em> Premier lavage \u00e0 la main, puis \u00e0 30\u00b0 au maximum<\/p>\n","protected":false},"excerpt":{"rendered":"<p>Coffret de trois chaussettes dont une paire noir chin\u00e9, une paire gris chin\u00e9 et une paire vert chin\u00e9. Qui a dit qu&#8217;il fallait cacher ses chaussettes ? Pack de trois chaussettes: 1 paire noir chin\u00e9 1 paire gris chin\u00e9 1 paire vert chin\u00e9 Composition : 80% coton biologique, 17% polyester, 3% \u00e9lasthanne Fabrication :\u00a0Fabriqu\u00e9es en [&hellip;]<\/p>\n","protected":false},"featured_media":2457277,"comment_status":"open","ping_status":"closed","template":"","meta":[],"product_brand":[],"product_cat":[1756,1760],"product_tag":[1810],"acf":[],"_links":{"self":[{"href":"https:\/\/streetmarkets.fr\/app\/wp-json\/wp\/v2\/product\/2457276"}],"collection":[{"href":"https:\/\/streetmarkets.fr\/app\/wp-json\/wp\/v2\/product"}],"about":[{"href":"https:\/\/streetmarkets.fr\/app\/wp-json\/wp\/v2\/types\/product"}],"replies":[{"embeddable":true,"href":"https:\/\/streetmarkets.fr\/app\/wp-json\/wp\/v2\/comments?post=2457276"}],"wp:featuredmedia":[{"embeddable":true,"href":"https:\/\/streetmarkets.fr\/app\/wp-json\/wp\/v2\/media\/2457277"}],"wp:attachment":[{"href":"https:\/\/streetmarkets.fr\/app\/wp-json\/wp\/v2\/media?parent=2457276"}],"wp:term":[{"taxonomy":"product_brand","embeddable":true,"href":"https:\/\/streetmarkets.fr\/app\/wp-json\/wp\/v2\/product_brand?post=2457276"},{"taxonomy":"product_cat","embeddable":true,"href":"https:\/\/streetmarkets.fr\/app\/wp-json\/wp\/v2\/product_cat?post=2457276"},{"taxonomy":"product_tag","embeddable":true,"href":"https:\/\/streetmarkets.fr\/app\/wp-json\/wp\/v2\/product_tag?post=2457276"}],"curies":[{"name":"wp","href":"https:\/\/api.w.org\/{rel}","templated":true}]}}