{"id":2457266,"date":"2025-08-15T01:44:48","date_gmt":"2025-08-14T23:44:48","guid":{"rendered":"https:\/\/streetmarkets.fr\/app\/produit\/tee-shirt-aventures\/"},"modified":"2025-08-15T01:45:18","modified_gmt":"2025-08-14T23:45:18","slug":"tee-shirt-aventures","status":"publish","type":"product","link":"https:\/\/streetmarkets.fr\/app\/produit\/tee-shirt-aventures\/","title":{"rendered":"Tee-shirt Aventures"},"content":{"rendered":"<p>Ce tee-shirt blanc plut\u00f4t simple c\u00f4t\u00e9 face est tr\u00e8s cool c\u00f4t\u00e9 pile: vous trouverez une belle illustration pour les fans d&#8217;aventures et d&#8217;escapades dans la nature.\u00a0<\/p>\n<ul>\n<li><span style=\"text-align:justify\">Tee-shirt blanc imprim\u00e9<\/span><\/li>\n<li><span style=\"text-align:justify\">Coupe droite\u00a0<\/span><\/li>\n<li><span style=\"text-align:justify\">Illustration dos color\u00e9e<\/span><\/li>\n<li><span style=\"text-align:justify\">&#8220;Knowledge Cotton Apparel&#8221; imprim\u00e9 sur la poitrine devant<\/span><\/li>\n<li><span style=\"text-align:justify\">Jersey de coton<\/span><\/li>\n<li>Col rond, manches courtes<\/li>\n<\/ul>\n<p><span style=\"text-align:justify\"><\/span><\/p>\n<p><strong><em>Composition<\/em>:<\/strong><\/p>\n<ul>\n<li>100% coton biologique certifi\u00e9 GOTS, coton r\u00e9g\u00e9n\u00e9ratif<\/li>\n<li>Le coton biologique certifi\u00e9 GOTS contribue \u00e0 \u00e9conomiser de l\u2019eau, \u00e0 pr\u00e9server la sant\u00e9 des travailleurs ainsi que la biodiversit\u00e9, pour les g\u00e9n\u00e9rations \u00e0 venir.<\/li>\n<\/ul>\n<p><em><strong>Fabrication<\/strong><\/em>:<\/p>\n<ul>\n<li>Fabriqu\u00e9 \u00e9thiquement en Inde par l&#8217;entreprise The Rajlakshmi Cotton Mills<\/li>\n<\/ul>\n<p><em><strong>Label(s)<\/strong><\/em>:\u00a0<\/p>\n<ul>\n<li style=\"text-align:left\"><strong>GOTS<\/strong>\u00a0(Global Organic Textile Standard) sur tout la cha\u00eene de production, de la culture du coton aux finitions.<\/li>\n<\/ul>\n<p><em><strong>Conseil taille<\/strong><\/em>: ce mod\u00e8le taille normalement, prenez votre taille habituelle.\u00a0<\/p>\n<p><strong><em>Entretien<\/em><\/strong>: lavez \u00e0 30\u00b0C en machine.<\/p>\n","protected":false},"excerpt":{"rendered":"<p>Ce tee-shirt blanc plut\u00f4t simple c\u00f4t\u00e9 face est tr\u00e8s cool c\u00f4t\u00e9 pile: vous trouverez une belle illustration pour les fans d&#8217;aventures et d&#8217;escapades dans la nature.\u00a0 Tee-shirt blanc imprim\u00e9 Coupe droite\u00a0 Illustration dos color\u00e9e &#8220;Knowledge Cotton Apparel&#8221; imprim\u00e9 sur la poitrine devant Jersey de coton Col rond, manches courtes Composition: 100% coton biologique certifi\u00e9 GOTS, [&hellip;]<\/p>\n","protected":false},"featured_media":2457267,"comment_status":"open","ping_status":"closed","template":"","meta":[],"product_brand":[],"product_cat":[1756,1758],"product_tag":[1810],"acf":[],"_links":{"self":[{"href":"https:\/\/streetmarkets.fr\/app\/wp-json\/wp\/v2\/product\/2457266"}],"collection":[{"href":"https:\/\/streetmarkets.fr\/app\/wp-json\/wp\/v2\/product"}],"about":[{"href":"https:\/\/streetmarkets.fr\/app\/wp-json\/wp\/v2\/types\/product"}],"replies":[{"embeddable":true,"href":"https:\/\/streetmarkets.fr\/app\/wp-json\/wp\/v2\/comments?post=2457266"}],"wp:featuredmedia":[{"embeddable":true,"href":"https:\/\/streetmarkets.fr\/app\/wp-json\/wp\/v2\/media\/2457267"}],"wp:attachment":[{"href":"https:\/\/streetmarkets.fr\/app\/wp-json\/wp\/v2\/media?parent=2457266"}],"wp:term":[{"taxonomy":"product_brand","embeddable":true,"href":"https:\/\/streetmarkets.fr\/app\/wp-json\/wp\/v2\/product_brand?post=2457266"},{"taxonomy":"product_cat","embeddable":true,"href":"https:\/\/streetmarkets.fr\/app\/wp-json\/wp\/v2\/product_cat?post=2457266"},{"taxonomy":"product_tag","embeddable":true,"href":"https:\/\/streetmarkets.fr\/app\/wp-json\/wp\/v2\/product_tag?post=2457266"}],"curies":[{"name":"wp","href":"https:\/\/api.w.org\/{rel}","templated":true}]}}