{"id":2457259,"date":"2025-08-15T01:44:47","date_gmt":"2025-08-14T23:44:47","guid":{"rendered":"https:\/\/streetmarkets.fr\/app\/produit\/parka-verte-foret-impermeable\/"},"modified":"2025-08-15T01:45:18","modified_gmt":"2025-08-14T23:45:18","slug":"parka-verte-foret-impermeable","status":"publish","type":"product","link":"https:\/\/streetmarkets.fr\/app\/produit\/parka-verte-foret-impermeable\/","title":{"rendered":"Parka Verte For\u00eat Imperm\u00e9able"},"content":{"rendered":"<p>Parka verte for\u00eat en polyester recycl\u00e9 GRS et coton biologique GOTS. Imperm\u00e9able, coupe-vent, chaude et respirante. Nombreuses poches.<\/p>\n<p>Superbe parka verte for\u00eat en polyester recycl\u00e9 GRS et coton biologique GOTS. Cette parka est imperm\u00e9able, respirante, coupe-vent et chaude. Ultra pratique avec toutes ses poches (6!),<span style=\"font-size:16px;font-style:normal;font-weight:400\">\u00a0<\/span><span style=\"font-size:16px;font-style:normal;font-weight:400\">ce manteau vous accompagnera tout l&#8217;hiver pour vous prot\u00e9ger de la m\u00e9t\u00e9o froide !<\/span><span style=\"font-size:16px;font-style:normal;font-weight:400\">\u00a0<\/span><\/p>\n<ul>\n<li style=\"border:0px;font-style:inherit;font-weight:inherit;margin:0px;padding:0px;vertical-align:baseline\">Parka verte for\u00eat<\/li>\n<li style=\"border:0px;font-style:inherit;font-weight:inherit;margin:0px;padding:0px;vertical-align:baseline\">Coupe droite<\/li>\n<li style=\"border:0px;font-style:inherit;font-weight:inherit;margin:0px;padding:0px;vertical-align:baseline\">Double capuche<\/li>\n<li style=\"border:0px;font-style:inherit;font-weight:inherit;margin:0px;padding:0px;vertical-align:baseline\">Col montant<\/li>\n<li style=\"border:0px;font-style:inherit;font-weight:inherit;margin:0px;padding:0px;vertical-align:baseline\">6 poches: 3 int\u00e9rieures, 3 ext\u00e9rieures<\/li>\n<li style=\"border:0px;font-style:inherit;font-weight:inherit;margin:0px;padding:0px;vertical-align:baseline\">Fermeture par zip et pressions<\/li>\n<li style=\"border:0px;font-style:inherit;font-weight:inherit;margin:0px;padding:0px;vertical-align:baseline\">Imperm\u00e9able (5.000 mm), coupe-vent, respirante (5000\/gr\/m2 24h)\u00a0et chaude.<\/li>\n<li style=\"border:0px;font-style:inherit;font-weight:inherit;margin:0px;padding:0px;vertical-align:baseline\">Fermeture avec un zip<span style=\"text-align:justify\"><\/span><\/li>\n<\/ul>\n<p><span style=\"text-align:justify\"><\/span><\/p>\n<p><strong><em>Composition<\/em>:<\/strong><\/p>\n<ul>\n<li style=\"border:0px;font-style:inherit;font-weight:inherit;margin:0px;padding:0px;vertical-align:baseline\">Ext\u00e9rieur: 65% rPET, 35% coton biologique GOTS<\/li>\n<li style=\"border:0px;font-style:inherit;font-weight:inherit;margin:0px;padding:0px;vertical-align:baseline\">Doublure: 100 % polyester recycl\u00e9 GRS<\/li>\n<li style=\"border:0px;font-style:inherit;font-weight:inherit;margin:0px;padding:0px;vertical-align:baseline\">Matelassage: 100 % polyester recycl\u00e9 GRS<\/li>\n<li>Le coton biologique certifi\u00e9 GOTS contribue \u00e0 \u00e9conomiser de l\u2019eau, \u00e0 pr\u00e9server la sant\u00e9 des travailleurs ainsi que la biodiversit\u00e9, pour les g\u00e9n\u00e9rations \u00e0 venir.<\/li>\n<\/ul>\n<p><em><strong>Fabrication<\/strong><\/em>:<\/p>\n<ul>\n<li>Fabriqu\u00e9e \u00e9thiquement en Chine<\/li>\n<\/ul>\n<p><em><strong>Label(s)<\/strong><\/em>:\u00a0<\/p>\n<ul>\n<li style=\"text-align:left\"><strong>GRS<\/strong>\u00a0(Global Recycled Standard), norme comprenant des crit\u00e8res \u00e9cologiques et sociaux sur toutes les \u00e9tapes de la production, de la fibre au v\u00eatement fini. Ce label certifie \u00e9galement que le v\u00eatement doit \u00eatre compos\u00e9 au moins \u00e0 50% de fibres recycl\u00e9es.<\/li>\n<li style=\"text-align:left\"><strong>Vegan<\/strong> par PETA<\/li>\n<\/ul>\n<p><em><strong>Conseil taille<\/strong><\/em>: ce mod\u00e8le taille normalement, prenez votre taille habituelle.<\/p>\n<p><strong><em>Entretien<\/em><\/strong>: lavez \u00e0 30\u00b0C en machine.<\/p>\n","protected":false},"excerpt":{"rendered":"<p>Parka verte for\u00eat en polyester recycl\u00e9 GRS et coton biologique GOTS. Imperm\u00e9able, coupe-vent, chaude et respirante. Nombreuses poches. Superbe parka verte for\u00eat en polyester recycl\u00e9 GRS et coton biologique GOTS. Cette parka est imperm\u00e9able, respirante, coupe-vent et chaude. Ultra pratique avec toutes ses poches (6!),\u00a0ce manteau vous accompagnera tout l&#8217;hiver pour vous prot\u00e9ger de la [&hellip;]<\/p>\n","protected":false},"featured_media":2457260,"comment_status":"open","ping_status":"closed","template":"","meta":[],"product_brand":[],"product_cat":[1756,1758],"product_tag":[1810],"acf":[],"_links":{"self":[{"href":"https:\/\/streetmarkets.fr\/app\/wp-json\/wp\/v2\/product\/2457259"}],"collection":[{"href":"https:\/\/streetmarkets.fr\/app\/wp-json\/wp\/v2\/product"}],"about":[{"href":"https:\/\/streetmarkets.fr\/app\/wp-json\/wp\/v2\/types\/product"}],"replies":[{"embeddable":true,"href":"https:\/\/streetmarkets.fr\/app\/wp-json\/wp\/v2\/comments?post=2457259"}],"wp:featuredmedia":[{"embeddable":true,"href":"https:\/\/streetmarkets.fr\/app\/wp-json\/wp\/v2\/media\/2457260"}],"wp:attachment":[{"href":"https:\/\/streetmarkets.fr\/app\/wp-json\/wp\/v2\/media?parent=2457259"}],"wp:term":[{"taxonomy":"product_brand","embeddable":true,"href":"https:\/\/streetmarkets.fr\/app\/wp-json\/wp\/v2\/product_brand?post=2457259"},{"taxonomy":"product_cat","embeddable":true,"href":"https:\/\/streetmarkets.fr\/app\/wp-json\/wp\/v2\/product_cat?post=2457259"},{"taxonomy":"product_tag","embeddable":true,"href":"https:\/\/streetmarkets.fr\/app\/wp-json\/wp\/v2\/product_tag?post=2457259"}],"curies":[{"name":"wp","href":"https:\/\/api.w.org\/{rel}","templated":true}]}}