{"id":2457239,"date":"2025-08-15T01:44:46","date_gmt":"2025-08-14T23:44:46","guid":{"rendered":"https:\/\/streetmarkets.fr\/app\/produit\/surchemise-matelassee-bleue-marine\/"},"modified":"2025-08-15T01:45:18","modified_gmt":"2025-08-14T23:45:18","slug":"surchemise-matelassee-bleue-marine","status":"publish","type":"product","link":"https:\/\/streetmarkets.fr\/app\/produit\/surchemise-matelassee-bleue-marine\/","title":{"rendered":"Surchemise Matelass\u00e9e Bleue Marine"},"content":{"rendered":"<p>Veste surchemise matelass\u00e9e bleue marine. Serg\u00e9 de coton biologique GOTS. Coupe droite regular, poches \u00e0 rabats. Commerce \u00e9quitable.<\/p>\n<p>Superbe veste ou surchemise matelass\u00e9e \u00e0 l&#8217;int\u00e9rieur. On aime beaucoup le serg\u00e9 de coton bleu marine qui ajoutera une touche d&#8217;\u00e9l\u00e9gance \u00e0 votre tenue, en plus de la chaleur apport\u00e9e par le matelassage int\u00e9rieur d&#8217;un beige quasi dor\u00e9.\u00a0<\/p>\n<p>Une tr\u00e8s belle pi\u00e8ce \u00e0 porter et reporter chaque saison !<\/p>\n<ul>\n<li style=\"text-align:justify\">Surchemise matelass\u00e9e bleue marine<\/li>\n<li style=\"text-align:justify\">Serg\u00e9 de coton<\/li>\n<li style=\"text-align:justify\">Coupe droite<\/li>\n<li style=\"text-align:justify\">Matelassage int\u00e9rieur en polyester recycl\u00e9 et coton biologique<\/li>\n<li style=\"text-align:justify\">4 poches, col classique<\/li>\n<li style=\"text-align:justify\">Boutonnage par boutons<\/li>\n<li>Ce produit a n\u00e9cessit\u00e9 l&#8217;usage de 240 L d&#8217;eau<\/li>\n<\/ul>\n<p><strong><em>Composition<\/em>:<\/strong><\/p>\n<ul>\n<li>Ext\u00e9rieur: 100 % coton biologique certifi\u00e9 GOTS<\/li>\n<li>Le coton biologique certifi\u00e9 GOTS contribue \u00e0 \u00e9conomiser de l\u2019eau, \u00e0 pr\u00e9server la sant\u00e9 des travailleurs ainsi que la biodiversit\u00e9, pour les g\u00e9n\u00e9rations \u00e0 venir.<\/li>\n<li>Doublure: polyester recycl\u00e9 et coton biologique<\/li>\n<\/ul>\n<p><em><strong>Fabrication<\/strong><\/em>:<\/p>\n<ul>\n<li>Fabriqu\u00e9e en Inde par l&#8217;entreprise Sustainably Crafted Clothing Pvt<span style=\"font-size:13.44px;padding:5px 0px;text-transform:capitalize;color:#222222;background-color:#ffffff\"><\/span><\/li>\n<\/ul>\n<p><em><strong>Label(s)<\/strong><\/em>:\u00a0<\/p>\n<ul>\n<li style=\"text-align:left\"><strong>GOTS<\/strong>\u00a0(Global Organic Textile Standard) sur tout la cha\u00eene de production, de la culture du coton aux finitions.<\/li>\n<li style=\"text-align:left\"><strong>Fairtrade<\/strong><\/li>\n<\/ul>\n<p><em><strong>Conseil taille<\/strong><\/em>: ce mod\u00e8le taille normalement, prenez votre taille habituelle. Le mannequin mesure 1m87 et porte la taille M<\/p>\n<p><strong><em>Entretien<\/em><\/strong>: lavez \u00e0 30\u00b0C en machine.<\/p>\n","protected":false},"excerpt":{"rendered":"<p>Veste surchemise matelass\u00e9e bleue marine. Serg\u00e9 de coton biologique GOTS. Coupe droite regular, poches \u00e0 rabats. Commerce \u00e9quitable. Superbe veste ou surchemise matelass\u00e9e \u00e0 l&#8217;int\u00e9rieur. On aime beaucoup le serg\u00e9 de coton bleu marine qui ajoutera une touche d&#8217;\u00e9l\u00e9gance \u00e0 votre tenue, en plus de la chaleur apport\u00e9e par le matelassage int\u00e9rieur d&#8217;un beige quasi [&hellip;]<\/p>\n","protected":false},"featured_media":2457240,"comment_status":"open","ping_status":"closed","template":"","meta":[],"product_brand":[],"product_cat":[1756,1758],"product_tag":[1810],"acf":[],"_links":{"self":[{"href":"https:\/\/streetmarkets.fr\/app\/wp-json\/wp\/v2\/product\/2457239"}],"collection":[{"href":"https:\/\/streetmarkets.fr\/app\/wp-json\/wp\/v2\/product"}],"about":[{"href":"https:\/\/streetmarkets.fr\/app\/wp-json\/wp\/v2\/types\/product"}],"replies":[{"embeddable":true,"href":"https:\/\/streetmarkets.fr\/app\/wp-json\/wp\/v2\/comments?post=2457239"}],"wp:featuredmedia":[{"embeddable":true,"href":"https:\/\/streetmarkets.fr\/app\/wp-json\/wp\/v2\/media\/2457240"}],"wp:attachment":[{"href":"https:\/\/streetmarkets.fr\/app\/wp-json\/wp\/v2\/media?parent=2457239"}],"wp:term":[{"taxonomy":"product_brand","embeddable":true,"href":"https:\/\/streetmarkets.fr\/app\/wp-json\/wp\/v2\/product_brand?post=2457239"},{"taxonomy":"product_cat","embeddable":true,"href":"https:\/\/streetmarkets.fr\/app\/wp-json\/wp\/v2\/product_cat?post=2457239"},{"taxonomy":"product_tag","embeddable":true,"href":"https:\/\/streetmarkets.fr\/app\/wp-json\/wp\/v2\/product_tag?post=2457239"}],"curies":[{"name":"wp","href":"https:\/\/api.w.org\/{rel}","templated":true}]}}