{"id":2457231,"date":"2025-08-15T01:44:45","date_gmt":"2025-08-14T23:44:45","guid":{"rendered":"https:\/\/streetmarkets.fr\/app\/produit\/coffret-chaussettes-marine-brique-verte\/"},"modified":"2025-08-15T01:45:18","modified_gmt":"2025-08-14T23:45:18","slug":"coffret-chaussettes-marine-brique-verte","status":"publish","type":"product","link":"https:\/\/streetmarkets.fr\/app\/produit\/coffret-chaussettes-marine-brique-verte\/","title":{"rendered":"Coffret Chaussettes Marine Brique Verte"},"content":{"rendered":"<p>Coffret de trois paires de chaussettes en maille gaufr\u00e9e dont une paire bleu marine, une paire brique et une paire verte fonc\u00e9e, toutes orn\u00e9es d&#8217;un petit arbre. Qui a dit qu&#8217;il fallait cacher ses chaussettes ?<\/p>\n<ul>\n<li>Pack de trois paires de chaussettes en maille gaufr\u00e9e<\/li>\n<li>1 paire bleue marine<\/li>\n<li>1 paire brique<\/li>\n<li>1 paire verte fonc\u00e9e<\/li>\n<li>Hauteur mi-mollet\u00a0<\/li>\n<\/ul>\n<p><em><strong>Composition :<\/strong><\/em><\/p>\n<ul>\n<li>75% coton, 23% polyester recycl\u00e9, 2% \u00e9lasthanne<\/li>\n<li>Vegan par PETA<\/li>\n<\/ul>\n<p><em><strong>Fabrication :\u00a0<\/strong><\/em>Fabriqu\u00e9es en Chine dans un atelier audit\u00e9<\/p>\n<p><em><strong>Entretien :<\/strong><\/em> Laver \u00e0 30\u00b0.<\/p>\n","protected":false},"excerpt":{"rendered":"<p>Coffret de trois paires de chaussettes en maille gaufr\u00e9e dont une paire bleu marine, une paire brique et une paire verte fonc\u00e9e, toutes orn\u00e9es d&#8217;un petit arbre. Qui a dit qu&#8217;il fallait cacher ses chaussettes ? Pack de trois paires de chaussettes en maille gaufr\u00e9e 1 paire bleue marine 1 paire brique 1 paire verte [&hellip;]<\/p>\n","protected":false},"featured_media":2457232,"comment_status":"open","ping_status":"closed","template":"","meta":[],"product_brand":[],"product_cat":[1756,1760],"product_tag":[1810],"acf":[],"_links":{"self":[{"href":"https:\/\/streetmarkets.fr\/app\/wp-json\/wp\/v2\/product\/2457231"}],"collection":[{"href":"https:\/\/streetmarkets.fr\/app\/wp-json\/wp\/v2\/product"}],"about":[{"href":"https:\/\/streetmarkets.fr\/app\/wp-json\/wp\/v2\/types\/product"}],"replies":[{"embeddable":true,"href":"https:\/\/streetmarkets.fr\/app\/wp-json\/wp\/v2\/comments?post=2457231"}],"wp:featuredmedia":[{"embeddable":true,"href":"https:\/\/streetmarkets.fr\/app\/wp-json\/wp\/v2\/media\/2457232"}],"wp:attachment":[{"href":"https:\/\/streetmarkets.fr\/app\/wp-json\/wp\/v2\/media?parent=2457231"}],"wp:term":[{"taxonomy":"product_brand","embeddable":true,"href":"https:\/\/streetmarkets.fr\/app\/wp-json\/wp\/v2\/product_brand?post=2457231"},{"taxonomy":"product_cat","embeddable":true,"href":"https:\/\/streetmarkets.fr\/app\/wp-json\/wp\/v2\/product_cat?post=2457231"},{"taxonomy":"product_tag","embeddable":true,"href":"https:\/\/streetmarkets.fr\/app\/wp-json\/wp\/v2\/product_tag?post=2457231"}],"curies":[{"name":"wp","href":"https:\/\/api.w.org\/{rel}","templated":true}]}}