{"id":2457215,"date":"2025-08-15T01:44:44","date_gmt":"2025-08-14T23:44:44","guid":{"rendered":"https:\/\/streetmarkets.fr\/app\/produit\/tee-shirt-blanc\/"},"modified":"2025-08-15T01:45:17","modified_gmt":"2025-08-14T23:45:17","slug":"tee-shirt-blanc","status":"publish","type":"product","link":"https:\/\/streetmarkets.fr\/app\/produit\/tee-shirt-blanc\/","title":{"rendered":"Tee Shirt Blanc"},"content":{"rendered":"<p>Tee-shirt blanc, coupe droite, col rond en jersey de coton biologique. Intemporel, confortable et r\u00e9sistant.<\/p>\n<p>Le tee-shirt blanc 100% coton biologique, intemporel, confortable et r\u00e9sistant. Un <em>must-have<\/em> dans votre garde-robe.<\/p>\n<ul>\n<li><span style=\"text-align:justify\">Tee-shirt blanc<\/span><span style=\"text-align:justify\"><\/span><\/li>\n<li><span style=\"text-align:justify\">Coupe droite pr\u00e8s du corps<\/span><\/li>\n<li>Col rond<\/li>\n<li>Jersey de coton biologique<\/li>\n<\/ul>\n<p><span style=\"text-align:justify\"><\/span><\/p>\n<p><strong><em>Composition<\/em>:<\/strong><\/p>\n<ul>\n<li>100 % coton biologique certifi\u00e9 GOTS<\/li>\n<li>Le coton biologique certifi\u00e9 GOTS contribue \u00e0 \u00e9conomiser de l\u2019eau, \u00e0 pr\u00e9server la sant\u00e9 des travailleurs ainsi que la biodiversit\u00e9, pour les g\u00e9n\u00e9rations \u00e0 venir.<\/li>\n<\/ul>\n<p><em><strong>Fabrication<\/strong><\/em>:<\/p>\n<ul>\n<li>Fabriqu\u00e9 au Portugal par les usines Avelana (pour le tissu) et Erius (pour les d\u00e9coupe et la couture)<\/li>\n<\/ul>\n<p><em><strong>Label(s)<\/strong><\/em>:\u00a0<\/p>\n<ul>\n<li style=\"text-align:left\"><strong>GOTS<\/strong>\u00a0(Global Organic Textile Standard) sur tout la cha\u00eene de production, de la culture du coton aux finitions.<\/li>\n<\/ul>\n<p><em><strong>Conseil taille<\/strong><\/em>: ce mod\u00e8le taille normalement, prenez votre taille habituelle. Le mannequin mesure 1,91m et porte la taille L.<\/p>\n<p><strong><em>Entretien<\/em><\/strong>: lavez \u00e0 30\u00b0C en machine.<\/p>\n","protected":false},"excerpt":{"rendered":"<p>Tee-shirt blanc, coupe droite, col rond en jersey de coton biologique. Intemporel, confortable et r\u00e9sistant. Le tee-shirt blanc 100% coton biologique, intemporel, confortable et r\u00e9sistant. Un must-have dans votre garde-robe. Tee-shirt blanc Coupe droite pr\u00e8s du corps Col rond Jersey de coton biologique Composition: 100 % coton biologique certifi\u00e9 GOTS Le coton biologique certifi\u00e9 GOTS [&hellip;]<\/p>\n","protected":false},"featured_media":2457216,"comment_status":"open","ping_status":"closed","template":"","meta":[],"product_brand":[],"product_cat":[1756,1758],"product_tag":[1810],"acf":[],"_links":{"self":[{"href":"https:\/\/streetmarkets.fr\/app\/wp-json\/wp\/v2\/product\/2457215"}],"collection":[{"href":"https:\/\/streetmarkets.fr\/app\/wp-json\/wp\/v2\/product"}],"about":[{"href":"https:\/\/streetmarkets.fr\/app\/wp-json\/wp\/v2\/types\/product"}],"replies":[{"embeddable":true,"href":"https:\/\/streetmarkets.fr\/app\/wp-json\/wp\/v2\/comments?post=2457215"}],"wp:featuredmedia":[{"embeddable":true,"href":"https:\/\/streetmarkets.fr\/app\/wp-json\/wp\/v2\/media\/2457216"}],"wp:attachment":[{"href":"https:\/\/streetmarkets.fr\/app\/wp-json\/wp\/v2\/media?parent=2457215"}],"wp:term":[{"taxonomy":"product_brand","embeddable":true,"href":"https:\/\/streetmarkets.fr\/app\/wp-json\/wp\/v2\/product_brand?post=2457215"},{"taxonomy":"product_cat","embeddable":true,"href":"https:\/\/streetmarkets.fr\/app\/wp-json\/wp\/v2\/product_cat?post=2457215"},{"taxonomy":"product_tag","embeddable":true,"href":"https:\/\/streetmarkets.fr\/app\/wp-json\/wp\/v2\/product_tag?post=2457215"}],"curies":[{"name":"wp","href":"https:\/\/api.w.org\/{rel}","templated":true}]}}