{"id":2457182,"date":"2025-08-15T01:44:41","date_gmt":"2025-08-14T23:44:41","guid":{"rendered":"https:\/\/streetmarkets.fr\/app\/produit\/t-shirt-craie-uni\/"},"modified":"2025-08-17T01:44:09","modified_gmt":"2025-08-16T23:44:09","slug":"t-shirt-craie-uni","status":"publish","type":"product","link":"https:\/\/streetmarkets.fr\/app\/produit\/t-shirt-craie-uni\/","title":{"rendered":"T-shirt Craie Uni"},"content":{"rendered":"<p>Tee-shirt uni craie en jersey de coton \u00e9pais, coupe d\u00e9contract\u00e9e, col rond. Fabriqu\u00e9 au Portugal. Un intemporel confortable qui vous suivra des ann\u00e9es!<\/p>\n<p align=\"justify\">Tee-shirt uni craie au col rond, Uno est un basique des garde-robes. Fabriqu\u00e9 en jersey de coton \u00e9pais, ce tee-shirt vous suivra des ann\u00e9es.<\/p>\n<ul>\n<li><span style=\"text-align:justify\">Tee-shirt uni craie en jersey de coton \u00e9pais<\/span><\/li>\n<li><span style=\"text-align:justify\">Coupe d\u00e9contract\u00e9e<\/span><\/li>\n<li><span style=\"text-align:justify\">Col rond<\/span><\/li>\n<li><span style=\"text-align:justify\">Jersey de coton biologique<\/span><\/li>\n<li>Ce produit a n\u00e9cessit\u00e9 l&#8217;usage de 70 L d&#8217;eau<\/li>\n<\/ul>\n<p align=\"justify\">\n<p align=\"justify\">\n<p><strong><em>Composition<\/em>:<\/strong><\/p>\n<ul>\n<li>100 % coton biologique certifi\u00e9 GOTS<\/li>\n<li>Le coton biologique certifi\u00e9 GOTS contribue \u00e0 \u00e9conomiser de l\u2019eau, \u00e0 pr\u00e9server la sant\u00e9 des travailleurs ainsi que la biodiversit\u00e9, pour les g\u00e9n\u00e9rations \u00e0 venir.<\/li>\n<\/ul>\n<\/p>\n<p><em><strong>Fabrication<\/strong><\/em>:<\/p>\n<ul>\n<li>Fabriqu\u00e9 au Portugal par l&#8217;entreprise Famadex Unipessoal Lda<\/li>\n<\/ul>\n<\/p>\n<p><em><strong>Label(s)<\/strong><\/em>:\u00a0<\/p>\n<ul>\n<li style=\"text-align:left\"><strong>GOTS<\/strong>\u00a0(Global Organic Textile Standard) sur tout la cha\u00eene de production, de la culture du coton aux finitions.<\/li>\n<li style=\"text-align:left\"><strong>Fairtrade<\/strong><\/li>\n<\/ul>\n<\/p>\n<p><em><strong>Conseil taille<\/strong><\/em>: ce mod\u00e8le taille normalement, prenez votre taille habituelle. Le mannequin mesure 1m82 et porte la taille M.<\/p>\n<\/p>\n<p><strong><em>Entretien<\/em><\/strong>: lavez \u00e0 30\u00b0C en machine.<\/p>\n","protected":false},"excerpt":{"rendered":"<p>Tee-shirt uni craie en jersey de coton \u00e9pais, coupe d\u00e9contract\u00e9e, col rond. Fabriqu\u00e9 au Portugal. Un intemporel confortable qui vous suivra des ann\u00e9es! Tee-shirt uni craie au col rond, Uno est un basique des garde-robes. Fabriqu\u00e9 en jersey de coton \u00e9pais, ce tee-shirt vous suivra des ann\u00e9es. Tee-shirt uni craie en jersey de coton \u00e9pais [&hellip;]<\/p>\n","protected":false},"featured_media":2457183,"comment_status":"open","ping_status":"closed","template":"","meta":[],"product_brand":[],"product_cat":[1756,1758],"product_tag":[1810],"acf":[],"_links":{"self":[{"href":"https:\/\/streetmarkets.fr\/app\/wp-json\/wp\/v2\/product\/2457182"}],"collection":[{"href":"https:\/\/streetmarkets.fr\/app\/wp-json\/wp\/v2\/product"}],"about":[{"href":"https:\/\/streetmarkets.fr\/app\/wp-json\/wp\/v2\/types\/product"}],"replies":[{"embeddable":true,"href":"https:\/\/streetmarkets.fr\/app\/wp-json\/wp\/v2\/comments?post=2457182"}],"wp:featuredmedia":[{"embeddable":true,"href":"https:\/\/streetmarkets.fr\/app\/wp-json\/wp\/v2\/media\/2457183"}],"wp:attachment":[{"href":"https:\/\/streetmarkets.fr\/app\/wp-json\/wp\/v2\/media?parent=2457182"}],"wp:term":[{"taxonomy":"product_brand","embeddable":true,"href":"https:\/\/streetmarkets.fr\/app\/wp-json\/wp\/v2\/product_brand?post=2457182"},{"taxonomy":"product_cat","embeddable":true,"href":"https:\/\/streetmarkets.fr\/app\/wp-json\/wp\/v2\/product_cat?post=2457182"},{"taxonomy":"product_tag","embeddable":true,"href":"https:\/\/streetmarkets.fr\/app\/wp-json\/wp\/v2\/product_tag?post=2457182"}],"curies":[{"name":"wp","href":"https:\/\/api.w.org\/{rel}","templated":true}]}}