{"id":2457148,"date":"2025-08-15T01:44:14","date_gmt":"2025-08-14T23:44:14","guid":{"rendered":"https:\/\/streetmarkets.fr\/app\/produit\/chemise-verte-homme\/"},"modified":"2025-08-17T01:44:04","modified_gmt":"2025-08-16T23:44:04","slug":"chemise-verte-homme","status":"publish","type":"product","link":"https:\/\/streetmarkets.fr\/app\/produit\/chemise-verte-homme\/","title":{"rendered":"Chemise verte homme"},"content":{"rendered":"<p>Kuyichi signe ici une \u00e9l\u00e9gante chemise verte, id\u00e9ale pour un style \u00e0 la fois responsable et raffin\u00e9. Disponible chez Coco Friendly.<\/p>\n<p>Kuyichi signe ici une \u00e9l\u00e9gante chemise verte, id\u00e9ale pour un style \u00e0 la fois responsable et raffin\u00e9. Disponible chez Coco Friendly.<\/p>\n<ul>\n<li>Chemise verte homme<\/li>\n<li>Manches Courtes<\/li>\n<li>Couleur estivale<\/li>\n<\/ul>\n<p><strong><em>Composition:<\/em><\/strong><strong><em><\/em><\/strong><\/p>\n<ul>\n<li>52% coton biologique\u00a0<\/li>\n<li>Le coton biologique certifi\u00e9 GOTS contribue \u00e0 \u00e9conomiser de l&#8217;eau, \u00e0 pr\u00e9server la sant\u00e9 des travailleurs ainsi que la biodiversit\u00e9, pour les g\u00e9n\u00e9rations \u00e0 venir.\u00a0<\/li>\n<li>48% lin<\/li>\n<\/ul>\n<p><em><strong>Label(s):<\/strong><\/em><\/p>\n<ul>\n<li><strong>GOTS<\/strong>(Global Organic Textile Standard) sur toute la cha\u00eene de production, de la culture du coton aux finitions.<\/li>\n<\/ul>\n<p><em><strong>Conseil taille:<\/strong>\u00a0<\/em>ce mod\u00e8le taille normalement. Le mannequin mesure 1m86 et porte une taille L.<\/p>\n<\/p>\n<p><strong><em>Entretien:<\/em><\/strong>\u00a0lavez \u00e0 30\u00b0C en machine \u00e0 l&#8217;envers.<\/p>\n","protected":false},"excerpt":{"rendered":"<p>Kuyichi signe ici une \u00e9l\u00e9gante chemise verte, id\u00e9ale pour un style \u00e0 la fois responsable et raffin\u00e9. Disponible chez Coco Friendly. Kuyichi signe ici une \u00e9l\u00e9gante chemise verte, id\u00e9ale pour un style \u00e0 la fois responsable et raffin\u00e9. Disponible chez Coco Friendly. Chemise verte homme Manches Courtes Couleur estivale Composition: 52% coton biologique\u00a0 Le coton [&hellip;]<\/p>\n","protected":false},"featured_media":2457149,"comment_status":"open","ping_status":"closed","template":"","meta":[],"product_brand":[],"product_cat":[1756,1758],"product_tag":[1810],"acf":[],"_links":{"self":[{"href":"https:\/\/streetmarkets.fr\/app\/wp-json\/wp\/v2\/product\/2457148"}],"collection":[{"href":"https:\/\/streetmarkets.fr\/app\/wp-json\/wp\/v2\/product"}],"about":[{"href":"https:\/\/streetmarkets.fr\/app\/wp-json\/wp\/v2\/types\/product"}],"replies":[{"embeddable":true,"href":"https:\/\/streetmarkets.fr\/app\/wp-json\/wp\/v2\/comments?post=2457148"}],"wp:featuredmedia":[{"embeddable":true,"href":"https:\/\/streetmarkets.fr\/app\/wp-json\/wp\/v2\/media\/2457149"}],"wp:attachment":[{"href":"https:\/\/streetmarkets.fr\/app\/wp-json\/wp\/v2\/media?parent=2457148"}],"wp:term":[{"taxonomy":"product_brand","embeddable":true,"href":"https:\/\/streetmarkets.fr\/app\/wp-json\/wp\/v2\/product_brand?post=2457148"},{"taxonomy":"product_cat","embeddable":true,"href":"https:\/\/streetmarkets.fr\/app\/wp-json\/wp\/v2\/product_cat?post=2457148"},{"taxonomy":"product_tag","embeddable":true,"href":"https:\/\/streetmarkets.fr\/app\/wp-json\/wp\/v2\/product_tag?post=2457148"}],"curies":[{"name":"wp","href":"https:\/\/api.w.org\/{rel}","templated":true}]}}