{"id":2457134,"date":"2025-08-15T01:44:12","date_gmt":"2025-08-14T23:44:12","guid":{"rendered":"https:\/\/streetmarkets.fr\/app\/produit\/boxer-a-rayures-thinking-mu\/"},"modified":"2025-08-17T01:44:04","modified_gmt":"2025-08-16T23:44:04","slug":"boxer-a-rayures-thinking-mu","status":"publish","type":"product","link":"https:\/\/streetmarkets.fr\/app\/produit\/boxer-a-rayures-thinking-mu\/","title":{"rendered":"Boxer \u00e0 rayures Thinking Mu"},"content":{"rendered":"<p>Thinking Mu signe ici un boxer pour homme aussi confortable qu\u2019\u00e9l\u00e9gant.<\/p>\n<p>Thinking Mu signe ici un boxer pour homme aussi confortable qu\u2019\u00e9l\u00e9gant.<\/p>\n<ul>\n<li>Boxer homme<\/li>\n<li>Taille \u00e9lastiqu\u00e9e<\/li>\n<li>Coupe r\u00e9guli\u00e8re<\/li>\n<\/ul>\n<p><strong><em>Composition:<\/em><\/strong><strong><em><\/em><\/strong><\/p>\n<ul>\n<li>100% coton biologique certifi\u00e9 GOTS<\/li>\n<li>Le coton biologique certifi\u00e9 GOTS contribue \u00e0 \u00e9conomiser de l&#8217;eau, \u00e0 pr\u00e9server la sant\u00e9 des travailleurs ainsi que la biodiversit\u00e9, pour les g\u00e9n\u00e9rations \u00e0 venir.\u00a0<\/li>\n<\/ul>\n<p><em><strong>Fabrication:\u00a0<\/strong><\/em><\/p>\n<ul>\n<li>Fabriqu\u00e9 \u00e9thiquement en Inde<\/li>\n<\/ul>\n<p><em><strong>Label(s):<\/strong><\/em><\/p>\n<ul>\n<li><strong>GOTS<\/strong>(Global Organic Textile Standard) sur toute la cha\u00eene de production, de la culture du coton aux finitions.<\/li>\n<\/ul>\n<p><em><strong>Conseil taille:<\/strong>\u00a0<\/em>ce mod\u00e8le taille normalement. Le mannequin mesure 1m76 et porte une taille M.<\/p>\n","protected":false},"excerpt":{"rendered":"<p>Thinking Mu signe ici un boxer pour homme aussi confortable qu\u2019\u00e9l\u00e9gant. Thinking Mu signe ici un boxer pour homme aussi confortable qu\u2019\u00e9l\u00e9gant. Boxer homme Taille \u00e9lastiqu\u00e9e Coupe r\u00e9guli\u00e8re Composition: 100% coton biologique certifi\u00e9 GOTS Le coton biologique certifi\u00e9 GOTS contribue \u00e0 \u00e9conomiser de l&#8217;eau, \u00e0 pr\u00e9server la sant\u00e9 des travailleurs ainsi que la biodiversit\u00e9, pour [&hellip;]<\/p>\n","protected":false},"featured_media":2457135,"comment_status":"open","ping_status":"closed","template":"","meta":[],"product_brand":[],"product_cat":[1756,1758],"product_tag":[1810],"acf":[],"_links":{"self":[{"href":"https:\/\/streetmarkets.fr\/app\/wp-json\/wp\/v2\/product\/2457134"}],"collection":[{"href":"https:\/\/streetmarkets.fr\/app\/wp-json\/wp\/v2\/product"}],"about":[{"href":"https:\/\/streetmarkets.fr\/app\/wp-json\/wp\/v2\/types\/product"}],"replies":[{"embeddable":true,"href":"https:\/\/streetmarkets.fr\/app\/wp-json\/wp\/v2\/comments?post=2457134"}],"wp:featuredmedia":[{"embeddable":true,"href":"https:\/\/streetmarkets.fr\/app\/wp-json\/wp\/v2\/media\/2457135"}],"wp:attachment":[{"href":"https:\/\/streetmarkets.fr\/app\/wp-json\/wp\/v2\/media?parent=2457134"}],"wp:term":[{"taxonomy":"product_brand","embeddable":true,"href":"https:\/\/streetmarkets.fr\/app\/wp-json\/wp\/v2\/product_brand?post=2457134"},{"taxonomy":"product_cat","embeddable":true,"href":"https:\/\/streetmarkets.fr\/app\/wp-json\/wp\/v2\/product_cat?post=2457134"},{"taxonomy":"product_tag","embeddable":true,"href":"https:\/\/streetmarkets.fr\/app\/wp-json\/wp\/v2\/product_tag?post=2457134"}],"curies":[{"name":"wp","href":"https:\/\/api.w.org\/{rel}","templated":true}]}}