{"id":2457096,"date":"2025-08-15T01:44:07","date_gmt":"2025-08-14T23:44:07","guid":{"rendered":"https:\/\/streetmarkets.fr\/app\/produit\/t-shirt-vert-soleil-jaune\/"},"modified":"2025-08-17T01:44:03","modified_gmt":"2025-08-16T23:44:03","slug":"t-shirt-vert-soleil-jaune","status":"publish","type":"product","link":"https:\/\/streetmarkets.fr\/app\/produit\/t-shirt-vert-soleil-jaune\/","title":{"rendered":"T-shirt vert Soleil jaune"},"content":{"rendered":"<p>Thinking Mu propose ici un t-shirt homme vert avec un beau soleil, parfait pour un look minimaliste et engag\u00e9. \u00c0 d\u00e9couvrir chez Coco Friendly.<\/p>\n<p>Thinking Mu propose ici un t-shirt homme vert avec un beau soleil, parfait pour un look minimaliste et engag\u00e9. \u00c0 d\u00e9couvrir chez Coco Friendly.<\/p>\n<ul>\n<li>T-shirt vert Soleil au dos jaune<\/li>\n<li>Col rond\u00a0<\/li>\n<li>Manches Courtes\u00a0<\/li>\n<li>Coupe r\u00e9guli\u00e8re<\/li>\n<\/ul>\n<p><strong><em>Composition:<\/em><\/strong><strong><em><\/em><\/strong><\/p>\n<ul>\n<li>100% coton biologique certifi\u00e9 GOTS<\/li>\n<li>Le coton biologique certifi\u00e9 GOTS contribue \u00e0 \u00e9conomiser de l&#8217;eau, \u00e0 pr\u00e9server la sant\u00e9 des travailleurs ainsi que la biodiversit\u00e9, pour les g\u00e9n\u00e9rations \u00e0 venir.\u00a0<\/li>\n<\/ul>\n<p><em><strong>Fabrication:\u00a0<\/strong><\/em><\/p>\n<ul>\n<li>Fabriqu\u00e9 \u00e9thiquement en Inde<\/li>\n<\/ul>\n<p><em><strong>Label(s):<\/strong><\/em><\/p>\n<ul>\n<li><strong>GOTS<\/strong>(Global Organic Textile Standard) sur toute la cha\u00eene de production, de la culture du coton aux finitions.<\/li>\n<\/ul>\n<p><em><strong>Conseil taille:<\/strong>\u00a0<\/em>ce mod\u00e8le taille normalement. Le mannequin mesure 1m82 et porte une taille M.<\/p>\n<\/p>\n<p><strong><em>Entretien:<\/em><\/strong>\u00a0lavez \u00e0 30\u00b0C en machine \u00e0 l&#8217;envers.<\/p>\n<p style=\"margin:0px 0px 20px;padding:0px;border:0px;font-size:14px;vertical-align:baseline;background:#ffffff;font-family:'TWKLausannePan-300', sans-serif\">\n","protected":false},"excerpt":{"rendered":"<p>Thinking Mu propose ici un t-shirt homme vert avec un beau soleil, parfait pour un look minimaliste et engag\u00e9. \u00c0 d\u00e9couvrir chez Coco Friendly. Thinking Mu propose ici un t-shirt homme vert avec un beau soleil, parfait pour un look minimaliste et engag\u00e9. \u00c0 d\u00e9couvrir chez Coco Friendly. T-shirt vert Soleil au dos jaune Col [&hellip;]<\/p>\n","protected":false},"featured_media":2457097,"comment_status":"open","ping_status":"closed","template":"","meta":[],"product_brand":[],"product_cat":[1756,1758],"product_tag":[1810],"acf":[],"_links":{"self":[{"href":"https:\/\/streetmarkets.fr\/app\/wp-json\/wp\/v2\/product\/2457096"}],"collection":[{"href":"https:\/\/streetmarkets.fr\/app\/wp-json\/wp\/v2\/product"}],"about":[{"href":"https:\/\/streetmarkets.fr\/app\/wp-json\/wp\/v2\/types\/product"}],"replies":[{"embeddable":true,"href":"https:\/\/streetmarkets.fr\/app\/wp-json\/wp\/v2\/comments?post=2457096"}],"wp:featuredmedia":[{"embeddable":true,"href":"https:\/\/streetmarkets.fr\/app\/wp-json\/wp\/v2\/media\/2457097"}],"wp:attachment":[{"href":"https:\/\/streetmarkets.fr\/app\/wp-json\/wp\/v2\/media?parent=2457096"}],"wp:term":[{"taxonomy":"product_brand","embeddable":true,"href":"https:\/\/streetmarkets.fr\/app\/wp-json\/wp\/v2\/product_brand?post=2457096"},{"taxonomy":"product_cat","embeddable":true,"href":"https:\/\/streetmarkets.fr\/app\/wp-json\/wp\/v2\/product_cat?post=2457096"},{"taxonomy":"product_tag","embeddable":true,"href":"https:\/\/streetmarkets.fr\/app\/wp-json\/wp\/v2\/product_tag?post=2457096"}],"curies":[{"name":"wp","href":"https:\/\/api.w.org\/{rel}","templated":true}]}}