{"id":2457075,"date":"2025-08-15T01:44:05","date_gmt":"2025-08-14T23:44:05","guid":{"rendered":"https:\/\/streetmarkets.fr\/app\/produit\/chemise-rouge\/"},"modified":"2025-08-17T01:44:03","modified_gmt":"2025-08-16T23:44:03","slug":"chemise-rouge","status":"publish","type":"product","link":"https:\/\/streetmarkets.fr\/app\/produit\/chemise-rouge\/","title":{"rendered":"Chemise rouge"},"content":{"rendered":"<p>Thinking Mu propose ici une jolie chemise, parfaite pour un look engag\u00e9 et chic. \u00c0 d\u00e9couvrir chez Coco Friendly.<\/p>\n<p>Thinking Mu propose ici une jolie chemise, parfaite pour un look engag\u00e9 et chic. \u00c0 d\u00e9couvrir chez Coco Friendly.<\/p>\n<ul>\n<li>Chemise rouge<\/li>\n<li>Col polo avec revers et ouverture sur le devant<\/li>\n<li>Manches Courtes\u00a0<\/li>\n<li>Coupe droite<\/li>\n<\/ul>\n<p><strong><em>Composition:<\/em><\/strong><strong><em><\/em><\/strong><\/p>\n<ul>\n<li>55% coton biologique certifi\u00e9 GOTS<\/li>\n<li>Le coton biologique certifi\u00e9 GOTS contribue \u00e0 \u00e9conomiser de l&#8217;eau, \u00e0 pr\u00e9server la sant\u00e9 des travailleurs ainsi que la biodiversit\u00e9, pour les g\u00e9n\u00e9rations \u00e0 venir.\u00a0<\/li>\n<li>45% chanvre<\/li>\n<li>Le chanvre est une plante qui fournit l&#8217;une des fibres durables les plus l\u00e9g\u00e8res et les plus respirantes.<\/li>\n<\/ul>\n<p><em><strong>Fabrication:\u00a0<\/strong><\/em><\/p>\n<ul>\n<li>Con\u00e7u \u00e0 Barcelone<\/li>\n<\/ul>\n<p><em><strong>Label(s):<\/strong><\/em><\/p>\n<ul>\n<li><strong>OCS<\/strong>(Organic Blended Content Standard). Tous les v\u00eatements sont bien pens\u00e9s, planifi\u00e9s et produits, du plus petit d\u00e9tail au plus petit impact.<\/li>\n<\/ul>\n<p><em><strong>Conseil taille:<\/strong>\u00a0<\/em>ce mod\u00e8le taille normalement. Le mannequin mesure 1m86 et porte une taille M.<\/p>\n<\/p>\n<p><strong><em>Entretien:<\/em><\/strong>\u00a0lavez \u00e0 30\u00b0C en machine.<\/p>\n<p style=\"margin:0px 0px 20px;padding:0px;border:0px;font-size:14px;vertical-align:baseline;background:#ffffff;font-family:'TWKLausannePan-300', sans-serif\">\n","protected":false},"excerpt":{"rendered":"<p>Thinking Mu propose ici une jolie chemise, parfaite pour un look engag\u00e9 et chic. \u00c0 d\u00e9couvrir chez Coco Friendly. Thinking Mu propose ici une jolie chemise, parfaite pour un look engag\u00e9 et chic. \u00c0 d\u00e9couvrir chez Coco Friendly. Chemise rouge Col polo avec revers et ouverture sur le devant Manches Courtes\u00a0 Coupe droite Composition: 55% [&hellip;]<\/p>\n","protected":false},"featured_media":2457076,"comment_status":"open","ping_status":"closed","template":"","meta":[],"product_brand":[],"product_cat":[1756,1758],"product_tag":[1810],"acf":[],"_links":{"self":[{"href":"https:\/\/streetmarkets.fr\/app\/wp-json\/wp\/v2\/product\/2457075"}],"collection":[{"href":"https:\/\/streetmarkets.fr\/app\/wp-json\/wp\/v2\/product"}],"about":[{"href":"https:\/\/streetmarkets.fr\/app\/wp-json\/wp\/v2\/types\/product"}],"replies":[{"embeddable":true,"href":"https:\/\/streetmarkets.fr\/app\/wp-json\/wp\/v2\/comments?post=2457075"}],"wp:featuredmedia":[{"embeddable":true,"href":"https:\/\/streetmarkets.fr\/app\/wp-json\/wp\/v2\/media\/2457076"}],"wp:attachment":[{"href":"https:\/\/streetmarkets.fr\/app\/wp-json\/wp\/v2\/media?parent=2457075"}],"wp:term":[{"taxonomy":"product_brand","embeddable":true,"href":"https:\/\/streetmarkets.fr\/app\/wp-json\/wp\/v2\/product_brand?post=2457075"},{"taxonomy":"product_cat","embeddable":true,"href":"https:\/\/streetmarkets.fr\/app\/wp-json\/wp\/v2\/product_cat?post=2457075"},{"taxonomy":"product_tag","embeddable":true,"href":"https:\/\/streetmarkets.fr\/app\/wp-json\/wp\/v2\/product_tag?post=2457075"}],"curies":[{"name":"wp","href":"https:\/\/api.w.org\/{rel}","templated":true}]}}