{"id":2457067,"date":"2025-08-15T01:44:04","date_gmt":"2025-08-14T23:44:04","guid":{"rendered":"https:\/\/streetmarkets.fr\/app\/produit\/gants-homme-marron-cafe\/"},"modified":"2025-08-17T01:44:02","modified_gmt":"2025-08-16T23:44:02","slug":"gants-homme-marron-cafe","status":"publish","type":"product","link":"https:\/\/streetmarkets.fr\/app\/produit\/gants-homme-marron-cafe\/","title":{"rendered":"Gants Homme Marron Caf\u00e9"},"content":{"rendered":"<p>Gants taille unique pour homme\u00a0en <strong>cachemire recycl\u00e9. <\/strong>Ils sont doux et confortables. Parfaits pour vous garder au chaud l&#8217;hiver.<\/p>\n<p><em>Opter pour du cachemire recycl\u00e9 permet d&#8217;\u00e9conomiser 66% d&#8217;eau, 68% d&#8217;\u00e9nergie et 83% d&#8217;\u00e9missions de CO2 dans le processus de fabrication.<\/em><\/p>\n<ul>\n<li>Point jersey et poignets c\u00f4tel\u00e9s<\/li>\n<li>Poids : 75g<\/li>\n<\/ul>\n<p><em><strong><\/strong><\/em><\/p>\n<p><em><strong>Composition :<\/strong><\/em><\/p>\n<ul>\n<li>95% cachemire recycl\u00e9, 5% laine<\/li>\n<\/ul>\n<p>Contrairement au cachemire vierge, le cachemire recycl\u00e9 ne contribue pas au ph\u00e9nom\u00e8ne de d\u00e9sertification des sols dans les plateaux Asiatiques, o\u00f9 les ch\u00e8vres qui produisent cette pr\u00e9cieuse fibre viennent d\u2019\u00e9levages intensifs. La cruaut\u00e9 animale a en outre \u00e9t\u00e9 maintes fois relev\u00e9e dans ces usines. Opter pour du cachemire\u00a0<em>recycl\u00e9<\/em> constitue aujourd\u2019hui la seule alternative v\u00e9ritablement \u00e9thique \u00e0 la laine cachemire conventionnelle.<\/p>\n<p><em><strong><\/strong><\/em><\/p>\n<p><em><strong>Fabrication :\u00a0<\/strong><\/em><\/p>\n<ul>\n<li>Fabriqu\u00e9s en Italie \u00e0 Prato, dans l&#8217;entreprise de Daniel qui est sp\u00e9cialis\u00e9e dans la maille artisanale<\/li>\n<\/ul>\n<p><em><strong><\/strong><\/em><\/p>\n<p><em><strong>Labels :\u00a0<\/strong><\/em><\/p>\n<ul>\n<li>Global Recycled Standard (GRS)<\/li>\n<li>Oeko-tex<\/li>\n<\/ul>\n<p><em><strong><\/strong><\/em><\/p>\n<p><em><strong>Entretien :\u00a0<\/strong><\/em>Lavage \u00e0 la main<\/p>\n","protected":false},"excerpt":{"rendered":"<p>Gants taille unique pour homme\u00a0en cachemire recycl\u00e9. Ils sont doux et confortables. Parfaits pour vous garder au chaud l&#8217;hiver. Opter pour du cachemire recycl\u00e9 permet d&#8217;\u00e9conomiser 66% d&#8217;eau, 68% d&#8217;\u00e9nergie et 83% d&#8217;\u00e9missions de CO2 dans le processus de fabrication. Point jersey et poignets c\u00f4tel\u00e9s Poids : 75g Composition : 95% cachemire recycl\u00e9, 5% laine [&hellip;]<\/p>\n","protected":false},"featured_media":2457068,"comment_status":"open","ping_status":"closed","template":"","meta":[],"product_brand":[],"product_cat":[1756,1760],"product_tag":[1810],"acf":[],"_links":{"self":[{"href":"https:\/\/streetmarkets.fr\/app\/wp-json\/wp\/v2\/product\/2457067"}],"collection":[{"href":"https:\/\/streetmarkets.fr\/app\/wp-json\/wp\/v2\/product"}],"about":[{"href":"https:\/\/streetmarkets.fr\/app\/wp-json\/wp\/v2\/types\/product"}],"replies":[{"embeddable":true,"href":"https:\/\/streetmarkets.fr\/app\/wp-json\/wp\/v2\/comments?post=2457067"}],"wp:featuredmedia":[{"embeddable":true,"href":"https:\/\/streetmarkets.fr\/app\/wp-json\/wp\/v2\/media\/2457068"}],"wp:attachment":[{"href":"https:\/\/streetmarkets.fr\/app\/wp-json\/wp\/v2\/media?parent=2457067"}],"wp:term":[{"taxonomy":"product_brand","embeddable":true,"href":"https:\/\/streetmarkets.fr\/app\/wp-json\/wp\/v2\/product_brand?post=2457067"},{"taxonomy":"product_cat","embeddable":true,"href":"https:\/\/streetmarkets.fr\/app\/wp-json\/wp\/v2\/product_cat?post=2457067"},{"taxonomy":"product_tag","embeddable":true,"href":"https:\/\/streetmarkets.fr\/app\/wp-json\/wp\/v2\/product_tag?post=2457067"}],"curies":[{"name":"wp","href":"https:\/\/api.w.org\/{rel}","templated":true}]}}