{"id":2457055,"date":"2025-08-15T01:44:03","date_gmt":"2025-08-14T23:44:03","guid":{"rendered":"https:\/\/streetmarkets.fr\/app\/produit\/trousse-de-toilette-bleu-marine-velours\/"},"modified":"2025-08-17T01:44:02","modified_gmt":"2025-08-16T23:44:02","slug":"trousse-de-toilette-bleu-marine-velours","status":"publish","type":"product","link":"https:\/\/streetmarkets.fr\/app\/produit\/trousse-de-toilette-bleu-marine-velours\/","title":{"rendered":"Trousse de Toilette Bleu Marine Velours"},"content":{"rendered":"<p>Une trousse de toilette en velours c\u00f4tel\u00e9 bleu marine pour les escapades au vert, urbaines ou tout simplement pour le quotidien. Sa capacit\u00e9 de 3,7L permet d&#8217;y mettre les essentiels et de se glisser facilement dans un sac.<\/p>\n<ul>\n<li><span style=\"text-align:justify\">Trousse de toilette en velours bleu marine<\/span><\/li>\n<li><span style=\"text-align:justify\">Capacit\u00e9 de 3,7L<\/span><\/li>\n<li class=\"css-1vtwm38 e1oquhlz2\"><span class=\"e1oquhlz3 css-16urykl e1lsb2n0\">Fermeture zipp\u00e9e<\/span><\/li>\n<li class=\"css-1vtwm38 e1oquhlz2\"><span class=\"e1oquhlz3 css-16urykl e1lsb2n0\">Arbre brod\u00e9 sur le devant<\/span><\/li>\n<li class=\"css-1vtwm38 e1oquhlz2\"><span class=\"e1oquhlz3 css-16urykl e1lsb2n0\">1 trousse achet\u00e9e = 1 arbre plant\u00e9<\/span><\/li>\n<\/ul>\n<p align=\"justify\">\n<p><strong><em>Composition<\/em>:<\/strong><\/p>\n<ul>\n<li>Ext\u00e9rieur: 50 % coton, 50% coton recycl\u00e9<\/li>\n<li>Doublure: 100% polyester recycl\u00e9<\/li>\n<li>L&#8217;utilisation de polyester recycl\u00e9s permet d\u2019\u00e9conomiser l\u2019\u00e9nergie et les ressources n\u00e9cessaires \u00e0 la fabrication de coton et polyester neuf.<\/li>\n<\/ul>\n<p><em><strong>Fabrication<\/strong><\/em>:<\/p>\n<ul>\n<li>Fabriqu\u00e9e \u00e9thiquement en Chine dans une usine labellis\u00e9e BSCI<\/li>\n<\/ul>\n<p><em><strong>Label(s)<\/strong><\/em>:\u00a0<\/p>\n<ul>\n<li><strong>B corp<\/strong>: ce label ind\u00e9pendant \u00e9value les entreprises dans toutes leurs sph\u00e8res d&#8217;activit\u00e9, selon des exigences sociales et environnementales. Les entreprises r\u00e9pondent \u00e0 un questionnaire portant aussi bien sur l&#8217;impact environnemental, le choix des fournisseurs, la gouvernance de l&#8217;entreprise, les conditions de travail des salari\u00e9s que sur les salaires et la libre information aupr\u00e8s des clients. Des audits sont \u00e9galement r\u00e9guli\u00e8rement r\u00e9alis\u00e9s.<\/li>\n<li>Usines certifi\u00e9es\u00a0<strong>BSCI<\/strong>,\u00a0\u00a0ce qui garantit une r\u00e9mun\u00e9ration juste des travailleurs, la libert\u00e9 d&#8217;association, des horaires de travail d\u00e9cents, la sant\u00e9 et la s\u00e9curit\u00e9 au travail<\/li>\n<li><strong>Vegan par PETA<\/strong><\/li>\n<\/ul>\n","protected":false},"excerpt":{"rendered":"<p>Une trousse de toilette en velours c\u00f4tel\u00e9 bleu marine pour les escapades au vert, urbaines ou tout simplement pour le quotidien. Sa capacit\u00e9 de 3,7L permet d&#8217;y mettre les essentiels et de se glisser facilement dans un sac. Trousse de toilette en velours bleu marine Capacit\u00e9 de 3,7L Fermeture zipp\u00e9e Arbre brod\u00e9 sur le devant [&hellip;]<\/p>\n","protected":false},"featured_media":2457056,"comment_status":"open","ping_status":"closed","template":"","meta":[],"product_brand":[],"product_cat":[1756,1764],"product_tag":[1810],"acf":[],"_links":{"self":[{"href":"https:\/\/streetmarkets.fr\/app\/wp-json\/wp\/v2\/product\/2457055"}],"collection":[{"href":"https:\/\/streetmarkets.fr\/app\/wp-json\/wp\/v2\/product"}],"about":[{"href":"https:\/\/streetmarkets.fr\/app\/wp-json\/wp\/v2\/types\/product"}],"replies":[{"embeddable":true,"href":"https:\/\/streetmarkets.fr\/app\/wp-json\/wp\/v2\/comments?post=2457055"}],"wp:featuredmedia":[{"embeddable":true,"href":"https:\/\/streetmarkets.fr\/app\/wp-json\/wp\/v2\/media\/2457056"}],"wp:attachment":[{"href":"https:\/\/streetmarkets.fr\/app\/wp-json\/wp\/v2\/media?parent=2457055"}],"wp:term":[{"taxonomy":"product_brand","embeddable":true,"href":"https:\/\/streetmarkets.fr\/app\/wp-json\/wp\/v2\/product_brand?post=2457055"},{"taxonomy":"product_cat","embeddable":true,"href":"https:\/\/streetmarkets.fr\/app\/wp-json\/wp\/v2\/product_cat?post=2457055"},{"taxonomy":"product_tag","embeddable":true,"href":"https:\/\/streetmarkets.fr\/app\/wp-json\/wp\/v2\/product_tag?post=2457055"}],"curies":[{"name":"wp","href":"https:\/\/api.w.org\/{rel}","templated":true}]}}