{"id":2457052,"date":"2025-08-15T01:44:02","date_gmt":"2025-08-14T23:44:02","guid":{"rendered":"https:\/\/streetmarkets.fr\/app\/produit\/ceinture-bleu-marine\/"},"modified":"2025-08-17T01:44:02","modified_gmt":"2025-08-16T23:44:02","slug":"ceinture-bleu-marine","status":"publish","type":"product","link":"https:\/\/streetmarkets.fr\/app\/produit\/ceinture-bleu-marine\/","title":{"rendered":"Ceinture Bleu Marine"},"content":{"rendered":"<p>Ceinture bicolore bleu marine et blanche. Elle est tress\u00e9e et n&#8217;a pas de trou, ce qui permet de l&#8217;adapter \u00e0 sa taille tr\u00e8s facilement.<\/p>\n<ul>\n<li>Tress\u00e9e, \u00e9lastique et sans trou\n<\/li>\n<li>1 ceinture achet\u00e9e = 1 arbre plant\u00e9\n<\/li>\n<li>Fabriqu\u00e9 en Chine\n<\/li>\n<li>Labels : <span style=\"color:#333333\">BSCI, ce label garantit un code de conduite aux conditions immuables.\u00a0Libert\u00e9 d\u2019association,\u00a0r\u00e9mun\u00e9ration juste, horaires\u00a0de travail d\u00e9cents.<\/span>\n<\/li>\n<\/ul>\n<p>\u00a0<\/p>\n<p><strong>COMPOSITION<\/strong><\/p>\n<p>70% polyester recycl\u00e9 et 30% \u00e9lasthanne<\/p>\n<p>100% cuir de vachette<\/p>\n<h4><strong>HISTOIRE<\/strong><\/h4>\n<p>Faguo est une marque &#8220;Carbone Positif&#8221;. Son but est de produire sans \u00e9mettre de CO2, pour diminuer son empreinte carbone, voire avoir un impact positif sur la plan\u00e8te. Concr\u00e8tement, Faguo se concentre sur trois aspects :<\/p>\n<ul>\n<li>Les mati\u00e8res : La plupart des pi\u00e8ces contiennent des mati\u00e8res recycl\u00e9es, avec un objectif de 100% des produits dans un ou deux ans\n<\/li>\n<li>Le transport : L&#8217;import des v\u00eatements et chaussures s&#8217;effectue via le transsib\u00e9rien ! Le train \u00e9met 4 fois moins de CO2 que le bateau\n<\/li>\n<li>Les arbres : A chaque v\u00eatement achet\u00e9, un arbre est plant\u00e9. Faguo compte d\u00e9j\u00e0 plus de 1 675 000 arbres plant\u00e9s\n<\/li>\n<\/ul>\n<p>En 2020, la marque est la premi\u00e8re dans la mode en France a recevoir le titre d&#8217;entreprise &#8220;\u00e0 mission&#8221;. Ses engagements sont devenus une obligation l\u00e9gale, et non plus seulement morale.<\/p>\n<p>\u00a0<\/p>\n<p><em>Le saviez-vous ? La for\u00eat Faguo la plus proche de Lille se situe \u00e0 Houdain, dans le Pas-de-Calais. Vous pouvez y trouver des h\u00eatres et des poiriers sauvages.<\/em><\/p>\n","protected":false},"excerpt":{"rendered":"<p>Ceinture bicolore bleu marine et blanche. Elle est tress\u00e9e et n&#8217;a pas de trou, ce qui permet de l&#8217;adapter \u00e0 sa taille tr\u00e8s facilement. Tress\u00e9e, \u00e9lastique et sans trou 1 ceinture achet\u00e9e = 1 arbre plant\u00e9 Fabriqu\u00e9 en Chine Labels : BSCI, ce label garantit un code de conduite aux conditions immuables.\u00a0Libert\u00e9 d\u2019association,\u00a0r\u00e9mun\u00e9ration juste, horaires\u00a0de [&hellip;]<\/p>\n","protected":false},"featured_media":2457053,"comment_status":"open","ping_status":"closed","template":"","meta":[],"product_brand":[7128],"product_cat":[1756,1764],"product_tag":[1810],"acf":[],"_links":{"self":[{"href":"https:\/\/streetmarkets.fr\/app\/wp-json\/wp\/v2\/product\/2457052"}],"collection":[{"href":"https:\/\/streetmarkets.fr\/app\/wp-json\/wp\/v2\/product"}],"about":[{"href":"https:\/\/streetmarkets.fr\/app\/wp-json\/wp\/v2\/types\/product"}],"replies":[{"embeddable":true,"href":"https:\/\/streetmarkets.fr\/app\/wp-json\/wp\/v2\/comments?post=2457052"}],"wp:featuredmedia":[{"embeddable":true,"href":"https:\/\/streetmarkets.fr\/app\/wp-json\/wp\/v2\/media\/2457053"}],"wp:attachment":[{"href":"https:\/\/streetmarkets.fr\/app\/wp-json\/wp\/v2\/media?parent=2457052"}],"wp:term":[{"taxonomy":"product_brand","embeddable":true,"href":"https:\/\/streetmarkets.fr\/app\/wp-json\/wp\/v2\/product_brand?post=2457052"},{"taxonomy":"product_cat","embeddable":true,"href":"https:\/\/streetmarkets.fr\/app\/wp-json\/wp\/v2\/product_cat?post=2457052"},{"taxonomy":"product_tag","embeddable":true,"href":"https:\/\/streetmarkets.fr\/app\/wp-json\/wp\/v2\/product_tag?post=2457052"}],"curies":[{"name":"wp","href":"https:\/\/api.w.org\/{rel}","templated":true}]}}