{"id":2457026,"date":"2025-08-15T01:44:00","date_gmt":"2025-08-14T23:44:00","guid":{"rendered":"https:\/\/streetmarkets.fr\/app\/produit\/ceinture-cognac-dwayne\/"},"modified":"2025-08-17T01:44:01","modified_gmt":"2025-08-16T23:44:01","slug":"ceinture-cognac-dwayne","status":"publish","type":"product","link":"https:\/\/streetmarkets.fr\/app\/produit\/ceinture-cognac-dwayne\/","title":{"rendered":"Ceinture Cognac Dwayne"},"content":{"rendered":"<p>Ceinture cognac avec boucle m\u00e9tallique argent\u00e9e patin\u00e9e en cuir de vachette pleine fleur avec tannage v\u00e9g\u00e9tal. Fabrication europ\u00e9enne (Pologne).<\/p>\n<p>Ceinture couleur cognac avec boucle m\u00e9tallique dor\u00e9e patin\u00e9e. Le cuir est un cuir pleine fleur, c&#8217;est-\u00e0-dire que sa surface sup\u00e9rieure est laiss\u00e9e intacte. Ce cuir est donc r\u00e9sistant et doux, il se patinera joliment au fil du temps. Tannage v\u00e9g\u00e9tal.<\/p>\n<ul>\n<li>cuir pleine fleur<\/li>\n<li>largeur : 28mm<\/li>\n<li>les tailles en centim\u00e8tres se mesurent de l&#8217;ardillon au trou central de la ceinture<\/li>\n<li>la fabrication de ce produit a \u00e9mis 8,6kg de CO2 et a requis 740 litres d&#8217;eau<\/li>\n<\/ul>\n<p><em><strong>Fabrication :<\/strong><\/em><\/p>\n<p>Mati\u00e8re premi\u00e8re en provenance de l&#8217;usine Sokolow S.A.<\/p>\n<p>Tannerie en Pologne chez Kaliskie Zaklady Garbarskie S.A.<\/p>\n<p>Fabrication \u00e0 Varsovie en Pologne par SN Design Spolka Z OGR.ODP. SP.K<\/p>\n<p><em><strong>Composition :<\/strong><\/em><\/p>\n<p>100% cuir de vachette<\/p>\n","protected":false},"excerpt":{"rendered":"<p>Ceinture cognac avec boucle m\u00e9tallique argent\u00e9e patin\u00e9e en cuir de vachette pleine fleur avec tannage v\u00e9g\u00e9tal. Fabrication europ\u00e9enne (Pologne). Ceinture couleur cognac avec boucle m\u00e9tallique dor\u00e9e patin\u00e9e. Le cuir est un cuir pleine fleur, c&#8217;est-\u00e0-dire que sa surface sup\u00e9rieure est laiss\u00e9e intacte. Ce cuir est donc r\u00e9sistant et doux, il se patinera joliment au fil [&hellip;]<\/p>\n","protected":false},"featured_media":2457027,"comment_status":"open","ping_status":"closed","template":"","meta":[],"product_brand":[],"product_cat":[1756,1764],"product_tag":[1810],"acf":[],"_links":{"self":[{"href":"https:\/\/streetmarkets.fr\/app\/wp-json\/wp\/v2\/product\/2457026"}],"collection":[{"href":"https:\/\/streetmarkets.fr\/app\/wp-json\/wp\/v2\/product"}],"about":[{"href":"https:\/\/streetmarkets.fr\/app\/wp-json\/wp\/v2\/types\/product"}],"replies":[{"embeddable":true,"href":"https:\/\/streetmarkets.fr\/app\/wp-json\/wp\/v2\/comments?post=2457026"}],"wp:featuredmedia":[{"embeddable":true,"href":"https:\/\/streetmarkets.fr\/app\/wp-json\/wp\/v2\/media\/2457027"}],"wp:attachment":[{"href":"https:\/\/streetmarkets.fr\/app\/wp-json\/wp\/v2\/media?parent=2457026"}],"wp:term":[{"taxonomy":"product_brand","embeddable":true,"href":"https:\/\/streetmarkets.fr\/app\/wp-json\/wp\/v2\/product_brand?post=2457026"},{"taxonomy":"product_cat","embeddable":true,"href":"https:\/\/streetmarkets.fr\/app\/wp-json\/wp\/v2\/product_cat?post=2457026"},{"taxonomy":"product_tag","embeddable":true,"href":"https:\/\/streetmarkets.fr\/app\/wp-json\/wp\/v2\/product_tag?post=2457026"}],"curies":[{"name":"wp","href":"https:\/\/api.w.org\/{rel}","templated":true}]}}