{"id":2457022,"date":"2025-08-15T01:43:59","date_gmt":"2025-08-14T23:43:59","guid":{"rendered":"https:\/\/streetmarkets.fr\/app\/produit\/portefeuille-noir-cuir\/"},"modified":"2025-08-17T01:44:01","modified_gmt":"2025-08-16T23:44:01","slug":"portefeuille-noir-cuir","status":"publish","type":"product","link":"https:\/\/streetmarkets.fr\/app\/produit\/portefeuille-noir-cuir\/","title":{"rendered":"Portefeuille Noir Cuir"},"content":{"rendered":"<p>Ce portefeuille pratique est en cuir pleine fleur, c&#8217;est-\u00e0-dire que sa surface sup\u00e9rieure est laiss\u00e9e intacte. Ce cuir est donc r\u00e9sistant et doux. Tannage v\u00e9g\u00e9tal. Coup de c\u0153ur pour sa douce couleur cr\u00e8me, qui se patinera joliment au fil du temps.<\/p>\n<ul>\n<li>cuir pleine fleur<\/li>\n<li>logo d\u00e9boss\u00e9 noir sur l&#8217;ext\u00e9rieur, argent\u00e9 \u00e0 l&#8217;int\u00e9rieur<\/li>\n<li>dimensions : 9,5cmx7cm quand le portefeuille est pli\u00e9<\/li>\n<li>l&#8217;int\u00e9rieur contient une poche \u00e0 monnaie et quatre emplacements pour cartes<\/li>\n<li>la fabrication de ce produit a \u00e9mis 5kg de CO2 et a requis 40 litres d&#8217;eau<\/li>\n<\/ul>\n<p><em><strong>Fabrication :<\/strong><\/em><\/p>\n<p>Mati\u00e8re premi\u00e8re en provenance de l&#8217;usine Sokolow S.A.<\/p>\n<p>Tannerie en Pologne chez Kaliskie Zaklady Garbarskie S.A.<\/p>\n<p>Fabrication \u00e0 Varsovie en Pologne par SN Design Spolka Z OGR.ODP. SP.K<\/p>\n<p><em><strong>Composition :<\/strong><\/em><\/p>\n<p>100% cuir de vachette<\/p>\n","protected":false},"excerpt":{"rendered":"<p>Ce portefeuille pratique est en cuir pleine fleur, c&#8217;est-\u00e0-dire que sa surface sup\u00e9rieure est laiss\u00e9e intacte. Ce cuir est donc r\u00e9sistant et doux. Tannage v\u00e9g\u00e9tal. Coup de c\u0153ur pour sa douce couleur cr\u00e8me, qui se patinera joliment au fil du temps. cuir pleine fleur logo d\u00e9boss\u00e9 noir sur l&#8217;ext\u00e9rieur, argent\u00e9 \u00e0 l&#8217;int\u00e9rieur dimensions : 9,5cmx7cm [&hellip;]<\/p>\n","protected":false},"featured_media":2457023,"comment_status":"open","ping_status":"closed","template":"","meta":[],"product_brand":[],"product_cat":[1756,1764],"product_tag":[1810],"acf":[],"_links":{"self":[{"href":"https:\/\/streetmarkets.fr\/app\/wp-json\/wp\/v2\/product\/2457022"}],"collection":[{"href":"https:\/\/streetmarkets.fr\/app\/wp-json\/wp\/v2\/product"}],"about":[{"href":"https:\/\/streetmarkets.fr\/app\/wp-json\/wp\/v2\/types\/product"}],"replies":[{"embeddable":true,"href":"https:\/\/streetmarkets.fr\/app\/wp-json\/wp\/v2\/comments?post=2457022"}],"wp:featuredmedia":[{"embeddable":true,"href":"https:\/\/streetmarkets.fr\/app\/wp-json\/wp\/v2\/media\/2457023"}],"wp:attachment":[{"href":"https:\/\/streetmarkets.fr\/app\/wp-json\/wp\/v2\/media?parent=2457022"}],"wp:term":[{"taxonomy":"product_brand","embeddable":true,"href":"https:\/\/streetmarkets.fr\/app\/wp-json\/wp\/v2\/product_brand?post=2457022"},{"taxonomy":"product_cat","embeddable":true,"href":"https:\/\/streetmarkets.fr\/app\/wp-json\/wp\/v2\/product_cat?post=2457022"},{"taxonomy":"product_tag","embeddable":true,"href":"https:\/\/streetmarkets.fr\/app\/wp-json\/wp\/v2\/product_tag?post=2457022"}],"curies":[{"name":"wp","href":"https:\/\/api.w.org\/{rel}","templated":true}]}}