{"id":2457017,"date":"2025-08-15T01:43:59","date_gmt":"2025-08-14T23:43:59","guid":{"rendered":"https:\/\/streetmarkets.fr\/app\/produit\/sac-a-main-rose-petale-vegan\/"},"modified":"2025-08-17T01:44:01","modified_gmt":"2025-08-16T23:44:01","slug":"sac-a-main-rose-petale-vegan","status":"publish","type":"product","link":"https:\/\/streetmarkets.fr\/app\/produit\/sac-a-main-rose-petale-vegan\/","title":{"rendered":"Sac-\u00e0-main Rose P\u00e9tale Vegan"},"content":{"rendered":"<p>Magnifique sac-\u00e0-main effet &#8220;cuir&#8221; lisse. Avec ses deux bandouli\u00e8res, il sera un accessoire tr\u00e8s utile \u00e0 porter de 1000 fa\u00e7ons. De jour comme de nuit !\u00a0<\/p>\n<ul>\n<li>Fermeture zipp\u00e9e<\/li>\n<li>Logo emboss\u00e9 dor\u00e9<\/li>\n<li>La longue lani\u00e8re amovible est ajustable de 36cm \u00e0 62cm<\/li>\n<li>La petite anse mesure 13cm<\/li>\n<li>Dimensions du sac en cm : 28L x 16H x6,5P<\/li>\n<\/ul>\n<p><strong><em>Composition<\/em>:<\/strong><\/p>\n<ul>\n<li>100% PVB (pare-brise recycl\u00e9), doublure 100% bouteilles en plastique recycl\u00e9es<\/li>\n<\/ul>\n<p><em><strong>Fabrication<\/strong><\/em>:<\/p>\n<ul>\n<li>Dessin\u00e9 \u00e0 Montr\u00e9al, Qu\u00e9bec<\/li>\n<li>Fabriqu\u00e9 \u00e9thiquement en Chine<\/li>\n<\/ul>\n<p><em><strong>Label(s)<\/strong><\/em>:\u00a0<\/p>\n<ul>\n<li style=\"text-align:left\">SA8000 standard<\/li>\n<li style=\"text-align:left\">Global Recycled Standard (GRS)<\/li>\n<\/ul>\n<p><em><strong>Entretien<\/strong><\/em>:\u00a0<\/p>\n<p>Pour nettoyer les petites t\u00e2ches, nous vous recommandons d&#8217;utiliser un chiffon humide et du savon doux<\/p>\n","protected":false},"excerpt":{"rendered":"<p>Magnifique sac-\u00e0-main effet &#8220;cuir&#8221; lisse. Avec ses deux bandouli\u00e8res, il sera un accessoire tr\u00e8s utile \u00e0 porter de 1000 fa\u00e7ons. De jour comme de nuit !\u00a0 Fermeture zipp\u00e9e Logo emboss\u00e9 dor\u00e9 La longue lani\u00e8re amovible est ajustable de 36cm \u00e0 62cm La petite anse mesure 13cm Dimensions du sac en cm : 28L x 16H [&hellip;]<\/p>\n","protected":false},"featured_media":2457018,"comment_status":"open","ping_status":"closed","template":"","meta":[],"product_brand":[],"product_cat":[1756,1764],"product_tag":[1810],"acf":[],"_links":{"self":[{"href":"https:\/\/streetmarkets.fr\/app\/wp-json\/wp\/v2\/product\/2457017"}],"collection":[{"href":"https:\/\/streetmarkets.fr\/app\/wp-json\/wp\/v2\/product"}],"about":[{"href":"https:\/\/streetmarkets.fr\/app\/wp-json\/wp\/v2\/types\/product"}],"replies":[{"embeddable":true,"href":"https:\/\/streetmarkets.fr\/app\/wp-json\/wp\/v2\/comments?post=2457017"}],"wp:featuredmedia":[{"embeddable":true,"href":"https:\/\/streetmarkets.fr\/app\/wp-json\/wp\/v2\/media\/2457018"}],"wp:attachment":[{"href":"https:\/\/streetmarkets.fr\/app\/wp-json\/wp\/v2\/media?parent=2457017"}],"wp:term":[{"taxonomy":"product_brand","embeddable":true,"href":"https:\/\/streetmarkets.fr\/app\/wp-json\/wp\/v2\/product_brand?post=2457017"},{"taxonomy":"product_cat","embeddable":true,"href":"https:\/\/streetmarkets.fr\/app\/wp-json\/wp\/v2\/product_cat?post=2457017"},{"taxonomy":"product_tag","embeddable":true,"href":"https:\/\/streetmarkets.fr\/app\/wp-json\/wp\/v2\/product_tag?post=2457017"}],"curies":[{"name":"wp","href":"https:\/\/api.w.org\/{rel}","templated":true}]}}