{"id":2456999,"date":"2025-08-15T01:43:58","date_gmt":"2025-08-14T23:43:58","guid":{"rendered":"https:\/\/streetmarkets.fr\/app\/produit\/sac-franca-noir-vegan\/"},"modified":"2025-08-17T01:44:01","modified_gmt":"2025-08-16T23:44:01","slug":"sac-franca-noir-vegan","status":"publish","type":"product","link":"https:\/\/streetmarkets.fr\/app\/produit\/sac-franca-noir-vegan\/","title":{"rendered":"Sac Franca Noir Vegan"},"content":{"rendered":"<p>Sac-\u00e0-main effet &#8220;cuir&#8221; grain\u00e9 coup de c\u0153ur. On adore ses lignes \u00e9pur\u00e9es, sa forme r\u00e9tro modernis\u00e9e. Avec ses deux bandouli\u00e8res, il sera un accessoire tr\u00e8s utile \u00e0 porter de 1000 fa\u00e7ons.\u00a0<\/p>\n<ul>\n<li>Couleur noire<\/li>\n<li>Fermeture \u00e0 rabat, bouton pression<\/li>\n<li>Poche zipp\u00e9e \u00e0 l&#8217;int\u00e9rieur<\/li>\n<li>Logo emboss\u00e9 dor\u00e9<\/li>\n<li>La longue lani\u00e8re amovible est ajustable de 50cm \u00e0 61cm<\/li>\n<li>La petite anse mesure 23cm<\/li>\n<li>Dimensions du sac en cm : 25L x 18H x6,5P<\/li>\n<\/ul>\n<p><strong><em>Composition<\/em>:<\/strong><\/p>\n<ul>\n<li>100% PVB (pare-brise recycl\u00e9), doublure 100% bouteilles en plastique recycl\u00e9es<\/li>\n<\/ul>\n<p><em><strong>Fabrication<\/strong><\/em>:<\/p>\n<ul>\n<li>Dessin\u00e9 \u00e0 Montr\u00e9al, Qu\u00e9bec<\/li>\n<li>Fabriqu\u00e9 \u00e9thiquement en Chine<\/li>\n<\/ul>\n<p><em><strong>Label(s)<\/strong><\/em>:\u00a0<\/p>\n<ul>\n<li style=\"text-align:left\">SA8000 standard<\/li>\n<li style=\"text-align:left\">Global Recycled Standard (GRS)<\/li>\n<\/ul>\n<p><em><strong>Entretien<\/strong><\/em>:\u00a0<\/p>\n<p>Pour nettoyer les petites t\u00e2ches, nous vous recommandons d&#8217;utiliser un chiffon humide et du savon doux<\/p>\n","protected":false},"excerpt":{"rendered":"<p>Sac-\u00e0-main effet &#8220;cuir&#8221; grain\u00e9 coup de c\u0153ur. On adore ses lignes \u00e9pur\u00e9es, sa forme r\u00e9tro modernis\u00e9e. Avec ses deux bandouli\u00e8res, il sera un accessoire tr\u00e8s utile \u00e0 porter de 1000 fa\u00e7ons.\u00a0 Couleur noire Fermeture \u00e0 rabat, bouton pression Poche zipp\u00e9e \u00e0 l&#8217;int\u00e9rieur Logo emboss\u00e9 dor\u00e9 La longue lani\u00e8re amovible est ajustable de 50cm \u00e0 61cm [&hellip;]<\/p>\n","protected":false},"featured_media":2457000,"comment_status":"open","ping_status":"closed","template":"","meta":[],"product_brand":[],"product_cat":[1756,1764],"product_tag":[1810],"acf":[],"_links":{"self":[{"href":"https:\/\/streetmarkets.fr\/app\/wp-json\/wp\/v2\/product\/2456999"}],"collection":[{"href":"https:\/\/streetmarkets.fr\/app\/wp-json\/wp\/v2\/product"}],"about":[{"href":"https:\/\/streetmarkets.fr\/app\/wp-json\/wp\/v2\/types\/product"}],"replies":[{"embeddable":true,"href":"https:\/\/streetmarkets.fr\/app\/wp-json\/wp\/v2\/comments?post=2456999"}],"wp:featuredmedia":[{"embeddable":true,"href":"https:\/\/streetmarkets.fr\/app\/wp-json\/wp\/v2\/media\/2457000"}],"wp:attachment":[{"href":"https:\/\/streetmarkets.fr\/app\/wp-json\/wp\/v2\/media?parent=2456999"}],"wp:term":[{"taxonomy":"product_brand","embeddable":true,"href":"https:\/\/streetmarkets.fr\/app\/wp-json\/wp\/v2\/product_brand?post=2456999"},{"taxonomy":"product_cat","embeddable":true,"href":"https:\/\/streetmarkets.fr\/app\/wp-json\/wp\/v2\/product_cat?post=2456999"},{"taxonomy":"product_tag","embeddable":true,"href":"https:\/\/streetmarkets.fr\/app\/wp-json\/wp\/v2\/product_tag?post=2456999"}],"curies":[{"name":"wp","href":"https:\/\/api.w.org\/{rel}","templated":true}]}}