{"id":2456993,"date":"2025-08-15T01:43:58","date_gmt":"2025-08-14T23:43:58","guid":{"rendered":"https:\/\/streetmarkets.fr\/app\/produit\/portefeuille-coquillage-bleu-turquoise\/"},"modified":"2025-08-17T01:44:00","modified_gmt":"2025-08-16T23:44:00","slug":"portefeuille-coquillage-bleu-turquoise","status":"publish","type":"product","link":"https:\/\/streetmarkets.fr\/app\/produit\/portefeuille-coquillage-bleu-turquoise\/","title":{"rendered":"Portefeuille Coquillage Bleu Turquoise"},"content":{"rendered":"<p>Ce portefeuille v\u00e9gane arbore une ravissante fermeture \u00e0 rabat style coquillage. Vous adorerez sa couleur bleu turquoise et sa texture grain\u00e9e !<\/p>\n<ul>\n<li>Effet &#8220;cuir&#8221;, texture grain\u00e9e, couleur bleu turquoise \/ menthe \u00e0 l&#8217;eau<\/li>\n<li>Zip et logo dor\u00e9s<\/li>\n<li>10 fentes pour cartes, 1 compartiment pour billets, 4 poches plaqu\u00e9es<\/li>\n<li>Dimensions en cm : 16L x 10H<\/li>\n<li>Chaque ann\u00e9e, plus de 9 millions de bouteilles en plastique sont recycl\u00e9es pour la fabrication des doublures de ces sacs et portefeuilles<\/li>\n<\/ul>\n<p><strong><em>Fabrication :<\/em><\/strong><\/p>\n<ul>\n<li>Dessin\u00e9 \u00e0 Montr\u00e9al, Qu\u00e9bec<\/li>\n<li>Fabriqu\u00e9 en Chine, issu du commerce \u00e9quitable<\/li>\n<\/ul>\n<p><strong><em>Composition :<\/em><\/strong><\/p>\n<ul>\n<li>100% PVB (Pare-brise recycl\u00e9), doublure 100% bouteilles en plastique recycl\u00e9es<\/li>\n<\/ul>\n<p><strong><em>Labels : <\/em><\/strong><\/p>\n<ul>\n<li>SA8000 standard<\/li>\n<li>Approuv\u00e9 par PETA<\/li>\n<\/ul>\n","protected":false},"excerpt":{"rendered":"<p>Ce portefeuille v\u00e9gane arbore une ravissante fermeture \u00e0 rabat style coquillage. Vous adorerez sa couleur bleu turquoise et sa texture grain\u00e9e ! Effet &#8220;cuir&#8221;, texture grain\u00e9e, couleur bleu turquoise \/ menthe \u00e0 l&#8217;eau Zip et logo dor\u00e9s 10 fentes pour cartes, 1 compartiment pour billets, 4 poches plaqu\u00e9es Dimensions en cm : 16L x 10H [&hellip;]<\/p>\n","protected":false},"featured_media":2456994,"comment_status":"open","ping_status":"closed","template":"","meta":[],"product_brand":[],"product_cat":[1756,1764],"product_tag":[1810],"acf":[],"_links":{"self":[{"href":"https:\/\/streetmarkets.fr\/app\/wp-json\/wp\/v2\/product\/2456993"}],"collection":[{"href":"https:\/\/streetmarkets.fr\/app\/wp-json\/wp\/v2\/product"}],"about":[{"href":"https:\/\/streetmarkets.fr\/app\/wp-json\/wp\/v2\/types\/product"}],"replies":[{"embeddable":true,"href":"https:\/\/streetmarkets.fr\/app\/wp-json\/wp\/v2\/comments?post=2456993"}],"wp:featuredmedia":[{"embeddable":true,"href":"https:\/\/streetmarkets.fr\/app\/wp-json\/wp\/v2\/media\/2456994"}],"wp:attachment":[{"href":"https:\/\/streetmarkets.fr\/app\/wp-json\/wp\/v2\/media?parent=2456993"}],"wp:term":[{"taxonomy":"product_brand","embeddable":true,"href":"https:\/\/streetmarkets.fr\/app\/wp-json\/wp\/v2\/product_brand?post=2456993"},{"taxonomy":"product_cat","embeddable":true,"href":"https:\/\/streetmarkets.fr\/app\/wp-json\/wp\/v2\/product_cat?post=2456993"},{"taxonomy":"product_tag","embeddable":true,"href":"https:\/\/streetmarkets.fr\/app\/wp-json\/wp\/v2\/product_tag?post=2456993"}],"curies":[{"name":"wp","href":"https:\/\/api.w.org\/{rel}","templated":true}]}}