{"id":2456976,"date":"2025-08-15T01:43:57","date_gmt":"2025-08-14T23:43:57","guid":{"rendered":"https:\/\/streetmarkets.fr\/app\/produit\/ilon-orange\/"},"modified":"2025-08-17T01:44:00","modified_gmt":"2025-08-16T23:44:00","slug":"ilon-orange","status":"publish","type":"product","link":"https:\/\/streetmarkets.fr\/app\/produit\/ilon-orange\/","title":{"rendered":"Ilon Orange"},"content":{"rendered":"<p>Sac \u00e0 la toile imperm\u00e9able au design moderne et fonctionnel. Tout est pens\u00e9 dans le moindre d\u00e9tail, pour y ranger vos affaires de la vie de tous les jours ; format ajustable, poches et sangles, compartiment \u00e0 ordinateur etc. Ce sac deviendra vite l&#8217;indispensable du quotidien !<\/p>\n<p>Sa toile en tissage Cordura\u00ae est serr\u00e9e et dense, le Cordura\u00ae est connu pour sa durabilit\u00e9 et r\u00e9sistance aux abrasions, d\u00e9chirures et \u00e9gratignures.<\/p>\n<ul>\n<li><span style=\"text-align:justify\">Sac \u00e0 dos orange toile d\u00e9perlante<\/span><\/li>\n<li><span style=\"text-align:justify\">Toile d\u00e9perlante, empi\u00e8cements en cuir naturel<\/span><\/li>\n<li>Compartiment \u00e0 ordinateur portable 13&#8243;<\/li>\n<li>Capacit\u00e9 de 14 \u00e0 18L, id\u00e9ale pour y ranger vos biens du quotidien<\/li>\n<li class=\"css-1vtwm38 e1oquhlz2\"><span class=\"e1oquhlz3 css-16urykl e1lsb2n0\">Compartiment principal : L 26 x H 38 x P 12 cm<\/span><\/li>\n<li class=\"css-1vtwm38 e1oquhlz2\"><span class=\"e1oquhlz3 css-16urykl e1lsb2n0\">Compartiment ordinateur portable sur l\u2019arri\u00e8re : L 34 x H 26 x P 2 cm<\/span><\/li>\n<li class=\"css-1vtwm38 e1oquhlz2\"><span class=\"e1oquhlz3 css-16urykl e1lsb2n0\">Fermeture crochet, en roulant le haut du sac<\/span><\/li>\n<li class=\"css-1vtwm38 e1oquhlz2\"><span class=\"e1oquhlz3 css-16urykl e1lsb2n0\">Une grande poche ext\u00e9rieure zipp\u00e9e, p<\/span>oche int\u00e9rieure \u00e0 filet<span class=\"e1oquhlz3 css-16urykl e1lsb2n0\"><\/span><\/li>\n<li class=\"css-1vtwm38 e1oquhlz2\"><span class=\"e1oquhlz3 css-16urykl e1lsb2n0\">Sangles de compression de chaque c\u00f4t\u00e9<\/span><\/li>\n<li class=\"css-1vtwm38 e1oquhlz2\"><span class=\"e1oquhlz3 css-16urykl e1lsb2n0\">Bretelles matelass\u00e9es, r\u00e9glables et amovibles<\/span><\/li>\n<li class=\"css-1vtwm38 e1oquhlz2\">Ce mod\u00e8le convient aussi bien aux hommes qu&#8217;aux femmes<\/li>\n<\/ul>\n<p align=\"justify\">\n<p><strong><em>Composition<\/em>:<\/strong><\/p>\n<ul>\n<li>100 % polyester recycl\u00e9<\/li>\n<li>L&#8217;utilisation de polyester recycl\u00e9s permet d\u2019\u00e9conomiser l\u2019\u00e9nergie et les ressources n\u00e9cessaires \u00e0 la fabrication de coton et polyester neuf.<\/li>\n<li><em>Doublure<\/em>\u00a0: 100% Polyester Recycl\u00e9. Garnitures fabriqu\u00e9es \u00e0 partir de sangles recycl\u00e9es.<\/li>\n<li>Le polyester recycl\u00e9\u00a0<em>Cordura\u00ae Ecomade<\/em>\u00a0est issu de mat\u00e9riaux recycl\u00e9s de d\u00e9chets post consommation. Ceci r\u00e9duit la consommation d\u2019\u00e9nergie et les d\u00e9chets, prolonge la vie de la mati\u00e8re brute, en cr\u00e9ant moins d\u2019\u00e9missions de CO<sub>2<\/sub>\u00a0que le polyester vierge.<\/li>\n<\/ul>\n<p><em><strong>Fabrication<\/strong><\/em>:<\/p>\n<ul>\n<li>Fabriqu\u00e9\u00a0\u00e0 Binh Duong dans le sud du Vietnam par ASG, qui participe au programme \u00ab Better Work \u00bb de l\u2019OIT (Organisation Internationale du Travail) ; issu du commerce \u00e9quitable<\/li>\n<\/ul>\n<p><em><strong>Label(s)<\/strong><\/em>:\u00a0<\/p>\n<ul>\n<li style=\"text-align:left\"><b>Fair Wear Foundation<\/b><\/li>\n<\/ul>\n<p><span style=\"font-family:NudieJeansHeadline, sans-serif;font-size:13.44px;padding:5px 0px;color:#202020;text-transform:capitalize;background-color:#fbfbf8\">\u00a0<\/span><\/p>\n<p><strong><em>Entretien<\/em><\/strong>: Ne pas laver en machine ; pr\u00e9f\u00e9rez nettoyer les t\u00e2ches \u00e0 l\u2019aide d\u2019un torchon humide<\/p>\n","protected":false},"excerpt":{"rendered":"<p>Sac \u00e0 la toile imperm\u00e9able au design moderne et fonctionnel. Tout est pens\u00e9 dans le moindre d\u00e9tail, pour y ranger vos affaires de la vie de tous les jours ; format ajustable, poches et sangles, compartiment \u00e0 ordinateur etc. Ce sac deviendra vite l&#8217;indispensable du quotidien ! Sa toile en tissage Cordura\u00ae est serr\u00e9e et [&hellip;]<\/p>\n","protected":false},"featured_media":2456977,"comment_status":"open","ping_status":"closed","template":"","meta":[],"product_brand":[],"product_cat":[1756,1764],"product_tag":[1810],"acf":[],"_links":{"self":[{"href":"https:\/\/streetmarkets.fr\/app\/wp-json\/wp\/v2\/product\/2456976"}],"collection":[{"href":"https:\/\/streetmarkets.fr\/app\/wp-json\/wp\/v2\/product"}],"about":[{"href":"https:\/\/streetmarkets.fr\/app\/wp-json\/wp\/v2\/types\/product"}],"replies":[{"embeddable":true,"href":"https:\/\/streetmarkets.fr\/app\/wp-json\/wp\/v2\/comments?post=2456976"}],"wp:featuredmedia":[{"embeddable":true,"href":"https:\/\/streetmarkets.fr\/app\/wp-json\/wp\/v2\/media\/2456977"}],"wp:attachment":[{"href":"https:\/\/streetmarkets.fr\/app\/wp-json\/wp\/v2\/media?parent=2456976"}],"wp:term":[{"taxonomy":"product_brand","embeddable":true,"href":"https:\/\/streetmarkets.fr\/app\/wp-json\/wp\/v2\/product_brand?post=2456976"},{"taxonomy":"product_cat","embeddable":true,"href":"https:\/\/streetmarkets.fr\/app\/wp-json\/wp\/v2\/product_cat?post=2456976"},{"taxonomy":"product_tag","embeddable":true,"href":"https:\/\/streetmarkets.fr\/app\/wp-json\/wp\/v2\/product_tag?post=2456976"}],"curies":[{"name":"wp","href":"https:\/\/api.w.org\/{rel}","templated":true}]}}