{"id":2440433,"date":"2025-08-11T07:37:21","date_gmt":"2025-08-11T05:37:21","guid":{"rendered":"https:\/\/streetmarkets.fr\/app\/produit\/echarpe-cachemire-femme-madluv-sacha\/"},"modified":"2026-05-01T07:37:11","modified_gmt":"2026-05-01T05:37:11","slug":"echarpe-cachemire-femme-madluv-sacha","status":"publish","type":"product","link":"https:\/\/streetmarkets.fr\/app\/produit\/echarpe-cachemire-femme-madluv-sacha\/","title":{"rendered":"Echarpe cachemire femme &#8211; MADLUV &#8211; Sacha"},"content":{"rendered":"<p>SACHA :Une \u00e9charpe en cachemire au tricotage point jersey, loose et l\u00e9g\u00e8re. L&#8217;\u00e9charpe se termine par des bords aux finitions simples. D&#8217;une douceur remarquable, une pi\u00e8ce essentielle dont vous ne saurez vous passer pour finir vos looks \u00e0 la perfection !100% cachemire &#8211; Dimensions :\u00a01M79 x 56 cmColoris : Noir &#8211; Existe aussi en Bleu Canard ou Bleu Navy.<\/p>\n","protected":false},"excerpt":{"rendered":"<p>SACHA :Une \u00e9charpe en cachemire au tricotage point jersey, loose et l\u00e9g\u00e8re. L&#8217;\u00e9charpe se termine par des bords aux finitions simples. D&#8217;une douceur remarquable, une pi\u00e8ce essentielle dont vous ne saurez vous passer pour finir vos looks \u00e0 la perfection !100% cachemire &#8211; Dimensions :\u00a01M79 x 56 cmColoris : Noir &#8211; Existe aussi en Bleu [&hellip;]<\/p>\n","protected":false},"featured_media":2440434,"comment_status":"open","ping_status":"closed","template":"","meta":[],"product_brand":[],"product_cat":[1756,1764],"product_tag":[2244],"acf":[],"_links":{"self":[{"href":"https:\/\/streetmarkets.fr\/app\/wp-json\/wp\/v2\/product\/2440433"}],"collection":[{"href":"https:\/\/streetmarkets.fr\/app\/wp-json\/wp\/v2\/product"}],"about":[{"href":"https:\/\/streetmarkets.fr\/app\/wp-json\/wp\/v2\/types\/product"}],"replies":[{"embeddable":true,"href":"https:\/\/streetmarkets.fr\/app\/wp-json\/wp\/v2\/comments?post=2440433"}],"wp:featuredmedia":[{"embeddable":true,"href":"https:\/\/streetmarkets.fr\/app\/wp-json\/wp\/v2\/media\/2440434"}],"wp:attachment":[{"href":"https:\/\/streetmarkets.fr\/app\/wp-json\/wp\/v2\/media?parent=2440433"}],"wp:term":[{"taxonomy":"product_brand","embeddable":true,"href":"https:\/\/streetmarkets.fr\/app\/wp-json\/wp\/v2\/product_brand?post=2440433"},{"taxonomy":"product_cat","embeddable":true,"href":"https:\/\/streetmarkets.fr\/app\/wp-json\/wp\/v2\/product_cat?post=2440433"},{"taxonomy":"product_tag","embeddable":true,"href":"https:\/\/streetmarkets.fr\/app\/wp-json\/wp\/v2\/product_tag?post=2440433"}],"curies":[{"name":"wp","href":"https:\/\/api.w.org\/{rel}","templated":true}]}}