{"id":2440426,"date":"2025-08-11T07:36:56","date_gmt":"2025-08-11T05:36:56","guid":{"rendered":"https:\/\/streetmarkets.fr\/app\/produit\/bam-pull-cachemire-femme-madluv-2\/"},"modified":"2026-05-06T07:37:38","modified_gmt":"2026-05-06T05:37:38","slug":"bam-pull-cachemire-femme-madluv-2","status":"publish","type":"product","link":"https:\/\/streetmarkets.fr\/app\/produit\/bam-pull-cachemire-femme-madluv-2\/","title":{"rendered":"BAM &#8211; Pull 100% Cachemire &#8211; Madluv"},"content":{"rendered":"<p>BAM: Pull col rond, manches longues, coupe oversize pour une taille unique, fendu sur les c\u00f4t\u00e9s. Motif BAM r\u00e9alis\u00e9 en intarsia.100% cachemire &#8211; Taille Unique &#8211; Coloris : Noir &#8211; Existe aussi en Gris, en Blanc, en Beige, ou en Bleu.La livraison est offerte pour la France M\u00e9tropolitaine !<\/p>\n","protected":false},"excerpt":{"rendered":"<p>BAM: Pull col rond, manches longues, coupe oversize pour une taille unique, fendu sur les c\u00f4t\u00e9s. Motif BAM r\u00e9alis\u00e9 en intarsia.100% cachemire &#8211; Taille Unique &#8211; Coloris : Noir &#8211; Existe aussi en Gris, en Blanc, en Beige, ou en Bleu.La livraison est offerte pour la France M\u00e9tropolitaine !<\/p>\n","protected":false},"featured_media":2440427,"comment_status":"open","ping_status":"closed","template":"","meta":[],"product_brand":[],"product_cat":[1756,1762],"product_tag":[2244],"acf":[],"_links":{"self":[{"href":"https:\/\/streetmarkets.fr\/app\/wp-json\/wp\/v2\/product\/2440426"}],"collection":[{"href":"https:\/\/streetmarkets.fr\/app\/wp-json\/wp\/v2\/product"}],"about":[{"href":"https:\/\/streetmarkets.fr\/app\/wp-json\/wp\/v2\/types\/product"}],"replies":[{"embeddable":true,"href":"https:\/\/streetmarkets.fr\/app\/wp-json\/wp\/v2\/comments?post=2440426"}],"wp:featuredmedia":[{"embeddable":true,"href":"https:\/\/streetmarkets.fr\/app\/wp-json\/wp\/v2\/media\/2440427"}],"wp:attachment":[{"href":"https:\/\/streetmarkets.fr\/app\/wp-json\/wp\/v2\/media?parent=2440426"}],"wp:term":[{"taxonomy":"product_brand","embeddable":true,"href":"https:\/\/streetmarkets.fr\/app\/wp-json\/wp\/v2\/product_brand?post=2440426"},{"taxonomy":"product_cat","embeddable":true,"href":"https:\/\/streetmarkets.fr\/app\/wp-json\/wp\/v2\/product_cat?post=2440426"},{"taxonomy":"product_tag","embeddable":true,"href":"https:\/\/streetmarkets.fr\/app\/wp-json\/wp\/v2\/product_tag?post=2440426"}],"curies":[{"name":"wp","href":"https:\/\/api.w.org\/{rel}","templated":true}]}}